{"id":60430,"date":"2024-02-15T07:17:14","date_gmt":"2024-02-15T07:17:14","guid":{"rendered":"https:\/\/staging.nbg.eu\/product\/geissele-super-42-rifle-length-spring\/"},"modified":"2024-09-13T16:16:44","modified_gmt":"2024-09-13T16:16:44","slug":"geissele-super-42-molla-tul-il-fusil","status":"publish","type":"product","link":"https:\/\/staging.nbg.eu\/mt\/product\/geissele-super-42-molla-tul-il-fusil\/","title":{"rendered":"Geissele Super 42 Molla Tul il-Fusil"},"content":{"rendered":"<p>\nIs-Super 42 Rifle Length Spring ta&#8217; Geissele jtejjeb il-prestazzjoni tal-M-16\/AR-15 tieg\u0127ek. Id-disinn tieg\u0127u bi tliet wajers ja\u0121ixxi b\u0127ala damper armoniku, jassorbi l-ener\u0121ija u jnaqqas il-\u0127sara tal-molla. Huwa joffri affidabilit\u00e0 a\u0127jar, inaqqas il-\u0127oss &#8220;twang&#8221;, u huwa kompatibbli ma&#8217; buffers u tubi standard ta&#8217; tul ta&#8217; rifle. Dan il-prodott huwa adattat g\u0127all-u\u017cu mar-rifle tieg\u0127ek.<\/p>\n","protected":false},"excerpt":{"rendered":"<p>Tejjeb il-prestazzjoni tal-AR-15 permezz tal-molla innovattiva bi tliet \u0127jut ta&#8217; Geissele.<\/p>\n","protected":false},"featured_media":60431,"template":"","meta":{"_acf_changed":false},"product_brand":[11394],"product_cat":[642,643,2090],"product_tag":[],"class_list":{"0":"post-60430","1":"product","2":"type-product","3":"status-publish","4":"has-post-thumbnail","6":"product_brand-geissele","7":"product_cat-rifle-mt","8":"product_cat-rifle-parts-mt","9":"product_cat-springs-mt","11":"first","12":"instock","13":"taxable","14":"shipping-taxable","15":"product-type-simple"},"acf":[],"_links":{"self":[{"href":"https:\/\/staging.nbg.eu\/mt\/wp-json\/wp\/v2\/product\/60430","targetHints":{"allow":["GET"]}}],"collection":[{"href":"https:\/\/staging.nbg.eu\/mt\/wp-json\/wp\/v2\/product"}],"about":[{"href":"https:\/\/staging.nbg.eu\/mt\/wp-json\/wp\/v2\/types\/product"}],"wp:featuredmedia":[{"embeddable":true,"href":"https:\/\/staging.nbg.eu\/mt\/wp-json\/wp\/v2\/media\/60431"}],"wp:attachment":[{"href":"https:\/\/staging.nbg.eu\/mt\/wp-json\/wp\/v2\/media?parent=60430"}],"wp:term":[{"taxonomy":"product_brand","embeddable":true,"href":"https:\/\/staging.nbg.eu\/mt\/wp-json\/wp\/v2\/product_brand?post=60430"},{"taxonomy":"product_cat","embeddable":true,"href":"https:\/\/staging.nbg.eu\/mt\/wp-json\/wp\/v2\/product_cat?post=60430"},{"taxonomy":"product_tag","embeddable":true,"href":"https:\/\/staging.nbg.eu\/mt\/wp-json\/wp\/v2\/product_tag?post=60430"}],"curies":[{"name":"wp","href":"https:\/\/api.w.org\/{rel}","templated":true}]}}