{"id":60285,"date":"2024-02-15T07:27:09","date_gmt":"2024-09-13T16:11:02","guid":{"rendered":"https:\/\/staging.nbg.eu\/product\/geissele-super-charging-handle-sch-5-56\/"},"modified":"2024-09-13T16:11:58","modified_gmt":"2024-09-13T16:11:58","slug":"geissele-super-charging-handle-sch-556","status":"publish","type":"product","link":"https:\/\/staging.nbg.eu\/mt\/product\/geissele-super-charging-handle-sch-556\/","title":{"rendered":"Geissele Super Charging Handle (SCH) 5.56"},"content":{"rendered":"<div class=\"product-description\">\n<h2>Geissele Super Charging Handle (SCH\u00ae) 5.56<\/h2>\n<p>Mag\u0127mul minn aluminju 7075-T6, dan il-charging handle ambidestru g\u0127andu:<\/p>\n<ul>\n<li>Lievi b&#8217;kontorn doppju b&#8217;qabda \u010bekkjata<\/li>\n<li>Mitigazzjoni tal-gass imtejba g\u0127al sistemi suppressati<\/li>\n<li>Finitura anodizzata tat-Tip 3 Hardcoat<\/li>\n<li>Disponibbli f&#8217;iswed u DDC<\/li>\n<\/ul>\n<p>Itejjeb il-prestazzjoni tal-AR-15 tieg\u0127ek b&#8217;ergonomija u durabilit\u00e0.<\/p>\n<\/div>\n","protected":false},"excerpt":{"rendered":"<p>Manku tal-i\u010b\u010bar\u0121jar tal-aluminju 7075-T6 ambidestru. Disinn li jnaqqas il-\u0127ru\u0121 tal-gass.<\/p>\n","protected":false},"featured_media":60286,"template":"","meta":{"_acf_changed":false},"product_brand":[11394],"product_cat":[2069,642,643],"product_tag":[],"class_list":{"0":"post-60285","1":"product","2":"type-product","3":"status-publish","4":"has-post-thumbnail","6":"product_brand-geissele","7":"product_cat-charging-handles-mt","8":"product_cat-rifle-mt","9":"product_cat-rifle-parts-mt","11":"first","12":"instock","13":"taxable","14":"shipping-taxable","15":"product-type-variable","16":"wvs-archive-product-wrapper"},"acf":[],"_links":{"self":[{"href":"https:\/\/staging.nbg.eu\/mt\/wp-json\/wp\/v2\/product\/60285","targetHints":{"allow":["GET"]}}],"collection":[{"href":"https:\/\/staging.nbg.eu\/mt\/wp-json\/wp\/v2\/product"}],"about":[{"href":"https:\/\/staging.nbg.eu\/mt\/wp-json\/wp\/v2\/types\/product"}],"wp:featuredmedia":[{"embeddable":true,"href":"https:\/\/staging.nbg.eu\/mt\/wp-json\/wp\/v2\/media\/60286"}],"wp:attachment":[{"href":"https:\/\/staging.nbg.eu\/mt\/wp-json\/wp\/v2\/media?parent=60285"}],"wp:term":[{"taxonomy":"product_brand","embeddable":true,"href":"https:\/\/staging.nbg.eu\/mt\/wp-json\/wp\/v2\/product_brand?post=60285"},{"taxonomy":"product_cat","embeddable":true,"href":"https:\/\/staging.nbg.eu\/mt\/wp-json\/wp\/v2\/product_cat?post=60285"},{"taxonomy":"product_tag","embeddable":true,"href":"https:\/\/staging.nbg.eu\/mt\/wp-json\/wp\/v2\/product_tag?post=60285"}],"curies":[{"name":"wp","href":"https:\/\/api.w.org\/{rel}","templated":true}]}}