{"id":60059,"date":"2024-02-15T07:54:43","date_gmt":"2024-09-13T16:09:23","guid":{"rendered":"https:\/\/staging.nbg.eu\/product\/geissele-super-charging-handle-sch-7-62\/"},"modified":"2024-09-13T16:10:18","modified_gmt":"2024-09-13T16:10:18","slug":"geissele-super-charging-handle-sch-762","status":"publish","type":"product","link":"https:\/\/staging.nbg.eu\/mt\/product\/geissele-super-charging-handle-sch-762\/","title":{"rendered":"Geissele Super Charging Handle (SCH) 7.62"},"content":{"rendered":"<div class=\"product-description\">\n<h2>Geissele Super Charging Handle (SCH\u00ae) 7.62<\/h2>\n<p>L-SCH\u00ae 7.62 huwa charging handle ambidestru mag\u0127mul minn aluminju 7075-T6. G\u0127andu levers bil-kontorn doppju b&#8217;u\u010bu\u0127 \u010bekkjati, li jippermetti operazzjoni anke bil-ingwanti. Il-parti ta&#8217; wara g\u0127olja tnaqqas il-gas blowback, tajjeb g\u0127al sistemi b&#8217;kanen qosra u soppressi. Anodizzat Type 3 Hardcoat, disponibbli fl-Iswed u DDC.<\/p>\n<p>Kompatibbli ma&#8217; \u0127afna armi tat-tip SR25, DPMS\/LR308, u AR10. Ivverifika l-kompatibbilt\u00e0 mal-manifattur tal-arma tieg\u0127ek qabel l-installazzjoni.<\/p>\n<p><strong>Mhux kompatibbli ma&#8217;:<\/strong> HK 762, Colt 901, DPMS GII, Adams Arms .308 Patrol Rifle, Daniel Defense DD5, Sig 716, BPM Long Range Marksman .308, Smith &amp; Wesson MP-10, Bushmaster BAR-10, Rock River Arms LAR-8.<\/p>\n<\/div>\n","protected":false},"excerpt":{"rendered":"<p>Manku tal-i\u010b\u010bar\u0121jar ambidestru tal-aluminju 7075-T6 g\u0127al xkubetti ta&#8217; 7.62.<\/p>\n","protected":false},"featured_media":60060,"template":"","meta":{"_acf_changed":false},"product_brand":[11394],"product_cat":[2069,642,643],"product_tag":[],"class_list":{"0":"post-60059","1":"product","2":"type-product","3":"status-publish","4":"has-post-thumbnail","6":"product_brand-geissele","7":"product_cat-charging-handles-mt","8":"product_cat-rifle-mt","9":"product_cat-rifle-parts-mt","11":"first","12":"instock","13":"taxable","14":"shipping-taxable","15":"product-type-variable","16":"wvs-archive-product-wrapper"},"acf":[],"_links":{"self":[{"href":"https:\/\/staging.nbg.eu\/mt\/wp-json\/wp\/v2\/product\/60059","targetHints":{"allow":["GET"]}}],"collection":[{"href":"https:\/\/staging.nbg.eu\/mt\/wp-json\/wp\/v2\/product"}],"about":[{"href":"https:\/\/staging.nbg.eu\/mt\/wp-json\/wp\/v2\/types\/product"}],"wp:featuredmedia":[{"embeddable":true,"href":"https:\/\/staging.nbg.eu\/mt\/wp-json\/wp\/v2\/media\/60060"}],"wp:attachment":[{"href":"https:\/\/staging.nbg.eu\/mt\/wp-json\/wp\/v2\/media?parent=60059"}],"wp:term":[{"taxonomy":"product_brand","embeddable":true,"href":"https:\/\/staging.nbg.eu\/mt\/wp-json\/wp\/v2\/product_brand?post=60059"},{"taxonomy":"product_cat","embeddable":true,"href":"https:\/\/staging.nbg.eu\/mt\/wp-json\/wp\/v2\/product_cat?post=60059"},{"taxonomy":"product_tag","embeddable":true,"href":"https:\/\/staging.nbg.eu\/mt\/wp-json\/wp\/v2\/product_tag?post=60059"}],"curies":[{"name":"wp","href":"https:\/\/api.w.org\/{rel}","templated":true}]}}