{"id":59887,"date":"2024-02-15T10:31:20","date_gmt":"2024-09-13T16:05:42","guid":{"rendered":"https:\/\/staging.nbg.eu\/product\/geissele-super-configurable-safety-selector-black\/"},"modified":"2024-09-13T16:06:33","modified_gmt":"2024-09-13T16:06:33","slug":"geissele-super-configurable-safety-selector-iswed","status":"publish","type":"product","link":"https:\/\/staging.nbg.eu\/mt\/product\/geissele-super-configurable-safety-selector-iswed\/","title":{"rendered":"Geissele Super Configurable Safety Selector &#8211; Iswed"},"content":{"rendered":"<div class=\"product-description\">\n<h2>Geissele Seletttur tas-Sigurt\u00e0 Konfigurabbli &#8211; Iswed<\/h2>\n<p>Seletttur tas-sigurt\u00e0 ambidestru g\u0127all-karabin. G\u0127andu lievi li jistg\u0127u jinbidlu. Disinn b&#8217;plunger u molla biex ma jintilifx waqt it-tindif. Il-bettija tal-azzar inossidabbli tifla\u0127 g\u0127as-sadid. G\u0127at-titjib tas-sigurt\u00e0 u l-u\u017cu tal-arma tan-nar.<\/p>\n<\/div>\n","protected":false},"excerpt":{"rendered":"<p>Seletturbidestru, seletturtassigurezza konfigurabblighall-AR-15. Azzarresiztenti.<\/p>\n","protected":false},"featured_media":59888,"template":"","meta":{"_acf_changed":false},"product_brand":[11394],"product_cat":[642,643],"product_tag":[],"class_list":{"0":"post-59887","1":"product","2":"type-product","3":"status-publish","4":"has-post-thumbnail","6":"product_brand-geissele","7":"product_cat-rifle-mt","8":"product_cat-rifle-parts-mt","10":"first","11":"instock","12":"taxable","13":"shipping-taxable","14":"product-type-simple"},"acf":[],"_links":{"self":[{"href":"https:\/\/staging.nbg.eu\/mt\/wp-json\/wp\/v2\/product\/59887","targetHints":{"allow":["GET"]}}],"collection":[{"href":"https:\/\/staging.nbg.eu\/mt\/wp-json\/wp\/v2\/product"}],"about":[{"href":"https:\/\/staging.nbg.eu\/mt\/wp-json\/wp\/v2\/types\/product"}],"wp:featuredmedia":[{"embeddable":true,"href":"https:\/\/staging.nbg.eu\/mt\/wp-json\/wp\/v2\/media\/59888"}],"wp:attachment":[{"href":"https:\/\/staging.nbg.eu\/mt\/wp-json\/wp\/v2\/media?parent=59887"}],"wp:term":[{"taxonomy":"product_brand","embeddable":true,"href":"https:\/\/staging.nbg.eu\/mt\/wp-json\/wp\/v2\/product_brand?post=59887"},{"taxonomy":"product_cat","embeddable":true,"href":"https:\/\/staging.nbg.eu\/mt\/wp-json\/wp\/v2\/product_cat?post=59887"},{"taxonomy":"product_tag","embeddable":true,"href":"https:\/\/staging.nbg.eu\/mt\/wp-json\/wp\/v2\/product_tag?post=59887"}],"curies":[{"name":"wp","href":"https:\/\/api.w.org\/{rel}","templated":true}]}}