{"id":59749,"date":"2024-02-15T10:48:43","date_gmt":"2024-09-13T16:02:04","guid":{"rendered":"https:\/\/staging.nbg.eu\/product\/geissele-maritime-bolt-catch\/"},"modified":"2024-09-13T16:02:56","modified_gmt":"2024-09-13T16:02:56","slug":"geissele-maritime-bolt-catch","status":"publish","type":"product","link":"https:\/\/staging.nbg.eu\/mt\/product\/geissele-maritime-bolt-catch\/","title":{"rendered":"Geissele Maritime Bolt Catch"},"content":{"rendered":"<p>\nIl-Geissele Maritime Bolt Catch itejjeb il-funzjonalit\u00e0 tal-AR-15 tieg\u0127ek:<\/p>\n<ul>\n<li>Kompatibbli ma&#8217; ri\u010bevituri t&#8217;isfel M16\/M4 mil-spec<\/li>\n<li>\u017bona tal-wi\u010b\u010b akbar g\u0127al operazzjoni aktar fa\u010bli<\/li>\n<li>Kontrolli esti\u017ci g\u0127al sparaturi xellugin<\/li>\n<li>Checkering g\u0127al qabda soda<\/li>\n<li>Adattat g\u0127all-u\u017cu b&#8217;ingwanti jew f&#8217;kundizzjonijiet ta&#8217; dawl baxx<\/li>\n<\/ul>\n<p>A\u0121\u0121orna r-rifle tieg\u0127ek b&#8217;dan il-bolt catch g\u0127al sparaturi u entu\u017cjasti.<\/p>\n","protected":false},"excerpt":{"rendered":"<p>Kontrollur tal-bulun imtejjeb b&#8217;wi\u010b\u010b akbar g\u0127al operazzjoni aktar fa\u010bli.<\/p>\n","protected":false},"featured_media":59750,"template":"","meta":{"_acf_changed":false},"product_brand":[11394],"product_cat":[642,643],"product_tag":[],"class_list":{"0":"post-59749","1":"product","2":"type-product","3":"status-publish","4":"has-post-thumbnail","6":"product_brand-geissele","7":"product_cat-rifle-mt","8":"product_cat-rifle-parts-mt","10":"first","11":"instock","12":"taxable","13":"shipping-taxable","14":"product-type-simple"},"acf":[],"_links":{"self":[{"href":"https:\/\/staging.nbg.eu\/mt\/wp-json\/wp\/v2\/product\/59749","targetHints":{"allow":["GET"]}}],"collection":[{"href":"https:\/\/staging.nbg.eu\/mt\/wp-json\/wp\/v2\/product"}],"about":[{"href":"https:\/\/staging.nbg.eu\/mt\/wp-json\/wp\/v2\/types\/product"}],"wp:featuredmedia":[{"embeddable":true,"href":"https:\/\/staging.nbg.eu\/mt\/wp-json\/wp\/v2\/media\/59750"}],"wp:attachment":[{"href":"https:\/\/staging.nbg.eu\/mt\/wp-json\/wp\/v2\/media?parent=59749"}],"wp:term":[{"taxonomy":"product_brand","embeddable":true,"href":"https:\/\/staging.nbg.eu\/mt\/wp-json\/wp\/v2\/product_brand?post=59749"},{"taxonomy":"product_cat","embeddable":true,"href":"https:\/\/staging.nbg.eu\/mt\/wp-json\/wp\/v2\/product_cat?post=59749"},{"taxonomy":"product_tag","embeddable":true,"href":"https:\/\/staging.nbg.eu\/mt\/wp-json\/wp\/v2\/product_tag?post=59749"}],"curies":[{"name":"wp","href":"https:\/\/api.w.org\/{rel}","templated":true}]}}