{"id":59558,"date":"2024-02-15T11:08:39","date_gmt":"2024-09-13T15:58:19","guid":{"rendered":"https:\/\/staging.nbg.eu\/product\/geissele-picatinny-rail-for-m-lok-7-slots\/"},"modified":"2024-09-13T15:59:17","modified_gmt":"2024-09-13T15:59:17","slug":"geissele-rank-picatinny-gal-m-lok-7-slots","status":"publish","type":"product","link":"https:\/\/staging.nbg.eu\/mt\/product\/geissele-rank-picatinny-gal-m-lok-7-slots\/","title":{"rendered":"Geissele Rank Picatinny g\u0127al M-LOK, 7 Slots"},"content":{"rendered":"<div class=\"product-description\">\n<h2>Geissele Picatinny Rail g\u0127al M-LOK, 7 Slots<\/h2>\n<p>\u017bid mal-funzjonalit\u00e0 tal-AR-15 tieg\u0127ek bil-Picatinny Accessory Rail ta&#8217; Geissele. Din ir-rail b&#8217;7 slots hija mag\u0127mula minn aluminju 7075-T6 b&#8217;finitura anodizzata. Tipprovdi qbid sigur g\u0127al diversi a\u010b\u010bessorji. Imfassla skont spe\u010bifikazzjonijiet pre\u010bi\u017ci, ti\u017cgura li taqbel sew u tipprovdi pjattaforma stabbli g\u0127all-handguard M-LOK tieg\u0127ek.<\/p>\n<\/div>\n","protected":false},"excerpt":{"rendered":"<p>\u017bbarra ta&#8217; Picatinny ta&#8217; 7 slots bi pre\u010bi\u017cjoni g\u0127al M-LOK. Munta\u0121\u0121 sigur g\u0127all-a\u010b\u010bessorji tal-AR-15.<\/p>\n","protected":false},"featured_media":59559,"template":"","meta":{"_acf_changed":false},"product_brand":[11394],"product_cat":[730,642],"product_tag":[],"class_list":{"0":"post-59558","1":"product","2":"type-product","3":"status-publish","4":"has-post-thumbnail","6":"product_brand-geissele","7":"product_cat-rails-mt","8":"product_cat-rifle-mt","10":"first","11":"instock","12":"taxable","13":"shipping-taxable","14":"product-type-variable","15":"wvs-archive-product-wrapper"},"acf":[],"_links":{"self":[{"href":"https:\/\/staging.nbg.eu\/mt\/wp-json\/wp\/v2\/product\/59558","targetHints":{"allow":["GET"]}}],"collection":[{"href":"https:\/\/staging.nbg.eu\/mt\/wp-json\/wp\/v2\/product"}],"about":[{"href":"https:\/\/staging.nbg.eu\/mt\/wp-json\/wp\/v2\/types\/product"}],"wp:featuredmedia":[{"embeddable":true,"href":"https:\/\/staging.nbg.eu\/mt\/wp-json\/wp\/v2\/media\/59559"}],"wp:attachment":[{"href":"https:\/\/staging.nbg.eu\/mt\/wp-json\/wp\/v2\/media?parent=59558"}],"wp:term":[{"taxonomy":"product_brand","embeddable":true,"href":"https:\/\/staging.nbg.eu\/mt\/wp-json\/wp\/v2\/product_brand?post=59558"},{"taxonomy":"product_cat","embeddable":true,"href":"https:\/\/staging.nbg.eu\/mt\/wp-json\/wp\/v2\/product_cat?post=59558"},{"taxonomy":"product_tag","embeddable":true,"href":"https:\/\/staging.nbg.eu\/mt\/wp-json\/wp\/v2\/product_tag?post=59558"}],"curies":[{"name":"wp","href":"https:\/\/api.w.org\/{rel}","templated":true}]}}