{"id":59197,"date":"2024-02-15T11:15:35","date_gmt":"2024-09-13T15:20:27","guid":{"rendered":"https:\/\/staging.nbg.eu\/product\/geissele-rail-panels-black-ddc\/"},"modified":"2024-09-13T15:21:24","modified_gmt":"2024-09-13T15:21:24","slug":"geissele-pannelli-gar-rank-iswedddc","status":"publish","type":"product","link":"https:\/\/staging.nbg.eu\/mt\/product\/geissele-pannelli-gar-rank-iswedddc\/","title":{"rendered":"Geissele Pannelli g\u0127ar-Rank (Iswed\/DDC)"},"content":{"rendered":"<div class=\"product-description\">\n<h2>Pannelli tar-Rail M-Lok Geissele (Iswed\/DDC)<\/h2>\n<p>Pannelli tar-rail M-Lok Geissele g\u0127ar-rail URGI. Karatteristi\u010bi:<\/p>\n<ul>\n<li>Tessut g\u0127al qabda a\u0127jar<\/li>\n<li>Mag\u0127mul minn polimer ta&#8217; grad ta&#8217; difi\u017ca<\/li>\n<li>Durabbli g\u0127al u\u017cu qawwi<\/li>\n<li>Jipprote\u0121i mis-s\u0127ana<\/li>\n<li>Disponibbli fl-Iswed u DDC<\/li>\n<\/ul>\n<p>Dawn il-pannelli tar-rail itejbu l-immanipular tal-karbina u jipprote\u0121u l-idejn.<\/p>\n<\/div>\n","protected":false},"excerpt":{"rendered":"<p>Pjan\u010bi tal-linji M-LOK re\u017cistenti u ttesturati g\u0127al qabda mtejba u protezzjoni mis-s\u0127ana.<\/p>\n","protected":false},"featured_media":59198,"template":"","meta":{"_acf_changed":false},"product_brand":[11394],"product_cat":[730,642],"product_tag":[],"class_list":{"0":"post-59197","1":"product","2":"type-product","3":"status-publish","4":"has-post-thumbnail","6":"product_brand-geissele","7":"product_cat-rails-mt","8":"product_cat-rifle-mt","10":"first","11":"instock","12":"taxable","13":"shipping-taxable","14":"product-type-variable","15":"wvs-archive-product-wrapper"},"acf":[],"_links":{"self":[{"href":"https:\/\/staging.nbg.eu\/mt\/wp-json\/wp\/v2\/product\/59197","targetHints":{"allow":["GET"]}}],"collection":[{"href":"https:\/\/staging.nbg.eu\/mt\/wp-json\/wp\/v2\/product"}],"about":[{"href":"https:\/\/staging.nbg.eu\/mt\/wp-json\/wp\/v2\/types\/product"}],"wp:featuredmedia":[{"embeddable":true,"href":"https:\/\/staging.nbg.eu\/mt\/wp-json\/wp\/v2\/media\/59198"}],"wp:attachment":[{"href":"https:\/\/staging.nbg.eu\/mt\/wp-json\/wp\/v2\/media?parent=59197"}],"wp:term":[{"taxonomy":"product_brand","embeddable":true,"href":"https:\/\/staging.nbg.eu\/mt\/wp-json\/wp\/v2\/product_brand?post=59197"},{"taxonomy":"product_cat","embeddable":true,"href":"https:\/\/staging.nbg.eu\/mt\/wp-json\/wp\/v2\/product_cat?post=59197"},{"taxonomy":"product_tag","embeddable":true,"href":"https:\/\/staging.nbg.eu\/mt\/wp-json\/wp\/v2\/product_tag?post=59197"}],"curies":[{"name":"wp","href":"https:\/\/api.w.org\/{rel}","templated":true}]}}