{"id":58858,"date":"2024-02-15T19:41:39","date_gmt":"2024-09-13T15:17:34","guid":{"rendered":"https:\/\/staging.nbg.eu\/product\/geissele-super-gas-block-black\/"},"modified":"2024-09-13T15:18:26","modified_gmt":"2024-09-13T15:18:26","slug":"geissele-super-gas-block-iswed","status":"publish","type":"product","link":"https:\/\/staging.nbg.eu\/mt\/product\/geissele-super-gas-block-iswed\/","title":{"rendered":"Geissele Super Gas Block &#8211; Iswed"},"content":{"rendered":"<div class=\"product-description\">\n<h2>Geissele Super Gas Block &#8211; Iswed<\/h2>\n<p>Il-Geissele Super Gas Block huwa komponent b&#8217;profil baxx, iddisinjat biex joqg\u0127od ta\u0127t il-bi\u010b\u010ba l-kbira tal-handguards li ji\u017c\u017cer\u017cqu liberament. Mag\u0127mul minn azzar inossidabbli 17-4 li jibbies bil-pre\u010bipitazzjoni, dan il-gas block joffri re\u017cistenza g\u0127all-korru\u017cjoni u durabilit\u00e0.<\/p>\n<ul>\n<li>Jifla\u0127 eluf ta&#8217; tiri<\/li>\n<li>Jinkludi vit standard u metodi ta&#8217; installazzjoni &#8220;Bombproof&#8221;<\/li>\n<li>Pin tal-kojl jsakkar il-gas block f&#8217;postu g\u0127all-istabilit\u00e0<\/li>\n<li>Pin tal-azzar inossidabbli ji\u017cgura allinjament ma&#8217; barrels Geissele CHF<\/li>\n<\/ul>\n<p>Il-Geissele Super Gas Block huwa ddisinjat biex ja\u0127dem f&#8217;kull kundizzjoni operattiva.<\/p>\n<\/div>\n","protected":false},"excerpt":{"rendered":"<p>Blokka tal-gass tal-azzar inossidabbli b&#8217;profil baxx u re\u017cistenti g\u0127all-xkiel g\u0127al xkubetti AR-15.<\/p>\n","protected":false},"featured_media":58859,"template":"","meta":{"_acf_changed":false},"product_brand":[11394],"product_cat":[642,643],"product_tag":[],"class_list":{"0":"post-58858","1":"product","2":"type-product","3":"status-publish","4":"has-post-thumbnail","6":"product_brand-geissele","7":"product_cat-rifle-mt","8":"product_cat-rifle-parts-mt","10":"first","11":"instock","12":"taxable","13":"shipping-taxable","14":"product-type-simple"},"acf":[],"_links":{"self":[{"href":"https:\/\/staging.nbg.eu\/mt\/wp-json\/wp\/v2\/product\/58858","targetHints":{"allow":["GET"]}}],"collection":[{"href":"https:\/\/staging.nbg.eu\/mt\/wp-json\/wp\/v2\/product"}],"about":[{"href":"https:\/\/staging.nbg.eu\/mt\/wp-json\/wp\/v2\/types\/product"}],"wp:featuredmedia":[{"embeddable":true,"href":"https:\/\/staging.nbg.eu\/mt\/wp-json\/wp\/v2\/media\/58859"}],"wp:attachment":[{"href":"https:\/\/staging.nbg.eu\/mt\/wp-json\/wp\/v2\/media?parent=58858"}],"wp:term":[{"taxonomy":"product_brand","embeddable":true,"href":"https:\/\/staging.nbg.eu\/mt\/wp-json\/wp\/v2\/product_brand?post=58858"},{"taxonomy":"product_cat","embeddable":true,"href":"https:\/\/staging.nbg.eu\/mt\/wp-json\/wp\/v2\/product_cat?post=58858"},{"taxonomy":"product_tag","embeddable":true,"href":"https:\/\/staging.nbg.eu\/mt\/wp-json\/wp\/v2\/product_tag?post=58858"}],"curies":[{"name":"wp","href":"https:\/\/api.w.org\/{rel}","templated":true}]}}