{"id":584424,"date":"2025-09-05T18:16:13","date_gmt":"2025-09-05T15:16:13","guid":{"rendered":"https:\/\/staging.nbg.eu\/product\/mak-viper-fts-left\/"},"modified":"2025-10-16T16:00:54","modified_gmt":"2025-10-16T13:00:54","slug":"maa-viper-fts-xellug","status":"publish","type":"product","link":"https:\/\/staging.nbg.eu\/mt\/product\/maa-viper-fts-xellug\/","title":{"rendered":"MAA Viper FTS Xellug"},"content":{"rendered":"<div class=\"product-description\">\n<h2>MAK Viper FTS Xellug<\/h2>\n<p>MAK Viper FTS Xellug huwa munta\u0121\u0121 ta&#8217; skop tar-rifle g\u0127al sparaturi xellugin. Dan il-munta\u0121\u0121 jinkludi:<\/p>\n<ul>\n<li>Kostruzzjoni tal-aluminju<\/li>\n<li>Sistema ta&#8217; Torque Fissa (FTS) g\u0127al munta\u0121\u0121 konsistenti<\/li>\n<li>Lieva ta&#8217; rilaxx malajr g\u0127at-tne\u0127\u0127ija u l-munta\u0121\u0121 mill-\u0121did tal-iskop<\/li>\n<li>Konfigurazzjoni xellugija<\/li>\n<li>Kompatibbli ma&#8217; rails Picatinny u Weaver<\/li>\n<li>Disponibbli f&#8217;daqsijiet ta&#8217; \u010brieki differenti g\u0127al dijametri differenti tal-iskop<\/li>\n<\/ul>\n<p>MAK Viper FTS Xellug jipprovdi stabbilt\u00e0 u j\u017comm i\u017c-\u017cero, anke ta\u0127t recoil qawwi. Dan il-munta\u0121\u0121 tal-iskop huwa ma\u0127sub g\u0127al sparaturi xellugin.<\/p>\n<\/div>\n","protected":false},"excerpt":{"rendered":"<p>MAK Viper FTS Xellug: Skop tattiku ta&#8217; pre\u010bi\u017cjoni g\u0127al sparaturi xellugin.<\/p>\n","protected":false},"featured_media":0,"template":"","meta":{"_acf_changed":false},"product_brand":[],"product_cat":[496],"product_tag":[],"class_list":{"0":"post-584424","1":"product","2":"type-product","3":"status-publish","5":"product_cat-uncategorized-mt","7":"first","8":"instock","9":"taxable","10":"shipping-taxable","11":"purchasable","12":"product-type-simple"},"acf":[],"_links":{"self":[{"href":"https:\/\/staging.nbg.eu\/mt\/wp-json\/wp\/v2\/product\/584424","targetHints":{"allow":["GET"]}}],"collection":[{"href":"https:\/\/staging.nbg.eu\/mt\/wp-json\/wp\/v2\/product"}],"about":[{"href":"https:\/\/staging.nbg.eu\/mt\/wp-json\/wp\/v2\/types\/product"}],"wp:attachment":[{"href":"https:\/\/staging.nbg.eu\/mt\/wp-json\/wp\/v2\/media?parent=584424"}],"wp:term":[{"taxonomy":"product_brand","embeddable":true,"href":"https:\/\/staging.nbg.eu\/mt\/wp-json\/wp\/v2\/product_brand?post=584424"},{"taxonomy":"product_cat","embeddable":true,"href":"https:\/\/staging.nbg.eu\/mt\/wp-json\/wp\/v2\/product_cat?post=584424"},{"taxonomy":"product_tag","embeddable":true,"href":"https:\/\/staging.nbg.eu\/mt\/wp-json\/wp\/v2\/product_tag?post=584424"}],"curies":[{"name":"wp","href":"https:\/\/api.w.org\/{rel}","templated":true}]}}