{"id":583722,"date":"2025-10-10T23:40:13","date_gmt":"2025-10-10T20:40:13","guid":{"rendered":"https:\/\/staging.nbg.eu\/product\/dillon-4-pack-primer-pickup-tubes-small-primer\/"},"modified":"2025-10-16T15:28:43","modified_gmt":"2025-10-16T12:28:43","slug":"dillon-4-pack-tobi-tal-gbir-tal-primers-primer-zgir","status":"publish","type":"product","link":"https:\/\/staging.nbg.eu\/mt\/product\/dillon-4-pack-tobi-tal-gbir-tal-primers-primer-zgir\/","title":{"rendered":"Dillon 4-pack Tobi tal-\u0120bir tal-Primers &#8211; Primer \u017bg\u0127ir"},"content":{"rendered":"<div class=\"product-description\">\n<h2>Dillon 4-pakkett Tubi g\u0127all-\u0120bir tal-Primers &#8211; Primers \u017bg\u0127ar<\/h2>\n<p>Dawn it-tubi huma ma\u0127suba biex jg\u0127inu fil-pro\u010bess tar-rikargar, u jippermettu li tipprodu\u010bi aktar munizzjon f&#8217;inqas \u0127in.<\/p>\n<ul>\n<li>Sett ta&#8217; 4 tubi g\u0127all-\u0121bir g\u0127al primers ta&#8217; dijametru \u017cg\u0127ir<\/li>\n<li>Tista&#8217; timla t-tubi minn qabel g\u0127al rikargar aktar mg\u0127a\u0121\u0121el<\/li>\n<li>Kompatibbli ma&#8217; preses tar-rikargar Dillon<\/li>\n<li>I\u017cid il-produttivit\u00e0 u jiffranka l-\u0127in<\/li>\n<\/ul>\n<p>\u017bomm dawn it-tubi mimlijin u lesti g\u0127all-u\u017cu g\u0127al rikargar kontinwu. Adatti g\u0127al sparaturi kompetittivi u dawk li jirrikarikaw volumi kbar.<\/p>\n<\/div>\n","protected":false},"excerpt":{"rendered":"<p>4 tubi \u017cg\u0127ar tal-primer g\u0127al rikargar velo\u010bi u effi\u010bjenti.<\/p>\n","protected":false},"featured_media":583753,"template":"","meta":{"_acf_changed":false},"product_brand":[],"product_cat":[1076,1232],"product_tag":[],"class_list":{"0":"post-583722","1":"product","2":"type-product","3":"status-publish","4":"has-post-thumbnail","6":"product_cat-reloading-mt","7":"product_cat-reloading-accessories-mt","9":"first","10":"instock","11":"taxable","12":"shipping-taxable","13":"purchasable","14":"product-type-simple"},"acf":[],"_links":{"self":[{"href":"https:\/\/staging.nbg.eu\/mt\/wp-json\/wp\/v2\/product\/583722","targetHints":{"allow":["GET"]}}],"collection":[{"href":"https:\/\/staging.nbg.eu\/mt\/wp-json\/wp\/v2\/product"}],"about":[{"href":"https:\/\/staging.nbg.eu\/mt\/wp-json\/wp\/v2\/types\/product"}],"wp:featuredmedia":[{"embeddable":true,"href":"https:\/\/staging.nbg.eu\/mt\/wp-json\/wp\/v2\/media\/583753"}],"wp:attachment":[{"href":"https:\/\/staging.nbg.eu\/mt\/wp-json\/wp\/v2\/media?parent=583722"}],"wp:term":[{"taxonomy":"product_brand","embeddable":true,"href":"https:\/\/staging.nbg.eu\/mt\/wp-json\/wp\/v2\/product_brand?post=583722"},{"taxonomy":"product_cat","embeddable":true,"href":"https:\/\/staging.nbg.eu\/mt\/wp-json\/wp\/v2\/product_cat?post=583722"},{"taxonomy":"product_tag","embeddable":true,"href":"https:\/\/staging.nbg.eu\/mt\/wp-json\/wp\/v2\/product_tag?post=583722"}],"curies":[{"name":"wp","href":"https:\/\/api.w.org\/{rel}","templated":true}]}}