{"id":583495,"date":"2025-10-08T23:38:14","date_gmt":"2025-10-08T20:38:14","guid":{"rendered":"https:\/\/staging.nbg.eu\/product\/bipod-harris-s-brm-notch-rotate-6-9\/"},"modified":"2025-10-16T14:45:38","modified_gmt":"2025-10-16T11:45:38","slug":"bipod-harris-s-brm-notch-rotate-6-9","status":"publish","type":"product","link":"https:\/\/staging.nbg.eu\/mt\/product\/bipod-harris-s-brm-notch-rotate-6-9\/","title":{"rendered":"Bipod Harris &#8211; S &#8211; BRM Notch Rotate 6-9&#8243;"},"content":{"rendered":"<div class=\"product-description\">\n<h2>Harris 6&#8243; &#8211; 9&#8243; Bipod Pivotanti b&#8217;Intalji fis-Saqajn BRM-S<\/h2>\n<p>Il-Bipod Harris 6&#8243; &#8211; 9&#8243; Pivotanti (BRM-S) g\u0127andu dawn il-karatteristi\u010bi:<\/p>\n<ul>\n<li>Saqajn a\u0121\u0121ustabbli li jestendu minn 6&#8243; sa 9&#8243;<\/li>\n<li>Ser\u0127an g\u0127all-bank<\/li>\n<li>Kapa\u010bit\u00e0 pivotanti g\u0127al art mhux lixxa<\/li>\n<li>Intalji fis-saqajn g\u0127al a\u0121\u0121ustament pre\u010bi\u017c tal-g\u0127oli<\/li>\n<\/ul>\n<p>B&#8217;wisa&#8217; mag\u0127luq ta&#8217; 2 3\/4&#8243; u wisa&#8217; miftu\u0127 ta&#8217; 7 1\/4&#8243;, dan il-bipod ji\u017cen 8 oz. Huwa adattat g\u0127al diversi po\u017cizzjonijiet tal-isparar. Il-bipod Harris BRM-S huwa a\u010b\u010bessorju g\u0127al ka\u010b\u010baturi u sparaturi kompetittivi.<\/p>\n<p>SKU: Harris-BRM-S | UPC: 051156113090 | MPN: S-BRM<\/p>\n<\/div>\n","protected":false},"excerpt":{"rendered":"<p>Bipod li jdur b&#8217;saqajn li jistg\u0127u ji\u0121u a\u0121\u0121ustati minn 6 sa 9 pulzieri u b&#8217;intalji. Lest g\u0127all-mistrie\u0127 tal-bank.<\/p>\n","protected":false},"featured_media":583523,"template":"","meta":{"_acf_changed":false},"product_brand":[12027],"product_cat":[2958],"product_tag":[],"class_list":{"0":"post-583495","1":"product","2":"type-product","3":"status-publish","4":"has-post-thumbnail","6":"product_brand-harris-bipods","7":"product_cat-bipods-mt","9":"first","10":"outofstock","11":"taxable","12":"shipping-taxable","13":"purchasable","14":"product-type-simple"},"acf":[],"_links":{"self":[{"href":"https:\/\/staging.nbg.eu\/mt\/wp-json\/wp\/v2\/product\/583495","targetHints":{"allow":["GET"]}}],"collection":[{"href":"https:\/\/staging.nbg.eu\/mt\/wp-json\/wp\/v2\/product"}],"about":[{"href":"https:\/\/staging.nbg.eu\/mt\/wp-json\/wp\/v2\/types\/product"}],"wp:featuredmedia":[{"embeddable":true,"href":"https:\/\/staging.nbg.eu\/mt\/wp-json\/wp\/v2\/media\/583523"}],"wp:attachment":[{"href":"https:\/\/staging.nbg.eu\/mt\/wp-json\/wp\/v2\/media?parent=583495"}],"wp:term":[{"taxonomy":"product_brand","embeddable":true,"href":"https:\/\/staging.nbg.eu\/mt\/wp-json\/wp\/v2\/product_brand?post=583495"},{"taxonomy":"product_cat","embeddable":true,"href":"https:\/\/staging.nbg.eu\/mt\/wp-json\/wp\/v2\/product_cat?post=583495"},{"taxonomy":"product_tag","embeddable":true,"href":"https:\/\/staging.nbg.eu\/mt\/wp-json\/wp\/v2\/product_tag?post=583495"}],"curies":[{"name":"wp","href":"https:\/\/api.w.org\/{rel}","templated":true}]}}