{"id":58291,"date":"2024-02-20T19:05:47","date_gmt":"2024-02-20T19:05:47","guid":{"rendered":"https:\/\/staging.nbg.eu\/product\/grovtec-heavy-duty-push-button-qd-sling-swivel\/"},"modified":"2024-09-13T15:05:09","modified_gmt":"2024-09-13T15:05:09","slug":"grovtec-heavy-duty-swivel-qd-gal-cinturin-bit-timbru","status":"publish","type":"product","link":"https:\/\/staging.nbg.eu\/mt\/product\/grovtec-heavy-duty-swivel-qd-gal-cinturin-bit-timbru\/","title":{"rendered":"GROVTEC Heavy Duty Swivel QD g\u0127al \u010ainturin bit-Timbru"},"content":{"rendered":"<p>Il-GROVTEC Push Button QD Sling Swivel huwa a\u010b\u010bessorju g\u0127al slings ta&#8217; 1-1\/4&#8243;. Dan is-swivel, ippakkjat individwalment, g\u0127andu:<\/p>\n<ul>\n<li>Ittestjat sa 450 libra<\/li>\n<li>Finitura ta&#8217; fosfat tal-mangani\u017c<\/li>\n<li>Mekkani\u017cmu ta&#8217; buttuna g\u0127al qlug\u0127 malajr<\/li>\n<li>Kostruzzjoni b&#8217;sa\u0127\u0127itha<\/li>\n<\/ul>\n<p>Dan is-swivel jista&#8217; jintu\u017ca mal-arma tan-nar tieg\u0127ek.<\/p>\n","protected":false},"excerpt":{"rendered":"<p>\u010ainga b&#8217;sa\u0127\u0127itha ta&#8217; 1.25&#8243;, ittestjata g\u0127al 450lb, \u0127oloq QD li jing\u0127afas, b&#8217;finitura opaka.<\/p>\n","protected":false},"featured_media":58292,"template":"","meta":{"_acf_changed":false},"product_brand":[],"product_cat":[642,751],"product_tag":[],"class_list":{"0":"post-58291","1":"product","2":"type-product","3":"status-publish","4":"has-post-thumbnail","6":"product_cat-rifle-mt","7":"product_cat-slings-mt","9":"first","10":"instock","11":"taxable","12":"shipping-taxable","13":"product-type-simple"},"acf":[],"_links":{"self":[{"href":"https:\/\/staging.nbg.eu\/mt\/wp-json\/wp\/v2\/product\/58291","targetHints":{"allow":["GET"]}}],"collection":[{"href":"https:\/\/staging.nbg.eu\/mt\/wp-json\/wp\/v2\/product"}],"about":[{"href":"https:\/\/staging.nbg.eu\/mt\/wp-json\/wp\/v2\/types\/product"}],"wp:featuredmedia":[{"embeddable":true,"href":"https:\/\/staging.nbg.eu\/mt\/wp-json\/wp\/v2\/media\/58292"}],"wp:attachment":[{"href":"https:\/\/staging.nbg.eu\/mt\/wp-json\/wp\/v2\/media?parent=58291"}],"wp:term":[{"taxonomy":"product_brand","embeddable":true,"href":"https:\/\/staging.nbg.eu\/mt\/wp-json\/wp\/v2\/product_brand?post=58291"},{"taxonomy":"product_cat","embeddable":true,"href":"https:\/\/staging.nbg.eu\/mt\/wp-json\/wp\/v2\/product_cat?post=58291"},{"taxonomy":"product_tag","embeddable":true,"href":"https:\/\/staging.nbg.eu\/mt\/wp-json\/wp\/v2\/product_tag?post=58291"}],"curies":[{"name":"wp","href":"https:\/\/api.w.org\/{rel}","templated":true}]}}