{"id":582554,"date":"2025-10-10T18:10:11","date_gmt":"2025-10-10T15:10:11","guid":{"rendered":"https:\/\/staging.nbg.eu\/product\/daa-gripz-grip-enhancer-75-ml\/"},"modified":"2025-10-16T13:57:07","modified_gmt":"2025-10-16T10:57:07","slug":"daa-gripz-tisi-tal-qabda-75-ml","status":"publish","type":"product","link":"https:\/\/staging.nbg.eu\/mt\/product\/daa-gripz-tisi-tal-qabda-75-ml\/","title":{"rendered":"DAA GRIPZ &#8211; Tis\u0127i\u0127 tal-qabda 75 ml"},"content":{"rendered":"<div class=\"product-description\">\n<h2>DAA GRIPZ &#8211; Titjib tal-Qabda 75 ml<\/h2>\n<p>DAA GRIPZ huwa lozzjoni g\u0127at-titjib tal-qabda g\u0127all-isparar tal-pistola IPSC u USPSA. Din il-flixkun ta&#8217; 75ml tipprovdi qabda soda f&#8217;kundizzjonijiet umdi u s\u0127ana estrema.<\/p>\n<ul>\n<li>Formula bba\u017cata fuq is-silika b&#8217;alko\u0127ol u stabilizzaturi g\u0127al prestazzjoni u lon\u0121evit\u00e0<\/li>\n<li>G\u0127eluq &#8220;Snap-cap&#8221; prattiku g\u0127al a\u010b\u010bess fa\u010bli b&#8217;id wa\u0127da<\/li>\n<li>Applikazzjoni aktar nadifa &#8211; ma tinxifx bajda jew tit\u0127akk fa\u010bilment fuq il-\u0127wejje\u0121 u l-qabda tal-pistola<\/li>\n<li>Tajba biex i\u017c\u017comm il-pali nixfin u qabda soda waqt l-isparar pre\u010bi\u017c b&#8217;velo\u010bit\u00e0 g\u0127olja<\/li>\n<\/ul>\n<p>DAA GRIPZ jista&#8217; jtejjeb l-isparar tieg\u0127ek.<\/p>\n<\/div>\n","protected":false},"excerpt":{"rendered":"<p>DAA GRIPZ: Itejjeb il-qabda g\u0127al sparar pre\u010bi\u017c. Flixkun ta&#8217; 75ml.<\/p>\n","protected":false},"featured_media":582597,"template":"","meta":{"_acf_changed":false},"product_brand":[],"product_cat":[496],"product_tag":[],"class_list":{"0":"post-582554","1":"product","2":"type-product","3":"status-publish","4":"has-post-thumbnail","6":"product_cat-uncategorized-mt","8":"first","9":"instock","10":"taxable","11":"shipping-taxable","12":"purchasable","13":"product-type-simple"},"acf":[],"_links":{"self":[{"href":"https:\/\/staging.nbg.eu\/mt\/wp-json\/wp\/v2\/product\/582554","targetHints":{"allow":["GET"]}}],"collection":[{"href":"https:\/\/staging.nbg.eu\/mt\/wp-json\/wp\/v2\/product"}],"about":[{"href":"https:\/\/staging.nbg.eu\/mt\/wp-json\/wp\/v2\/types\/product"}],"wp:featuredmedia":[{"embeddable":true,"href":"https:\/\/staging.nbg.eu\/mt\/wp-json\/wp\/v2\/media\/582597"}],"wp:attachment":[{"href":"https:\/\/staging.nbg.eu\/mt\/wp-json\/wp\/v2\/media?parent=582554"}],"wp:term":[{"taxonomy":"product_brand","embeddable":true,"href":"https:\/\/staging.nbg.eu\/mt\/wp-json\/wp\/v2\/product_brand?post=582554"},{"taxonomy":"product_cat","embeddable":true,"href":"https:\/\/staging.nbg.eu\/mt\/wp-json\/wp\/v2\/product_cat?post=582554"},{"taxonomy":"product_tag","embeddable":true,"href":"https:\/\/staging.nbg.eu\/mt\/wp-json\/wp\/v2\/product_tag?post=582554"}],"curies":[{"name":"wp","href":"https:\/\/api.w.org\/{rel}","templated":true}]}}