{"id":582263,"date":"2025-10-10T18:10:10","date_gmt":"2025-10-10T15:10:10","guid":{"rendered":"https:\/\/staging.nbg.eu\/product\/daa-magnet-inc-screw-and-thermal-nut-for-racer-pouch\/"},"modified":"2025-10-16T13:40:09","modified_gmt":"2025-10-16T10:40:09","slug":"daa-calamita-inkluza-viti-u-dado-termali-gal-borza-racer","status":"publish","type":"product","link":"https:\/\/staging.nbg.eu\/mt\/product\/daa-calamita-inkluza-viti-u-dado-termali-gal-borza-racer\/","title":{"rendered":"DAA Calamita inklu\u017ca viti u dado termali g\u0127al bor\u017ca racer"},"content":{"rendered":"<div class=\"product-description\">\n<h2>Kit ta&#8217; Kalamita DAA g\u0127al Pouches Single Stack Racer<\/h2>\n<p>A\u0121\u0121orna l-Pouch DAA Single Stack Racer tieg\u0127ek b&#8217;din is-soluzzjoni ta&#8217; immuntar manjetiku. Il-kit tag\u0127na jinkludi:<\/p>\n<ul>\n<li>Kalamita kbira ta&#8217; 42mm N42<\/li>\n<li>Nut M5 countersunk<\/li>\n<li>Vit M5 ta&#8217; 12mm<\/li>\n<\/ul>\n<p>L-installazzjoni hija velo\u010bi u fa\u010bli, bl-u\u017cu tat-toqba e\u017cistenti fuq in-na\u0127a ta&#8217; barra tal-pouch tieg\u0127ek. G\u0127al ri\u017cultati a\u0127jar:<\/p>\n<ol>\n<li>Iddetermina u ssikka l-angolu mixtieq tal-pouch qabel l-installazzjoni<\/li>\n<li>Installa l-kalamita bl-u\u017cu tal-\u0127ardwer ipprovdut<\/li>\n<\/ol>\n<p><strong>Nota:<\/strong> Ladarba installat, l-a\u010b\u010bess g\u0127all-vit ta&#8217; immuntar \u010bentrali jista&#8217; jkun limitat. Ikkunsidra li to\u0127loq \u010bavetta e\u017cagonali ta&#8217; 3mm b&#8217;drieg\u0127 qasir g\u0127al a\u0121\u0121ustamenti futuri.<\/p>\n<p>\u017bid il-versatilit\u00e0 u l-konvenjenza tal-pouch tieg\u0127ek b&#8217;dan il-kit ta&#8217; immuntar manjetiku.<\/p>\n<\/div>\n","protected":false},"excerpt":{"rendered":"<p>Kitt ta&#8217; immuntar manjetiku g\u0127al Pouches tas-Single Stack Racer ta&#8217; DAA. Fa\u010bli biex tinstalla.<\/p>\n","protected":false},"featured_media":582289,"template":"","meta":{"_acf_changed":false},"product_brand":[],"product_cat":[565,566,1106],"product_tag":[],"class_list":{"0":"post-582263","1":"product","2":"type-product","3":"status-publish","4":"has-post-thumbnail","6":"product_cat-gear-mt","7":"product_cat-pouches-mt","8":"product_cat-sports-belts-mt","10":"first","11":"instock","12":"taxable","13":"shipping-taxable","14":"purchasable","15":"product-type-simple"},"acf":[],"_links":{"self":[{"href":"https:\/\/staging.nbg.eu\/mt\/wp-json\/wp\/v2\/product\/582263","targetHints":{"allow":["GET"]}}],"collection":[{"href":"https:\/\/staging.nbg.eu\/mt\/wp-json\/wp\/v2\/product"}],"about":[{"href":"https:\/\/staging.nbg.eu\/mt\/wp-json\/wp\/v2\/types\/product"}],"wp:featuredmedia":[{"embeddable":true,"href":"https:\/\/staging.nbg.eu\/mt\/wp-json\/wp\/v2\/media\/582289"}],"wp:attachment":[{"href":"https:\/\/staging.nbg.eu\/mt\/wp-json\/wp\/v2\/media?parent=582263"}],"wp:term":[{"taxonomy":"product_brand","embeddable":true,"href":"https:\/\/staging.nbg.eu\/mt\/wp-json\/wp\/v2\/product_brand?post=582263"},{"taxonomy":"product_cat","embeddable":true,"href":"https:\/\/staging.nbg.eu\/mt\/wp-json\/wp\/v2\/product_cat?post=582263"},{"taxonomy":"product_tag","embeddable":true,"href":"https:\/\/staging.nbg.eu\/mt\/wp-json\/wp\/v2\/product_tag?post=582263"}],"curies":[{"name":"wp","href":"https:\/\/api.w.org\/{rel}","templated":true}]}}