{"id":582049,"date":"2025-10-10T18:10:00","date_gmt":"2025-10-10T15:10:00","guid":{"rendered":"https:\/\/staging.nbg.eu\/product\/daa-magnet-with-m4-screw-for-x-ray-pouches\/"},"modified":"2025-10-16T11:53:45","modified_gmt":"2025-10-16T08:53:45","slug":"daa-calamita-bviti-m4-gal-borzi-x-ray","status":"publish","type":"product","link":"https:\/\/staging.nbg.eu\/mt\/product\/daa-calamita-bviti-m4-gal-borzi-x-ray\/","title":{"rendered":"DAA Calamita b&#8217;Viti M4 g\u0127al Bor\u017ci X-Ray"},"content":{"rendered":"<div class=\"product-description\">\n<h2>Kalamita DAA b&#8217;Vit M4 g\u0127al Boro\u017c X-Ray<\/h2>\n<p>Kalamita ta&#8217; 48mm g\u0127al boro\u017c tal-Aluminju u tal-Plastik X-Ray, ma\u0127suba biex i\u017c\u017comm stadji ta&#8217; pickup u magazines. Dawn il-kalamiti g\u0127andhom inserzjoni bil-kamin M4, li taqbel mat-toqba fil-boro\u017c X-Ray tieg\u0127ek.<\/p>\n<h3>Karatteristi\u010bi Ewlenin:<\/h3>\n<ul>\n<li>Kalamita N54 irqiqa: 8mm \u0127oxna u 90g fil-pi\u017c<\/li>\n<li>Disinn a\u0121\u0121ornat: Tnaqqis ta&#8217; 30% fil-\u0127xuna u l-pi\u017c<\/li>\n<li>Kompatibbli mal-g\u0127atu tal-kalamita DAA<\/li>\n<\/ul>\n<h3>Il-Kit Jinkludi:<\/h3>\n<ul>\n<li>Kalamita N54 irqiqa ta&#8217; 48mm<\/li>\n<li>Vit M4 Torx b&#8217;ras wiesg\u0127a<\/li>\n<li>Woxer M4 b&#8217;OD kbir<\/li>\n<\/ul>\n<p><strong>Nota:<\/strong> U\u017ca l-woxer g\u0127al boro\u017c tal-plastik biss. Applika Loctite biex twa\u0127\u0127al sew. Tissikkax i\u017c\u017cejjed.<\/p>\n<\/div>\n","protected":false},"excerpt":{"rendered":"<p>Kalamita N54 irqiqa \u0127afna g\u0127all-boro\u017c tal-X-Ray. \u017bamma sigura u \u0127afifa.<\/p>\n","protected":false},"featured_media":582094,"template":"","meta":{"_acf_changed":false},"product_brand":[],"product_cat":[565,1027,1106],"product_tag":[],"class_list":{"0":"post-582049","1":"product","2":"type-product","3":"status-publish","4":"has-post-thumbnail","6":"product_cat-gear-mt","7":"product_cat-sport-holster-mt","8":"product_cat-sports-belts-mt","10":"first","11":"instock","12":"taxable","13":"shipping-taxable","14":"purchasable","15":"product-type-simple"},"acf":[],"_links":{"self":[{"href":"https:\/\/staging.nbg.eu\/mt\/wp-json\/wp\/v2\/product\/582049","targetHints":{"allow":["GET"]}}],"collection":[{"href":"https:\/\/staging.nbg.eu\/mt\/wp-json\/wp\/v2\/product"}],"about":[{"href":"https:\/\/staging.nbg.eu\/mt\/wp-json\/wp\/v2\/types\/product"}],"wp:featuredmedia":[{"embeddable":true,"href":"https:\/\/staging.nbg.eu\/mt\/wp-json\/wp\/v2\/media\/582094"}],"wp:attachment":[{"href":"https:\/\/staging.nbg.eu\/mt\/wp-json\/wp\/v2\/media?parent=582049"}],"wp:term":[{"taxonomy":"product_brand","embeddable":true,"href":"https:\/\/staging.nbg.eu\/mt\/wp-json\/wp\/v2\/product_brand?post=582049"},{"taxonomy":"product_cat","embeddable":true,"href":"https:\/\/staging.nbg.eu\/mt\/wp-json\/wp\/v2\/product_cat?post=582049"},{"taxonomy":"product_tag","embeddable":true,"href":"https:\/\/staging.nbg.eu\/mt\/wp-json\/wp\/v2\/product_tag?post=582049"}],"curies":[{"name":"wp","href":"https:\/\/api.w.org\/{rel}","templated":true}]}}