{"id":58175,"date":"2024-02-20T19:21:46","date_gmt":"2024-09-13T15:01:38","guid":{"rendered":"https:\/\/staging.nbg.eu\/product\/geissele-super-precision-compm5s-series-optic-mounts-black-absolute-co-witness\/"},"modified":"2024-09-13T15:02:32","modified_gmt":"2024-09-13T15:02:32","slug":"geissele-super-precision-soppors-gal-ottici-serje-compm5s-iswed-absolute-co-witness","status":"publish","type":"product","link":"https:\/\/staging.nbg.eu\/mt\/product\/geissele-super-precision-soppors-gal-ottici-serje-compm5s-iswed-absolute-co-witness\/","title":{"rendered":"Geissele Super Precision &#8211; Soppors g\u0127al Otti\u010bi Serje CompM5s, Iswed (Absolute Co-Witness)"},"content":{"rendered":"<h2>Geissele Super Precision\u00ae &#8211; Muntaturi tal-Ottika Serje CompM5s<\/h2>\n<h3>Iswed (Ko-xhud Assolut)<\/h2>\n<p>Il-Muntatura tal-Ottika Geissele Super Precision\u00ae Serje CompM5s hija ddisinjata g\u0127al Aimpoint CompM5s u ottika simili ta&#8217; dot a\u0127mar.<\/p>\n<ul>\n<li>Mag\u0127mula bi pre\u010bi\u017cjoni minn bi\u010b\u010ba wa\u0127da ta&#8217; aluminju 7075-T6 b&#8217;sa\u0127\u0127a g\u0127olja<\/li>\n<li>G\u0127a\u017cla ta&#8217; g\u0127oli ko-xhud assolut<\/li>\n<li>Metodu ta&#8217; rbit b&#8217;nut u bolt b&#8217;1,400 libbra ta&#8217; forza ta&#8217; qbid<\/li>\n<li>3 shear lugs g\u0127al ri\u0121idit\u00e0 massima u ritorn g\u0127al \u017cero superjuri<\/li>\n<li>Finitura anodizzata tat-Tip 3 Hardcoat f&#8217;kulur iswed<\/li>\n<\/ul>\n<p>Geissele joffri soluzzjonijiet ta&#8217; mmuntar tal-ottika g\u0127all-armi tan-nar.<\/p>\n","protected":false},"excerpt":{"rendered":"<p>Muntaturi pre\u010bi\u017c mag\u0127mul bil-magni g\u0127all-Aimpoint CompM5s. Robust, ri\u0121idu, u affidabbli.<\/p>\n","protected":false},"featured_media":58176,"template":"","meta":{"_acf_changed":false},"product_brand":[11394],"product_cat":[642],"product_tag":[],"class_list":{"0":"post-58175","1":"product","2":"type-product","3":"status-publish","4":"has-post-thumbnail","6":"product_brand-geissele","7":"product_cat-rifle-mt","9":"first","10":"instock","11":"taxable","12":"shipping-taxable","13":"product-type-simple"},"acf":[],"_links":{"self":[{"href":"https:\/\/staging.nbg.eu\/mt\/wp-json\/wp\/v2\/product\/58175","targetHints":{"allow":["GET"]}}],"collection":[{"href":"https:\/\/staging.nbg.eu\/mt\/wp-json\/wp\/v2\/product"}],"about":[{"href":"https:\/\/staging.nbg.eu\/mt\/wp-json\/wp\/v2\/types\/product"}],"wp:featuredmedia":[{"embeddable":true,"href":"https:\/\/staging.nbg.eu\/mt\/wp-json\/wp\/v2\/media\/58176"}],"wp:attachment":[{"href":"https:\/\/staging.nbg.eu\/mt\/wp-json\/wp\/v2\/media?parent=58175"}],"wp:term":[{"taxonomy":"product_brand","embeddable":true,"href":"https:\/\/staging.nbg.eu\/mt\/wp-json\/wp\/v2\/product_brand?post=58175"},{"taxonomy":"product_cat","embeddable":true,"href":"https:\/\/staging.nbg.eu\/mt\/wp-json\/wp\/v2\/product_cat?post=58175"},{"taxonomy":"product_tag","embeddable":true,"href":"https:\/\/staging.nbg.eu\/mt\/wp-json\/wp\/v2\/product_tag?post=58175"}],"curies":[{"name":"wp","href":"https:\/\/api.w.org\/{rel}","templated":true}]}}