{"id":581600,"date":"2025-10-10T18:09:59","date_gmt":"2025-10-10T15:09:59","guid":{"rendered":"https:\/\/staging.nbg.eu\/product\/daa-x-ray-polymer-pouch-black\/"},"modified":"2025-10-16T11:22:00","modified_gmt":"2025-10-16T08:22:00","slug":"daa-x-ray-borza-tal-polimeru-iswed","status":"publish","type":"product","link":"https:\/\/staging.nbg.eu\/mt\/product\/daa-x-ray-borza-tal-polimeru-iswed\/","title":{"rendered":"DAA X-Ray Bor\u017ca tal-Polimeru &#8211; Iswed"},"content":{"rendered":"<h2>DAA X-Ray Bor\u017ca tal-Polimer &#8211; Iswed<\/h2>\n<p>Il-bor\u017ca tal-ma\u0121azin DAA X-Ray Polymer g\u0127andha dawn il-karatteristi\u010bi:<\/p>\n<ul>\n<li>Dehra maqtug\u0127a g\u0127al pi\u017c imnaqqas<\/li>\n<li>8 punti ta&#8217; mmuntar g\u0127al u\u017cu ambidestru u po\u017cizzjonament versatili<\/li>\n<li>3 settijiet ta&#8217; spazjaturi kompatibbli mal-bi\u010b\u010ba l-kbira tal-ma\u0121azini double-stack<\/li>\n<li>Kostruzzjoni tal-polimer rinfurzata bil-fibra<\/li>\n<li>Tarf ta&#8217; fuq ottimizzat g\u0127al inseriment tal-ma\u0121azin aktar fa\u010bli<\/li>\n<li>Vit ta&#8217; ssettjar sigur biex jipprevjeni \u017cblokkjar a\u010b\u010bidentali<\/li>\n<li>\u0120onta tal-ballun imkabbra ta&#8217; 13mm g\u0127al stabbilt\u00e0 a\u0127jar<\/li>\n<li>A\u0121\u0121ustament tat-tensjoni ming\u0127ajr g\u0127odda b&#8217;rota tat-tensjoni kbira<\/li>\n<\/ul>\n<p>Il-bor\u017ca DAA X-Ray Polymer hija ddisinjata g\u0127all-u\u017cu fil-kamp tal-isparar.<\/p>\n","protected":false},"excerpt":{"rendered":"<p>Bor\u017ca tal-Polimeru DAA X-Ray: \u017bammatur tal-maga\u017cin eleganti, versatili u sigur g\u0127all-kompetituri.<\/p>\n","protected":false},"featured_media":581719,"template":"","meta":{"_acf_changed":false},"product_brand":[],"product_cat":[565,566,1027,1106],"product_tag":[],"class_list":{"0":"post-581600","1":"product","2":"type-product","3":"status-publish","4":"has-post-thumbnail","6":"product_cat-gear-mt","7":"product_cat-pouches-mt","8":"product_cat-sport-holster-mt","9":"product_cat-sports-belts-mt","11":"first","12":"instock","13":"taxable","14":"shipping-taxable","15":"purchasable","16":"product-type-simple"},"acf":[],"_links":{"self":[{"href":"https:\/\/staging.nbg.eu\/mt\/wp-json\/wp\/v2\/product\/581600","targetHints":{"allow":["GET"]}}],"collection":[{"href":"https:\/\/staging.nbg.eu\/mt\/wp-json\/wp\/v2\/product"}],"about":[{"href":"https:\/\/staging.nbg.eu\/mt\/wp-json\/wp\/v2\/types\/product"}],"wp:featuredmedia":[{"embeddable":true,"href":"https:\/\/staging.nbg.eu\/mt\/wp-json\/wp\/v2\/media\/581719"}],"wp:attachment":[{"href":"https:\/\/staging.nbg.eu\/mt\/wp-json\/wp\/v2\/media?parent=581600"}],"wp:term":[{"taxonomy":"product_brand","embeddable":true,"href":"https:\/\/staging.nbg.eu\/mt\/wp-json\/wp\/v2\/product_brand?post=581600"},{"taxonomy":"product_cat","embeddable":true,"href":"https:\/\/staging.nbg.eu\/mt\/wp-json\/wp\/v2\/product_cat?post=581600"},{"taxonomy":"product_tag","embeddable":true,"href":"https:\/\/staging.nbg.eu\/mt\/wp-json\/wp\/v2\/product_tag?post=581600"}],"curies":[{"name":"wp","href":"https:\/\/api.w.org\/{rel}","templated":true}]}}