{"id":581280,"date":"2025-10-10T18:09:52","date_gmt":"2025-10-10T15:09:52","guid":{"rendered":"https:\/\/staging.nbg.eu\/product\/jack-556x45mm-223-rem-polymer\/"},"modified":"2025-10-17T17:31:22","modified_gmt":"2025-10-17T14:31:22","slug":"jack-556x45mm223-rem-polimeru","status":"publish","type":"product","link":"https:\/\/staging.nbg.eu\/mt\/product\/jack-556x45mm223-rem-polimeru\/","title":{"rendered":"Jack 5,56x45mm\/.223 REM Polimeru"},"content":{"rendered":"<div class=\"product-description\">\n<h2>Jack 5,56x45mm\/.223 REM Polymer<\/h2>\n<p>Dan l-arma tan-nar jikkombina in\u0121inerija, materjali avvanzati, u disinn ergonomiku.<\/p>\n<h2>Karatteristi\u010bi Ewlenin:<\/h2>\n<ul>\n<li>Kalibru: 5.56x45mm \/.223 Rem<\/li>\n<li>Tul tal-Kanna: 415mm<\/li>\n<li>Dawrien tal-kanna: 1:8<\/li>\n<li>Dawrien tal-kanna tal-\u0127ru\u0121: 14\u00d71 xellug<\/li>\n<li>Pi\u017c vojt: 3.1kg (mhux mg\u0127obbi)<\/li>\n<li>Velo\u010bit\u00e0 tal-\u0127ru\u0121 tal-projettili: 920 m\/s<\/li>\n<li>Operazzjoni: Bolt imsakkar bir-rotazzjoni<\/li>\n<li>Tip: Semi-awtomatiku<\/li>\n<\/ul>\n<h2>Disinn Imtejjeb:<\/h2>\n<ul>\n<li>Rail tal-\u0121enb mit\u0127un g\u0127all-installazzjoni tal-ottika<\/li>\n<li>Rail imsammar mal-kamra tas-serratura<\/li>\n<li>Flask tal-polimer<\/li>\n<li>Sodda tal-polimer ergonomika<\/li>\n<li>Kisja tal-polimer tal-pajp tal-gass<\/li>\n<li>Swi\u010b\u010b tas-selezzjoni tan-nar imkabbar<\/li>\n<li>Rilaxx tal-maga\u017cin imkabbar<\/li>\n<li>Rail ta&#8217; ta\u0127t (dovetail) g\u0127all-immuntar ta&#8217; a\u010b\u010bessorji<\/li>\n<\/ul>\n<p>Il-Jack 5,56x45mm\/.223 REM Polymer huwa arma tan-nar affidabbli u pre\u010bi\u017c.<\/p>\n<\/div>\n","protected":false},"excerpt":{"rendered":"<p>Azzarin kompatt u \u0127afif ta&#8217; 5.56mm b&#8217;komponenti tal-polimer. Semi-awtomatiku. Jista&#8217; ji\u0121i personalizzat b&#8217;rail g\u0127all-otti\u010bi.<\/p>\n","protected":false},"featured_media":581361,"template":"","meta":{"_acf_changed":false},"product_brand":[],"product_cat":[642],"product_tag":[],"class_list":{"0":"post-581280","1":"product","2":"type-product","3":"status-publish","4":"has-post-thumbnail","6":"product_cat-rifle-mt","8":"first","9":"outofstock","10":"taxable","11":"shipping-taxable","12":"product-type-simple"},"acf":[],"_links":{"self":[{"href":"https:\/\/staging.nbg.eu\/mt\/wp-json\/wp\/v2\/product\/581280","targetHints":{"allow":["GET"]}}],"collection":[{"href":"https:\/\/staging.nbg.eu\/mt\/wp-json\/wp\/v2\/product"}],"about":[{"href":"https:\/\/staging.nbg.eu\/mt\/wp-json\/wp\/v2\/types\/product"}],"wp:featuredmedia":[{"embeddable":true,"href":"https:\/\/staging.nbg.eu\/mt\/wp-json\/wp\/v2\/media\/581361"}],"wp:attachment":[{"href":"https:\/\/staging.nbg.eu\/mt\/wp-json\/wp\/v2\/media?parent=581280"}],"wp:term":[{"taxonomy":"product_brand","embeddable":true,"href":"https:\/\/staging.nbg.eu\/mt\/wp-json\/wp\/v2\/product_brand?post=581280"},{"taxonomy":"product_cat","embeddable":true,"href":"https:\/\/staging.nbg.eu\/mt\/wp-json\/wp\/v2\/product_cat?post=581280"},{"taxonomy":"product_tag","embeddable":true,"href":"https:\/\/staging.nbg.eu\/mt\/wp-json\/wp\/v2\/product_tag?post=581280"}],"curies":[{"name":"wp","href":"https:\/\/api.w.org\/{rel}","templated":true}]}}