{"id":580961,"date":"2025-10-10T18:09:47","date_gmt":"2025-10-10T15:09:47","guid":{"rendered":"https:\/\/staging.nbg.eu\/product\/jack-762x39-mm-polymer\/"},"modified":"2025-10-17T17:28:52","modified_gmt":"2025-10-17T14:28:52","slug":"jack-762x39-mm-polimeru","status":"publish","type":"product","link":"https:\/\/staging.nbg.eu\/mt\/product\/jack-762x39-mm-polimeru\/","title":{"rendered":"Jack 7,62&#215;39 mm Polimeru"},"content":{"rendered":"<div class=\"product-description\">\n<h2>Jack 7,62&#215;39 mm Polymer<\/h2>\n<p>Il-Jack 7,62&#215;39 mm Polymer huwa arma semi-awtomatika ddisinjata g\u0127all-pre\u010bi\u017cjoni u l-affidabbilt\u00e0. Din l-arma tan-nar tg\u0127aqqad it-teknolo\u0121ija avvanzata ma&#8217; disinn ergonomiku.<\/p>\n<h2>Karatteristi\u010bi Ewlenin:<\/h2>\n<ul>\n<li>Kalibru: 7,62x39mm<\/li>\n<li>Tul: 880mm<\/li>\n<li>Tul tal-kanna: 415mm<\/li>\n<li>Pi\u017c vojt: 3.1kg (mhux mg\u0127obbi)<\/li>\n<li>Velo\u010bit\u00e0 tal-muzzle: 715 m\/s<\/li>\n<li>Mod ta&#8217; operazzjoni: Lock imsakkar b&#8217;rotazzjoni<\/li>\n<li>Tip: Semi-awtomatiku<\/li>\n<\/ul>\n<p>Il-Jack 7,62&#215;39 mm Polymer g\u0127andu rail tal-\u0121enb mit\u0127un g\u0127all-installazzjoni fa\u010bli tal-ottika, irbattut direttament mal-kamra tal-lock. Din il-karatteristika tippermetti twa\u0127\u0127il rapidu u sigur ta&#8217; diversi visti otti\u010bi.<\/p>\n<h2>Komponenti Mtejba:<\/h2>\n<ul>\n<li>Flask tal-polymer<\/li>\n<li>Sodda tal-polymer<\/li>\n<li>Kisja tal-Pajp tal-Gass tal-Polymer<\/li>\n<li>Swi\u010b\u010b tat-tip ta&#8217; nar imkabbar<\/li>\n<li>Dump tal-magazine imkabbar<\/li>\n<li>Rail ta\u0127t l-assembla\u0121\u0121 tal-\u0121enb (denb ta&#8217; \u0127uttafa) g\u0127al a\u010b\u010bessorji addizzjonali<\/li>\n<\/ul>\n<\/div>\n","protected":false},"excerpt":{"rendered":"<p>Jack 7.62x39mm polymer: Azzarin tal-polimerju, 880mm, semi-awtomatiku, b&#8217;railing immillat g\u0127all-ottika.<\/p>\n","protected":false},"featured_media":581125,"template":"","meta":{"_acf_changed":false},"product_brand":[],"product_cat":[642],"product_tag":[],"class_list":{"0":"post-580961","1":"product","2":"type-product","3":"status-publish","4":"has-post-thumbnail","6":"product_cat-rifle-mt","8":"first","9":"outofstock","10":"taxable","11":"shipping-taxable","12":"product-type-simple"},"acf":[],"_links":{"self":[{"href":"https:\/\/staging.nbg.eu\/mt\/wp-json\/wp\/v2\/product\/580961","targetHints":{"allow":["GET"]}}],"collection":[{"href":"https:\/\/staging.nbg.eu\/mt\/wp-json\/wp\/v2\/product"}],"about":[{"href":"https:\/\/staging.nbg.eu\/mt\/wp-json\/wp\/v2\/types\/product"}],"wp:featuredmedia":[{"embeddable":true,"href":"https:\/\/staging.nbg.eu\/mt\/wp-json\/wp\/v2\/media\/581125"}],"wp:attachment":[{"href":"https:\/\/staging.nbg.eu\/mt\/wp-json\/wp\/v2\/media?parent=580961"}],"wp:term":[{"taxonomy":"product_brand","embeddable":true,"href":"https:\/\/staging.nbg.eu\/mt\/wp-json\/wp\/v2\/product_brand?post=580961"},{"taxonomy":"product_cat","embeddable":true,"href":"https:\/\/staging.nbg.eu\/mt\/wp-json\/wp\/v2\/product_cat?post=580961"},{"taxonomy":"product_tag","embeddable":true,"href":"https:\/\/staging.nbg.eu\/mt\/wp-json\/wp\/v2\/product_tag?post=580961"}],"curies":[{"name":"wp","href":"https:\/\/api.w.org\/{rel}","templated":true}]}}