{"id":58002,"date":"2024-02-20T19:33:36","date_gmt":"2024-09-13T14:53:40","guid":{"rendered":"https:\/\/staging.nbg.eu\/product\/geissele-super-precision-compm5s-series-optic-mounts-black-1-93\/"},"modified":"2024-09-13T14:54:34","modified_gmt":"2024-09-13T14:54:34","slug":"geissele-super-precision-soppors-gal-ottici-serje-compm5s-iswed-193","status":"publish","type":"product","link":"https:\/\/staging.nbg.eu\/mt\/product\/geissele-super-precision-soppors-gal-ottici-serje-compm5s-iswed-193\/","title":{"rendered":"Geissele Super Precision &#8211; Soppors g\u0127al Otti\u010bi Serje CompM5s, Iswed (1.93&#8243;)"},"content":{"rendered":"<div class=\"product-description\">\n<h2>Geissele Super Precision\u00ae &#8211; Munta\u0121\u0121i tal-Ottika tas-Serje CompM5s, Iswed (1.93&#8243;)<\/h2>\n<p>Il-munta\u0121\u0121 tal-ottika Geissele Super Precision\u00ae CompM5s Series huwa ddisinjat g\u0127all-Aimpoint CompM5s u otti\u010bi simili red dot.<\/p>\n<ul>\n<li>Mag\u0127mul bi pre\u010bi\u017cjoni minn bi\u010b\u010ba wa\u0127da ta&#8217; aluminju b&#8217;sa\u0127\u0127tu 7075-T6<\/li>\n<li>G\u0127a\u017cla ta&#8217; g\u0127oli ta&#8217; 1.93&#8243; g\u0127al stampa ottimali<\/li>\n<li>Metodu ta&#8217; twa\u0127\u0127il b&#8217;nut u bolt b&#8217;forza ta&#8217; qbid ta&#8217; 1,400 libra<\/li>\n<li>3 shear lugs g\u0127al ri\u0121idit\u00e0 massima u ritorn g\u0127a\u017c-\u017cero superjuri<\/li>\n<li>Finitura anodizzata sewda tat-Tip 3 Hardcoat<\/li>\n<\/ul>\n<p>Dan il-munta\u0121\u0121 tal-ottika joffri affidabilit\u00e0 u prestazzjoni.<\/p>\n<\/div>\n","protected":false},"excerpt":{"rendered":"<p>Muntura pre\u010bi\u017ca bil-magna g\u0127al Aimpoint CompM5s, sigura \u0127afna u durabbli.<\/p>\n","protected":false},"featured_media":58003,"template":"","meta":{"_acf_changed":false},"product_brand":[11394],"product_cat":[642],"product_tag":[],"class_list":{"0":"post-58002","1":"product","2":"type-product","3":"status-publish","4":"has-post-thumbnail","6":"product_brand-geissele","7":"product_cat-rifle-mt","9":"first","10":"instock","11":"taxable","12":"shipping-taxable","13":"product-type-simple"},"acf":[],"_links":{"self":[{"href":"https:\/\/staging.nbg.eu\/mt\/wp-json\/wp\/v2\/product\/58002","targetHints":{"allow":["GET"]}}],"collection":[{"href":"https:\/\/staging.nbg.eu\/mt\/wp-json\/wp\/v2\/product"}],"about":[{"href":"https:\/\/staging.nbg.eu\/mt\/wp-json\/wp\/v2\/types\/product"}],"wp:featuredmedia":[{"embeddable":true,"href":"https:\/\/staging.nbg.eu\/mt\/wp-json\/wp\/v2\/media\/58003"}],"wp:attachment":[{"href":"https:\/\/staging.nbg.eu\/mt\/wp-json\/wp\/v2\/media?parent=58002"}],"wp:term":[{"taxonomy":"product_brand","embeddable":true,"href":"https:\/\/staging.nbg.eu\/mt\/wp-json\/wp\/v2\/product_brand?post=58002"},{"taxonomy":"product_cat","embeddable":true,"href":"https:\/\/staging.nbg.eu\/mt\/wp-json\/wp\/v2\/product_cat?post=58002"},{"taxonomy":"product_tag","embeddable":true,"href":"https:\/\/staging.nbg.eu\/mt\/wp-json\/wp\/v2\/product_tag?post=58002"}],"curies":[{"name":"wp","href":"https:\/\/api.w.org\/{rel}","templated":true}]}}