{"id":579952,"date":"2025-10-10T18:09:46","date_gmt":"2025-10-10T15:09:46","guid":{"rendered":"https:\/\/staging.nbg.eu\/product\/mini-jack-556x45mm-223-rem-wbp-x-kruk\/"},"modified":"2025-10-17T17:24:15","modified_gmt":"2025-10-17T14:24:15","slug":"mini-jack-556x45mm223-rem-wbp-x-kruk","status":"publish","type":"product","link":"https:\/\/staging.nbg.eu\/mt\/product\/mini-jack-556x45mm223-rem-wbp-x-kruk\/","title":{"rendered":"Mini Jack 5,56x45mm\/.223 REM WBP X KRUK"},"content":{"rendered":"<div class=\"product-description\">\n<h2>Mini Jack 5,56x45mm\/.223 REM WBP X KRUK<\/h2>\n<p>Il-Mini Jack 5,56x45mm\/.223 REM WBP X KRUK huwa arma tan-nar iddisinjata g\u0127all-professjonisti u l-dilettanti. Din l-arma tg\u0127aqqad prestazzjoni ma&#8217; karatteristi\u010bi avvanzati.<\/p>\n<h2>Karatteristi\u010bi Ewlenin:<\/h2>\n<ul>\n<li>Flask fiss b&#8217;CRC 5002\/9035 a\u0121\u0121ustabbli<\/li>\n<li>Sodda u overlay tal-pipe tal-gass CRC 1U043<\/li>\n<li>Qabda tal-polimerju ergonomika<\/li>\n<li>Swi\u010b\u010b tat-tip ta&#8217; nar imkabbar<\/li>\n<li>Dump tal-maga\u017cin imkabbar<\/li>\n<li>Linji g\u0127all-immuntar tal-\u0121enb (denb ta&#8217; \u0127uttafa)<\/li>\n<li>Linji mmiljati tal-\u0121enb g\u0127all-installazzjoni tal-otti\u010bi<\/li>\n<\/ul>\n<h2>Spe\u010bifikazzjonijiet Tekni\u010bi:<\/h2>\n<ul>\n<li>Kalibru: 5.56\u00d745 mm\/.223 Rem<\/li>\n<li>Tul tal-Kanna: 259mm<\/li>\n<li>Pass tal-kamin: 1:8<\/li>\n<li>Pass tal-kamin tal-\u0127ru\u0121: 14\u00d71 xellug<\/li>\n<li>Mod ta&#8217; operazzjoni: Imsaqqar b&#8217;rotazzjoni<\/li>\n<li>Tip: Semi-awtomatiku<\/li>\n<\/ul>\n<p>Il-Mini Jack g\u0127andu disinn kompatt u huwa addattat g\u0127al diversi applikazzjonijiet, mill-operazzjonijiet tatti\u010bi sal-isparar sportiv.<\/p>\n<p>Dan ir-rifle g\u0127andu linji mmismra mal-kamra tas-serratura, li jipprovdu pjattaforma stabbli g\u0127all-immuntar tal-otti\u010bi. Is-swi\u010b\u010b tat-tip ta&#8217; nar imkabbar u d-dump tal-maga\u017cin joffru ergonomija mtejba u u\u017cu aktar mg\u0127a\u0121\u0121el.<\/p>\n<\/div>\n","protected":false},"excerpt":{"rendered":"<p>Senter awtomatiku semi ta&#8217; 5.56mm kompatt b&#8217;buttuna a\u0121\u0121ustabbli, qabda tal-polimer, u \u017cbarra g\u0127all-otti\u010bi. Versatili u personalizzabbli.<\/p>\n","protected":false},"featured_media":580032,"template":"","meta":{"_acf_changed":false},"product_brand":[],"product_cat":[642],"product_tag":[],"class_list":{"0":"post-579952","1":"product","2":"type-product","3":"status-publish","4":"has-post-thumbnail","6":"product_cat-rifle-mt","8":"first","9":"outofstock","10":"taxable","11":"shipping-taxable","12":"product-type-simple"},"acf":[],"_links":{"self":[{"href":"https:\/\/staging.nbg.eu\/mt\/wp-json\/wp\/v2\/product\/579952","targetHints":{"allow":["GET"]}}],"collection":[{"href":"https:\/\/staging.nbg.eu\/mt\/wp-json\/wp\/v2\/product"}],"about":[{"href":"https:\/\/staging.nbg.eu\/mt\/wp-json\/wp\/v2\/types\/product"}],"wp:featuredmedia":[{"embeddable":true,"href":"https:\/\/staging.nbg.eu\/mt\/wp-json\/wp\/v2\/media\/580032"}],"wp:attachment":[{"href":"https:\/\/staging.nbg.eu\/mt\/wp-json\/wp\/v2\/media?parent=579952"}],"wp:term":[{"taxonomy":"product_brand","embeddable":true,"href":"https:\/\/staging.nbg.eu\/mt\/wp-json\/wp\/v2\/product_brand?post=579952"},{"taxonomy":"product_cat","embeddable":true,"href":"https:\/\/staging.nbg.eu\/mt\/wp-json\/wp\/v2\/product_cat?post=579952"},{"taxonomy":"product_tag","embeddable":true,"href":"https:\/\/staging.nbg.eu\/mt\/wp-json\/wp\/v2\/product_tag?post=579952"}],"curies":[{"name":"wp","href":"https:\/\/api.w.org\/{rel}","templated":true}]}}