{"id":579419,"date":"2025-10-10T18:09:30","date_gmt":"2025-10-10T15:09:30","guid":{"rendered":"https:\/\/staging.nbg.eu\/product\/mini-jack-556x45mm-223-rem-polimer-qd\/"},"modified":"2025-10-17T17:09:42","modified_gmt":"2025-10-17T14:09:42","slug":"mini-jack-556x45mm223-rem-polimeru-qd","status":"publish","type":"product","link":"https:\/\/staging.nbg.eu\/mt\/product\/mini-jack-556x45mm223-rem-polimeru-qd\/","title":{"rendered":"Mini Jack 5,56x45mm\/.223 REM polimeru QD"},"content":{"rendered":"<h2>Mini Jack 5,56x45mm\/.223 REM Polymer QD<\/h2>\n<p>Il-Mini Jack QD rifle fil-ver\u017cjoni tal-polymer, b&#8217;kalibru ta&#8217; 5.56\u00d745 mm (.223 Rem). Din l-arma tan-nar semi-awtomatika.<\/p>\n<h2>Karatteristi\u010bi Ewlenin:<\/h2>\n<ul>\n<li>Disinn kompatt b&#8217;tul tal-kanna ta\u0127t is-26 cm<\/li>\n<li>Kostruzzjoni tal-polymer g\u0127al pi\u017c imnaqqas<\/li>\n<li>Latch tal-magazin u lever tal-bidla tal-modalit\u00e0 tan-nar imkabbra<\/li>\n<li>Rail tal-\u0121enb g\u0127all-installazzjoni tal-otti\u010bi<\/li>\n<li>2x punti ta&#8217; mmuntar QD<\/li>\n<\/ul>\n<h2>Spe\u010bifikazzjonijiet Tekni\u010bi:<\/h2>\n<table>\n<tr>\n<td>Kalibru:<\/td>\n<td>5.56\u00d745 mm\/.223 Remington<\/td>\n<\/tr>\n<tr>\n<td>Tul Totali:<\/td>\n<td>780 mm<\/td>\n<\/tr>\n<tr>\n<td>Tul tal-Kanna:<\/td>\n<td>259 mm (25.9 cm)<\/td>\n<\/tr>\n<tr>\n<td>Pi\u017c (mhux mg\u0127obbi):<\/td>\n<td>2.83 kg<\/td>\n<\/tr>\n<tr>\n<td>Rifling:<\/td>\n<td>Rata ta&#8217; dawran 1:8<\/td>\n<\/tr>\n<tr>\n<td>Kamin tal-Kanna:<\/td>\n<td>14\u00d71 xellug<\/td>\n<\/tr>\n<tr>\n<td>Azzjoni:<\/td>\n<td>Bolt rotanti, semi-awtomatiku<\/td>\n<\/tr>\n<tr>\n<td>Kapa\u010bit\u00e0 tal-Magazin:<\/td>\n<\/tr>\n<\/table>\n<h2>Deskrizzjoni:<\/h2>\n<p>Ir-rifle Mini Jack 5.56x45mm Polymer QD g\u0127andu kanna mqassra. Il-kostruzzjoni tal-polymer tnaqqas il-pi\u017c totali.<\/p>\n<p>Dan ir-rifle g\u0127andu swi\u010b\u010b tas-selezzjonatur tan-nar u rilaxx tal-magazin imkabbra. Ir-rail tal-\u0121enb jippermetti l-immuntar ta&#8217; otti\u010bi differenti.<\/p>\n<p>Bil-punti ta&#8217; mmuntar quick-detach (QD), l-utenti jistg\u0127u jwa\u0127\u0127lu u jne\u0127\u0127u malajr is-slings jew a\u010b\u010bessorji o\u0127ra.<\/p>\n<p>Il-Mini Jack 5.56x45mm Polymer QD jg\u0127aqqad l-affidabbilt\u00e0 tal-pjattaforma AK ma&#8217; materjali u disinn moderni.<\/p>\n","protected":false},"excerpt":{"rendered":"<p>Azzarin tal-polimeru kompatt b&#8217;kanna ta&#8217; 25.9cm. Semi-awtomatiku 5.56x45mm\/.223 REM. Immuntar QD, rail tal-\u0121enb.<\/p>\n","protected":false},"featured_media":579533,"template":"","meta":{"_acf_changed":false},"product_brand":[],"product_cat":[642],"product_tag":[],"class_list":{"0":"post-579419","1":"product","2":"type-product","3":"status-publish","4":"has-post-thumbnail","6":"product_cat-rifle-mt","8":"first","9":"outofstock","10":"taxable","11":"shipping-taxable","12":"product-type-simple"},"acf":[],"_links":{"self":[{"href":"https:\/\/staging.nbg.eu\/mt\/wp-json\/wp\/v2\/product\/579419","targetHints":{"allow":["GET"]}}],"collection":[{"href":"https:\/\/staging.nbg.eu\/mt\/wp-json\/wp\/v2\/product"}],"about":[{"href":"https:\/\/staging.nbg.eu\/mt\/wp-json\/wp\/v2\/types\/product"}],"wp:featuredmedia":[{"embeddable":true,"href":"https:\/\/staging.nbg.eu\/mt\/wp-json\/wp\/v2\/media\/579533"}],"wp:attachment":[{"href":"https:\/\/staging.nbg.eu\/mt\/wp-json\/wp\/v2\/media?parent=579419"}],"wp:term":[{"taxonomy":"product_brand","embeddable":true,"href":"https:\/\/staging.nbg.eu\/mt\/wp-json\/wp\/v2\/product_brand?post=579419"},{"taxonomy":"product_cat","embeddable":true,"href":"https:\/\/staging.nbg.eu\/mt\/wp-json\/wp\/v2\/product_cat?post=579419"},{"taxonomy":"product_tag","embeddable":true,"href":"https:\/\/staging.nbg.eu\/mt\/wp-json\/wp\/v2\/product_tag?post=579419"}],"curies":[{"name":"wp","href":"https:\/\/api.w.org\/{rel}","templated":true}]}}