{"id":57858,"date":"2024-02-20T19:42:37","date_gmt":"2024-09-13T14:48:47","guid":{"rendered":"https:\/\/staging.nbg.eu\/product\/geissele-super-precision-t1-mount-lower-1-3-co-witness\/"},"modified":"2024-09-13T14:49:42","modified_gmt":"2024-09-13T14:49:42","slug":"geissele-super-precision-sopport-t1-lower-13-co-witness","status":"publish","type":"product","link":"https:\/\/staging.nbg.eu\/mt\/product\/geissele-super-precision-sopport-t1-lower-13-co-witness\/","title":{"rendered":"Geissele Super Precision Sopport T1 &#8211; Lower 1\/3 Co-Witness"},"content":{"rendered":"<div class=\"product-description\">\n<h2>Geissele Super Precision T1 Mount &#8211; Lower 1\/3 Co-Witness (DDC)<\/h2>\n<p>Il-Geissele Super Precision T1 Mount huwa ddisinjat g\u0127all-Aimpoint T1 u ottika simili ta&#8217; dot a\u0127mar. Dan il-mount joffri:<\/p>\n<ul>\n<li>Mag\u0127mul b&#8217;mod pre\u010bi\u017c minn bi\u010b\u010ba wa\u0127da ta&#8217; aluminju 7075-T6 ta&#8217; sa\u0127\u0127a g\u0127olja<\/li>\n<li>G\u0127a\u017cla ta&#8217; Lower 1\/3 co-witness g\u0127al stampa ottimali<\/li>\n<li>Finitura anodizzata ta&#8217; tip 3 b&#8217;kulur DDC (Desert Dirt Color)<\/li>\n<li>Metodu ta&#8217; rbit b&#8217;nut u bolt li jipprovdi 1,400 libra ta&#8217; forza ta&#8217; klampjar<\/li>\n<li>3 shear lugs g\u0127al ri\u0121idit\u00e0 massima u ritorn g\u0127al \u017cero<\/li>\n<\/ul>\n<p>Dan il-mount huwa adattat g\u0127al sparaturi serji u professjonisti.<\/p>\n<\/div>\n","protected":false},"excerpt":{"rendered":"<p>Muntat T1 ta&#8217; pre\u010bi\u017cjoni: Ko-xhud ta&#8217; terz t&#8217;isfel, finitura DDC, solidu \u0127afna.<\/p>\n","protected":false},"featured_media":57859,"template":"","meta":{"_acf_changed":false},"product_brand":[11394],"product_cat":[642],"product_tag":[],"class_list":{"0":"post-57858","1":"product","2":"type-product","3":"status-publish","4":"has-post-thumbnail","6":"product_brand-geissele","7":"product_cat-rifle-mt","9":"first","10":"instock","11":"taxable","12":"shipping-taxable","13":"product-type-variable","14":"wvs-archive-product-wrapper"},"acf":[],"_links":{"self":[{"href":"https:\/\/staging.nbg.eu\/mt\/wp-json\/wp\/v2\/product\/57858","targetHints":{"allow":["GET"]}}],"collection":[{"href":"https:\/\/staging.nbg.eu\/mt\/wp-json\/wp\/v2\/product"}],"about":[{"href":"https:\/\/staging.nbg.eu\/mt\/wp-json\/wp\/v2\/types\/product"}],"wp:featuredmedia":[{"embeddable":true,"href":"https:\/\/staging.nbg.eu\/mt\/wp-json\/wp\/v2\/media\/57859"}],"wp:attachment":[{"href":"https:\/\/staging.nbg.eu\/mt\/wp-json\/wp\/v2\/media?parent=57858"}],"wp:term":[{"taxonomy":"product_brand","embeddable":true,"href":"https:\/\/staging.nbg.eu\/mt\/wp-json\/wp\/v2\/product_brand?post=57858"},{"taxonomy":"product_cat","embeddable":true,"href":"https:\/\/staging.nbg.eu\/mt\/wp-json\/wp\/v2\/product_cat?post=57858"},{"taxonomy":"product_tag","embeddable":true,"href":"https:\/\/staging.nbg.eu\/mt\/wp-json\/wp\/v2\/product_tag?post=57858"}],"curies":[{"name":"wp","href":"https:\/\/api.w.org\/{rel}","templated":true}]}}