{"id":577925,"date":"2025-10-10T18:01:49","date_gmt":"2025-10-10T15:01:49","guid":{"rendered":"https:\/\/staging.nbg.eu\/product\/x-ray-pcc-spacer-rh\/"},"modified":"2025-10-15T12:42:37","modified_gmt":"2025-10-15T09:42:37","slug":"x-ray-pcc-spacer-rh","status":"publish","type":"product","link":"https:\/\/staging.nbg.eu\/mt\/product\/x-ray-pcc-spacer-rh\/","title":{"rendered":"# X-Ray PCC Spacer RH"},"content":{"rendered":"<h2>Spazjatur Esti\u017c tal-Magazin X-Ray PCC g\u0127all-Lemin<\/h2>\n<p>Dan l-ispazjatur X-Ray PCC esti\u017c huwa g\u0127al sparaturi tal-lemin. Huwa ddisinjat g\u0127al u\u017cu ma&#8217; magazins esti\u017ci Glock f&#8217;boro\u017c skeletrizati DAA X-Ray. Dan l-ispazjatur jie\u0127u post il-ver\u017cjoni standard, u jippermetti lill-magazins twal li jestendu minn ta\u0127t il-bor\u017ca.<\/p>\n<h2>Karatteristi\u010bi Ewlenin:<\/h2>\n<ul>\n<li>Kompatibbli ma&#8217; boro\u017c DAA X-Ray tal-aluminju u tal-polimer<\/li>\n<li>Iddisinjat spe\u010bifikament g\u0127al magazins esti\u017ci Glock PCC<\/li>\n<li>Drieg\u0127 ta&#8217; appo\u0121\u0121 po\u0121\u0121ut wara l-magazin<\/li>\n<li>Itejjeb il-bilan\u010b u \u017c-\u017camma<\/li>\n<li>Installazzjoni velo\u010bi u fa\u010bli<\/li>\n<\/ul>\n<p>Nota: Backspacer medju rakkomandat (inklu\u017c mal-Boro\u017c X-Ray). Bor\u017ca tal-magazin u magazin mhux inklu\u017ci. Spazjatur wie\u0127ed biss.<\/p>\n","protected":false},"excerpt":{"rendered":"<p>\u017bomm b&#8217;mod sigur maga\u017cins esti\u017ci tal-PCC f&#8217;boro\u017c DAA X-Ray. Ver\u017cjoni tal-lemin.<\/p>\n","protected":false},"featured_media":577966,"template":"","meta":{"_acf_changed":false},"product_brand":[],"product_cat":[565,566],"product_tag":[],"class_list":{"0":"post-577925","1":"product","2":"type-product","3":"status-publish","4":"has-post-thumbnail","6":"product_cat-gear-mt","7":"product_cat-pouches-mt","9":"first","10":"instock","11":"taxable","12":"shipping-taxable","13":"purchasable","14":"product-type-simple"},"acf":[],"_links":{"self":[{"href":"https:\/\/staging.nbg.eu\/mt\/wp-json\/wp\/v2\/product\/577925","targetHints":{"allow":["GET"]}}],"collection":[{"href":"https:\/\/staging.nbg.eu\/mt\/wp-json\/wp\/v2\/product"}],"about":[{"href":"https:\/\/staging.nbg.eu\/mt\/wp-json\/wp\/v2\/types\/product"}],"wp:featuredmedia":[{"embeddable":true,"href":"https:\/\/staging.nbg.eu\/mt\/wp-json\/wp\/v2\/media\/577966"}],"wp:attachment":[{"href":"https:\/\/staging.nbg.eu\/mt\/wp-json\/wp\/v2\/media?parent=577925"}],"wp:term":[{"taxonomy":"product_brand","embeddable":true,"href":"https:\/\/staging.nbg.eu\/mt\/wp-json\/wp\/v2\/product_brand?post=577925"},{"taxonomy":"product_cat","embeddable":true,"href":"https:\/\/staging.nbg.eu\/mt\/wp-json\/wp\/v2\/product_cat?post=577925"},{"taxonomy":"product_tag","embeddable":true,"href":"https:\/\/staging.nbg.eu\/mt\/wp-json\/wp\/v2\/product_tag?post=577925"}],"curies":[{"name":"wp","href":"https:\/\/api.w.org\/{rel}","templated":true}]}}