{"id":577573,"date":"2025-10-10T16:06:59","date_gmt":"2025-10-10T13:06:59","guid":{"rendered":"https:\/\/staging.nbg.eu\/product\/polymer-magazine-556x45-mm-for-akm-rifles-10-rounds\/"},"modified":"2025-10-15T12:30:26","modified_gmt":"2025-10-15T09:30:26","slug":"magazin-polimeru-556x45-mm-gal-armi-akm-10-tir","status":"publish","type":"product","link":"https:\/\/staging.nbg.eu\/mt\/product\/magazin-polimeru-556x45-mm-gal-armi-akm-10-tir\/","title":{"rendered":"Maga\u017cin Polimeru 5,56&#215;45 mm g\u0127al Armi AKM 10 tir"},"content":{"rendered":"<h2>Magazin tal-Polimeru g\u0127all-AK 5,56&#215;45 mm \/ .223 Rem &#8211; 10 Tiri<\/h2>\n<p>Magazin tal-polimeru minn WBP Rog\u00f3w g\u0127ar-rifle AK. Ma\u0127sub g\u0127al munizzjon ta&#8217; 5,56&#215;45 mm \/ .223 Rem, dan il-magazin ta&#8217; 10 tiri huwa kompatibbli ma&#8217; karabini Jack, Mini Jack, Beryl, u Mini Beryl.<\/p>\n<h2>Karatteristi\u010bi Ewlenin:<\/h2>\n<ul>\n<li>Kostruzzjoni tal-polimeru<\/li>\n<li>Disinn \u0127afif<\/li>\n<li>Korp semi-trasparenti g\u0127al kontrolli velo\u010bi tal-munizzjon<\/li>\n<li>Pjan\u010ba tal-qieg\u0127 tal-azzar<\/li>\n<\/ul>\n<h2>Spe\u010bifikazzjonijiet Tekni\u010bi:<\/h2>\n<ul>\n<li>Korp: Polimeru<\/li>\n<li>Follower: Azzar<\/li>\n<li>Kalibru: 5,56&#215;45 mm \/ .223 Rem<\/li>\n<li>Kapa\u010bit\u00e0: 10 tiri<\/li>\n<li>Pi\u017c: 103 g<\/li>\n<li>Kulur: Trasparenti<\/li>\n<\/ul>\n<p>Dan il-magazin huwa disponibbli g\u0127ar-rifle AK tieg\u0127ek.<\/p>\n","protected":false},"excerpt":{"rendered":"<p>Buttuna tal-Polymer AK, 10 tiri, 5.56&#215;45\/.223, semi-trasparenti, WBP Rog\u00f3w<\/p>\n","protected":false},"featured_media":577581,"template":"","meta":{"_acf_changed":false},"product_brand":[],"product_cat":[642,2772],"product_tag":[],"class_list":{"0":"post-577573","1":"product","2":"type-product","3":"status-publish","4":"has-post-thumbnail","6":"product_cat-rifle-mt","7":"product_cat-rifle-magazines-mt","9":"first","10":"outofstock","11":"taxable","12":"shipping-taxable","13":"product-type-simple"},"acf":[],"_links":{"self":[{"href":"https:\/\/staging.nbg.eu\/mt\/wp-json\/wp\/v2\/product\/577573","targetHints":{"allow":["GET"]}}],"collection":[{"href":"https:\/\/staging.nbg.eu\/mt\/wp-json\/wp\/v2\/product"}],"about":[{"href":"https:\/\/staging.nbg.eu\/mt\/wp-json\/wp\/v2\/types\/product"}],"wp:featuredmedia":[{"embeddable":true,"href":"https:\/\/staging.nbg.eu\/mt\/wp-json\/wp\/v2\/media\/577581"}],"wp:attachment":[{"href":"https:\/\/staging.nbg.eu\/mt\/wp-json\/wp\/v2\/media?parent=577573"}],"wp:term":[{"taxonomy":"product_brand","embeddable":true,"href":"https:\/\/staging.nbg.eu\/mt\/wp-json\/wp\/v2\/product_brand?post=577573"},{"taxonomy":"product_cat","embeddable":true,"href":"https:\/\/staging.nbg.eu\/mt\/wp-json\/wp\/v2\/product_cat?post=577573"},{"taxonomy":"product_tag","embeddable":true,"href":"https:\/\/staging.nbg.eu\/mt\/wp-json\/wp\/v2\/product_tag?post=577573"}],"curies":[{"name":"wp","href":"https:\/\/api.w.org\/{rel}","templated":true}]}}