{"id":577334,"date":"2025-10-10T16:06:55","date_gmt":"2025-10-10T13:06:55","guid":{"rendered":"https:\/\/staging.nbg.eu\/product\/polymer-magazine-762x39-mm-for-akm-rifle-30-rounds\/"},"modified":"2025-10-15T12:27:20","modified_gmt":"2025-10-15T09:27:20","slug":"magazin-polimeru-762x39-mm-gal-arma-akm-30-tir","status":"publish","type":"product","link":"https:\/\/staging.nbg.eu\/mt\/product\/magazin-polimeru-762x39-mm-gal-arma-akm-30-tir\/","title":{"rendered":"Maga\u017cin Polimeru 7,62&#215;39 mm g\u0127al Arma AKM 30 tir"},"content":{"rendered":"<div class=\"product-description\">\n<h2>WBP\u00ae Magazin tal-Polimer g\u0127al Rifles AK\/AKM &#8211; 7.62&#215;39 mm, 30 Tir<\/h2>\n<p>Magazin ta&#8217; 30 tir g\u0127ar-rifles AK\/AKM minn WBP\u00ae. Mag\u0127mul fil-Polonja, dan il-magazin g\u0127andu:<\/p>\n<ul>\n<li>Korp tal-polimer trasparenti g\u0127al verifiki ta&#8217; munizzjon<\/li>\n<li>Disinn \u0127afif b&#8217;ba\u017ci tal-azzar rinforzata<\/li>\n<li>Kompatibbli mal-bi\u010b\u010ba l-kbira tar-rifles tal-pjattaforma AK-47 f&#8217;7.62\u00d739 mm<\/li>\n<li>Seng\u0127a Pollakka ttestjata minn forzi spe\u010bjali<\/li>\n<\/ul>\n<p>Magazin tal-polimer WBP g\u0127al rifles AK. G\u0127al dawk li ju\u017caw l-AK u jridu a\u010b\u010bessorji ta&#8217; kwalit\u00e0 g\u0127all-armi tan-nar tag\u0127hom.<\/p>\n<p><strong>Spe\u010bifikazzjonijiet:<\/strong> Kalibru: 7.62&#215;39 mm | Kapa\u010bit\u00e0: 30 tir | Materjal: Polimer b&#8217;ba\u017ci tal-azzar<\/p>\n<\/div>\n","protected":false},"excerpt":{"rendered":"<p>Kaxxa ta&#8217; 30 tir trasparenti g\u0127all-AK\/AKM. Polimer re\u017cistenti, ba\u017ci tal-azzar. 7.62x39mm.<\/p>\n","protected":false},"featured_media":577406,"template":"","meta":{"_acf_changed":false},"product_brand":[],"product_cat":[642,2772],"product_tag":[],"class_list":{"0":"post-577334","1":"product","2":"type-product","3":"status-publish","4":"has-post-thumbnail","6":"product_cat-rifle-mt","7":"product_cat-rifle-magazines-mt","9":"first","10":"outofstock","11":"taxable","12":"shipping-taxable","13":"product-type-simple"},"acf":[],"_links":{"self":[{"href":"https:\/\/staging.nbg.eu\/mt\/wp-json\/wp\/v2\/product\/577334","targetHints":{"allow":["GET"]}}],"collection":[{"href":"https:\/\/staging.nbg.eu\/mt\/wp-json\/wp\/v2\/product"}],"about":[{"href":"https:\/\/staging.nbg.eu\/mt\/wp-json\/wp\/v2\/types\/product"}],"wp:featuredmedia":[{"embeddable":true,"href":"https:\/\/staging.nbg.eu\/mt\/wp-json\/wp\/v2\/media\/577406"}],"wp:attachment":[{"href":"https:\/\/staging.nbg.eu\/mt\/wp-json\/wp\/v2\/media?parent=577334"}],"wp:term":[{"taxonomy":"product_brand","embeddable":true,"href":"https:\/\/staging.nbg.eu\/mt\/wp-json\/wp\/v2\/product_brand?post=577334"},{"taxonomy":"product_cat","embeddable":true,"href":"https:\/\/staging.nbg.eu\/mt\/wp-json\/wp\/v2\/product_cat?post=577334"},{"taxonomy":"product_tag","embeddable":true,"href":"https:\/\/staging.nbg.eu\/mt\/wp-json\/wp\/v2\/product_tag?post=577334"}],"curies":[{"name":"wp","href":"https:\/\/api.w.org\/{rel}","templated":true}]}}