{"id":576847,"date":"2025-10-10T16:06:53","date_gmt":"2025-10-10T13:06:53","guid":{"rendered":"https:\/\/staging.nbg.eu\/product\/polymer-magazine-545x39-mm-fo-akm-rifles-30-rounds\/"},"modified":"2025-10-15T12:16:07","modified_gmt":"2025-10-15T09:16:07","slug":"magazin-polimeru-545x39-mm-gal-armi-akm-30-tir","status":"publish","type":"product","link":"https:\/\/staging.nbg.eu\/mt\/product\/magazin-polimeru-545x39-mm-gal-armi-akm-30-tir\/","title":{"rendered":"Maga\u017cin Polimeru 5,45&#215;39 mm g\u0127al Armi AKM 30 tir"},"content":{"rendered":"<div class=\"product-description\">\n<h2>Magazin tal-Polimer g\u0127al AK 5,45&#215;39 mm &#8211; 30 Tir<\/h2>\n<h2>Magazin Semi-Trasparenti WBP Rog\u00f3w<\/h2>\n<p>Magazin tal-polimer g\u0127al xkubetti AK-74 jew Tantal. Ma\u0127dum g\u0127al munizzjon ta&#8217; kalibru 5,45&#215;39 mm, dan il-magazin ta&#8217; 30 tir joffri affidabilit\u00e0.<\/p>\n<h3>Karatteristi\u010bi Ewlenin:<\/h3>\n<ul>\n<li>Kostruzzjoni tal-polimer b&#8217;sa\u0127\u0127itha<\/li>\n<li>Korp semi-trasparenti biex tara l-livell tal-munizzjon<\/li>\n<li>Pjan\u010ba tal-qieg\u0127 rinfurzata bl-azzar<\/li>\n<li>Ji\u017cen 153 gramm<\/li>\n<li>Kompatibbli ma&#8217; xkubetti AK-74 u Tantal<\/li>\n<\/ul>\n<h3>Spe\u010bifikazzjonijiet Tekni\u010bi:<\/h3>\n<ul>\n<li>Kalibru: 5,45&#215;39 mm<\/li>\n<li>Kapa\u010bit\u00e0: 30 tir<\/li>\n<li>Materjal tal-Korp u Follower: Polimer<\/li>\n<li>Materjal tal-Pjan\u010ba tal-Qieg\u0127: Azzar<\/li>\n<li>Kulur: Semi-trasparenti<\/li>\n<\/ul>\n<p>Dan il-magazin tal-polimer WBP Rog\u00f3w huwa ma\u0127sub biex jintu\u017ca ma&#8217; pjattaformi AK.<\/p>\n<\/div>\n","protected":false},"excerpt":{"rendered":"<p>Maga\u017cin ta&#8217; AK semi-trasparenti ta&#8217; 30 tir, 5.45x39mm, minn WBP Rog\u00f3w<\/p>\n","protected":false},"featured_media":576887,"template":"","meta":{"_acf_changed":false},"product_brand":[],"product_cat":[642,2772],"product_tag":[],"class_list":{"0":"post-576847","1":"product","2":"type-product","3":"status-publish","4":"has-post-thumbnail","6":"product_cat-rifle-mt","7":"product_cat-rifle-magazines-mt","9":"first","10":"outofstock","11":"taxable","12":"shipping-taxable","13":"product-type-simple"},"acf":[],"_links":{"self":[{"href":"https:\/\/staging.nbg.eu\/mt\/wp-json\/wp\/v2\/product\/576847","targetHints":{"allow":["GET"]}}],"collection":[{"href":"https:\/\/staging.nbg.eu\/mt\/wp-json\/wp\/v2\/product"}],"about":[{"href":"https:\/\/staging.nbg.eu\/mt\/wp-json\/wp\/v2\/types\/product"}],"wp:featuredmedia":[{"embeddable":true,"href":"https:\/\/staging.nbg.eu\/mt\/wp-json\/wp\/v2\/media\/576887"}],"wp:attachment":[{"href":"https:\/\/staging.nbg.eu\/mt\/wp-json\/wp\/v2\/media?parent=576847"}],"wp:term":[{"taxonomy":"product_brand","embeddable":true,"href":"https:\/\/staging.nbg.eu\/mt\/wp-json\/wp\/v2\/product_brand?post=576847"},{"taxonomy":"product_cat","embeddable":true,"href":"https:\/\/staging.nbg.eu\/mt\/wp-json\/wp\/v2\/product_cat?post=576847"},{"taxonomy":"product_tag","embeddable":true,"href":"https:\/\/staging.nbg.eu\/mt\/wp-json\/wp\/v2\/product_tag?post=576847"}],"curies":[{"name":"wp","href":"https:\/\/api.w.org\/{rel}","templated":true}]}}