{"id":576654,"date":"2025-10-10T15:52:39","date_gmt":"2025-10-10T12:52:39","guid":{"rendered":"https:\/\/staging.nbg.eu\/product\/adapter-single-arta435-52-52mm\/"},"modified":"2025-10-15T12:10:50","modified_gmt":"2025-10-15T09:10:50","slug":"adapter-singolu-arta435-52-52mm","status":"publish","type":"product","link":"https:\/\/staging.nbg.eu\/mt\/product\/adapter-singolu-arta435-52-52mm\/","title":{"rendered":"Adapter Singolu ARTA435-52, 52mm"},"content":{"rendered":"<div class=\"product-description\">\n<h2>Adapter uniku ARTA435-52, 52mm<\/h2>\n<p>L-ARTA435-52 huwa adapter b&#8217;\u0127elsien rapidu g\u0127al apparat Guide TA u TB Thermal Clip-On. Dan l-adapter ta&#8217; 52mm huwa g\u0127all-konnessjoni ta&#8217; teleskopju ta&#8217; matul il-jum ma&#8217; clip-on termali.<\/p>\n<h2>Karatteristi\u010bi Ewlenin:<\/h2>\n<ul>\n<li>Kompatibbli ma&#8217; apparat li ju\u017ca kamin M33.5&#215;0.75<\/li>\n<li>Mag\u0127mul minn aluminju<\/li>\n<li>Partijiet li ji\u010b\u010baqilqu mag\u0127mula minn azzar iebes<\/li>\n<li>Kisja interna protettiva<\/li>\n<li>Ji\u017cgura qbid sod u jipprote\u0121i l-ottika<\/li>\n<li>Mekkani\u017cmu ta&#8217; \u0127elsien rapidu<\/li>\n<\/ul>\n<h2>Kompatibbilt\u00e0:<\/h2>\n<p>Dan l-adapter huwa kompatibbli ma&#8217; diversi clip-ons termali, inklu\u017c:<\/p>\n<ul>\n<li>Serje Guide TB u TA<\/li>\n<li>Athlon Cronus ATS Pro<\/li>\n<li>Burris BTC50, BTC35 v2 u v3<\/li>\n<li>Steiner Nighthunter C35 Gen I u Gen II<\/li>\n<li>Konus Fiery<\/li>\n<li>Nitehog Viper<\/li>\n<\/ul>\n<p>Kun \u017cgur li l-lenti o\u0121\u0121ettiva tat-teleskopju tieg\u0127ek g\u0127andha dijametru estern ta&#8217; 52mm qabel ix-xiri. G\u0127al g\u0127a\u017cliet ta&#8217; munta\u0121\u0121 alternattivi, ikkunsidra l-adapters tal-Picatinny rail tag\u0127na disponibbli f&#8217;g\u0127oli differenti.<\/p>\n<p>Mag\u0127mul minn Rusan-Mikron, dan l-adapter jiffittja ma&#8217; l-apparat termali tieg\u0127ek. L-adapter ARTA435-52 huwa g\u0127all-ka\u010b\u010ba jew u\u017cu tattiku.<\/p>\n<\/div>\n","protected":false},"excerpt":{"rendered":"<p>Adapter Rusan ta&#8217; 52mm g\u0127al thermal clip-ons tal-Guide. \u0126elsien malajr, aluminium.<\/p>\n","protected":false},"featured_media":576733,"template":"","meta":{"_acf_changed":false},"product_brand":[],"product_cat":[796,2916,2377],"product_tag":[],"class_list":{"0":"post-576654","1":"product","2":"type-product","3":"status-publish","4":"has-post-thumbnail","6":"product_cat-aiming-mt","7":"product_cat-aiming-accessories-mt","8":"product_cat-thermal-mt","10":"first","11":"outofstock","12":"taxable","13":"shipping-taxable","14":"purchasable","15":"product-type-simple"},"acf":[],"_links":{"self":[{"href":"https:\/\/staging.nbg.eu\/mt\/wp-json\/wp\/v2\/product\/576654","targetHints":{"allow":["GET"]}}],"collection":[{"href":"https:\/\/staging.nbg.eu\/mt\/wp-json\/wp\/v2\/product"}],"about":[{"href":"https:\/\/staging.nbg.eu\/mt\/wp-json\/wp\/v2\/types\/product"}],"wp:featuredmedia":[{"embeddable":true,"href":"https:\/\/staging.nbg.eu\/mt\/wp-json\/wp\/v2\/media\/576733"}],"wp:attachment":[{"href":"https:\/\/staging.nbg.eu\/mt\/wp-json\/wp\/v2\/media?parent=576654"}],"wp:term":[{"taxonomy":"product_brand","embeddable":true,"href":"https:\/\/staging.nbg.eu\/mt\/wp-json\/wp\/v2\/product_brand?post=576654"},{"taxonomy":"product_cat","embeddable":true,"href":"https:\/\/staging.nbg.eu\/mt\/wp-json\/wp\/v2\/product_cat?post=576654"},{"taxonomy":"product_tag","embeddable":true,"href":"https:\/\/staging.nbg.eu\/mt\/wp-json\/wp\/v2\/product_tag?post=576654"}],"curies":[{"name":"wp","href":"https:\/\/api.w.org\/{rel}","templated":true}]}}