{"id":575733,"date":"2025-10-10T12:35:10","date_gmt":"2025-10-10T09:35:10","guid":{"rendered":"https:\/\/staging.nbg.eu\/product\/grips-kmr-l-diamondcut-short-brass\/"},"modified":"2025-10-15T11:55:52","modified_gmt":"2025-10-15T08:55:52","slug":"grips-kmr-l-diamondcut-qasir-brass","status":"publish","type":"product","link":"https:\/\/staging.nbg.eu\/mt\/product\/grips-kmr-l-diamondcut-qasir-brass\/","title":{"rendered":"Grips KMR L Diamondcut Qasir Brass"},"content":{"rendered":"<h2>GRIPS KMR L DIAMONDCUT QOSRA TAL-BRASS<\/h2>\n<p><strong>Referenza:<\/strong> 0611-05202-0316 | <strong>Marka:<\/strong> KMR Precision Arms<\/p>\n<p>Il-GRIPS KMR L DIAMONDCUT QOSRA TAL-BRASS huma mag\u0127mula g\u0127all-mudelli KMR L-02 SPECTRA u UMBRA (sa 2023). Dawn il-grips qosra joffru kontroll u kumdit\u00e0.<\/p>\n<p>Karatteristi\u010bi ewlenin:<\/p>\n<ul>\n<li>Ma\u0127duma g\u0127all-armi tan-nar KMR<\/li>\n<li>Tul qasir tal-grip g\u0127al manuvrabbilt\u00e0 a\u0127jar<\/li>\n<li>Tessut diamondcut g\u0127al qabda u kontroll<\/li>\n<li>Mag\u0127mula minn brass g\u0127al durabbilt\u00e0<\/li>\n<li>Kompatibbli mal-mudelli KMR L-02 SPECTRA u UMBRA sa 2023<\/li>\n<\/ul>\n<p>Dawn il-grips huma mag\u0127mula biex itejbu l-prestazzjoni u l-kumdit\u00e0 tal-isparar tal-arma tan-nar KMR tieg\u0127ek.<\/p>\n","protected":false},"excerpt":{"rendered":"<p>Mankijiet qosra tal-brass diamondcut g\u0127al xkubetti KMR L-02. Qisien pre\u010bi\u017ci.<\/p>\n","protected":false},"featured_media":575768,"template":"","meta":{"_acf_changed":false},"product_brand":[],"product_cat":[918],"product_tag":[],"class_list":{"0":"post-575733","1":"product","2":"type-product","3":"status-publish","4":"has-post-thumbnail","6":"product_cat-kmr-parts-mt","8":"first","9":"instock","10":"taxable","11":"shipping-taxable","12":"purchasable","13":"product-type-simple"},"acf":[],"_links":{"self":[{"href":"https:\/\/staging.nbg.eu\/mt\/wp-json\/wp\/v2\/product\/575733","targetHints":{"allow":["GET"]}}],"collection":[{"href":"https:\/\/staging.nbg.eu\/mt\/wp-json\/wp\/v2\/product"}],"about":[{"href":"https:\/\/staging.nbg.eu\/mt\/wp-json\/wp\/v2\/types\/product"}],"wp:featuredmedia":[{"embeddable":true,"href":"https:\/\/staging.nbg.eu\/mt\/wp-json\/wp\/v2\/media\/575768"}],"wp:attachment":[{"href":"https:\/\/staging.nbg.eu\/mt\/wp-json\/wp\/v2\/media?parent=575733"}],"wp:term":[{"taxonomy":"product_brand","embeddable":true,"href":"https:\/\/staging.nbg.eu\/mt\/wp-json\/wp\/v2\/product_brand?post=575733"},{"taxonomy":"product_cat","embeddable":true,"href":"https:\/\/staging.nbg.eu\/mt\/wp-json\/wp\/v2\/product_cat?post=575733"},{"taxonomy":"product_tag","embeddable":true,"href":"https:\/\/staging.nbg.eu\/mt\/wp-json\/wp\/v2\/product_tag?post=575733"}],"curies":[{"name":"wp","href":"https:\/\/api.w.org\/{rel}","templated":true}]}}