{"id":575538,"date":"2025-10-10T12:34:58","date_gmt":"2025-10-10T09:34:58","guid":{"rendered":"https:\/\/staging.nbg.eu\/product\/grips-kmr-l-dotmatrix-ergo-brass\/"},"modified":"2025-10-15T11:44:27","modified_gmt":"2025-10-15T08:44:27","slug":"grips-kmr-l-dotmatrix-ergo-brass","status":"publish","type":"product","link":"https:\/\/staging.nbg.eu\/mt\/product\/grips-kmr-l-dotmatrix-ergo-brass\/","title":{"rendered":"Grips KMR L Dotmatrix Ergo Brass"},"content":{"rendered":"<h2>GRIPS KMR S DOTMATRIX ERGO BRASS<\/h2>\n<p><strong>Referenza:<\/strong> 0611-03001-0316<\/p>\n<p><strong>Ditta:<\/strong> KMR Precision Arms<\/p>\n<p>Il-GRIPS KMR S DOTMATRIX ERGO BRASS huma kompatibbli ma&#8217; diversi mudelli ta&#8217; KMR u CZ, inklu\u017c il-KMR S-01 LANCE (OR), KMR S-02 (sa 2023), CZ SHADOW 1, CZ SHADOW 2, CZ SHADOW 2 (OR), u CZ SP-01.<\/p>\n<p>Dawn il-grips g\u0127andhom tul s\u0127i\u0127 ming\u0127ajr magwell. It-texture Dotmatrix Ergo tipprovdi qbid sod. <\/p>\n<p>Mag\u0127mulin mill-brass, dawn il-grips huma tajbin g\u0127al sparaturi kompetittivi u dilettanti tal-armi tan-nar.<\/p>\n","protected":false},"excerpt":{"rendered":"<p>Mankijiet ergonomi\u010bi tal-bron\u017c g\u0127al pistoli KMR. Tessut dotmatrix, daqs s\u0127i\u0127.<\/p>\n","protected":false},"featured_media":575561,"template":"","meta":{"_acf_changed":false},"product_brand":[],"product_cat":[918],"product_tag":[],"class_list":{"0":"post-575538","1":"product","2":"type-product","3":"status-publish","4":"has-post-thumbnail","6":"product_cat-kmr-parts-mt","8":"first","9":"instock","10":"taxable","11":"shipping-taxable","12":"purchasable","13":"product-type-simple"},"acf":[],"_links":{"self":[{"href":"https:\/\/staging.nbg.eu\/mt\/wp-json\/wp\/v2\/product\/575538","targetHints":{"allow":["GET"]}}],"collection":[{"href":"https:\/\/staging.nbg.eu\/mt\/wp-json\/wp\/v2\/product"}],"about":[{"href":"https:\/\/staging.nbg.eu\/mt\/wp-json\/wp\/v2\/types\/product"}],"wp:featuredmedia":[{"embeddable":true,"href":"https:\/\/staging.nbg.eu\/mt\/wp-json\/wp\/v2\/media\/575561"}],"wp:attachment":[{"href":"https:\/\/staging.nbg.eu\/mt\/wp-json\/wp\/v2\/media?parent=575538"}],"wp:term":[{"taxonomy":"product_brand","embeddable":true,"href":"https:\/\/staging.nbg.eu\/mt\/wp-json\/wp\/v2\/product_brand?post=575538"},{"taxonomy":"product_cat","embeddable":true,"href":"https:\/\/staging.nbg.eu\/mt\/wp-json\/wp\/v2\/product_cat?post=575538"},{"taxonomy":"product_tag","embeddable":true,"href":"https:\/\/staging.nbg.eu\/mt\/wp-json\/wp\/v2\/product_tag?post=575538"}],"curies":[{"name":"wp","href":"https:\/\/api.w.org\/{rel}","templated":true}]}}