{"id":575394,"date":"2025-10-10T12:34:58","date_gmt":"2025-10-10T09:34:58","guid":{"rendered":"https:\/\/staging.nbg.eu\/product\/grips-kmr-l-dotmatrix-short-for-orca-emiq-pink\/"},"modified":"2025-10-15T11:40:27","modified_gmt":"2025-10-15T08:40:27","slug":"grips-kmr-l-dotmatrix-qasir-gal-orca-emiq-roza","status":"publish","type":"product","link":"https:\/\/staging.nbg.eu\/mt\/product\/grips-kmr-l-dotmatrix-qasir-gal-orca-emiq-roza\/","title":{"rendered":"Grips KMR L Dotmatrix Qasir g\u0127al ORCA, EMIQ Ro\u017ca"},"content":{"rendered":"<div class=\"product-description\">\n<h2>GRIPS KMR L DOTMATRIX QOSRA g\u0127al ORCA, EMIQ &#8211; RO\u017b<\/h2>\n<p>Grips tal-duraluminju minn KMR Precision Arms. G\u0127andhom disinn ta&#8217; ballun tal-golf li joffri kontroll.<\/p>\n<ul>\n<li>Referenza: 0611-03202-0110<\/li>\n<li>Kulur: Ro\u017c<\/li>\n<li>Daqs: Qasir<\/li>\n<li>Materjal: Duraluminju anodizzat<\/li>\n<li>Disinn: Dotmatrix (ballun tal-golf)<\/li>\n<li>U\u017cu: Bil-gwida tal-magazin<\/li>\n<li>Jinkludi: Viti Torx<\/li>\n<\/ul>\n<p>G\u0127al titjib ta&#8217; pistola e\u017cistenti jew g\u0127al arma tan-nar g\u0127al kompetizzjoni. Kompatibbli ma&#8217; mudelli KMR L-02 EMIQ, KMR L-02 EMIQ (OR), u KMR L-02 ORCA (sa 2023).<\/p>\n<p>Testura u qbid sod g\u0127al kull tiratur. Minn KMR Precision Arms.<\/p>\n<\/div>\n","protected":false},"excerpt":{"rendered":"<p>Mankijiet tal-aluminju KMR ro\u017ca g\u0127al ORCA, EMIQ. Disinn ta&#8217; ballun tal-golf, qosra.<\/p>\n","protected":false},"featured_media":575425,"template":"","meta":{"_acf_changed":false},"product_brand":[],"product_cat":[918],"product_tag":[],"class_list":{"0":"post-575394","1":"product","2":"type-product","3":"status-publish","4":"has-post-thumbnail","6":"product_cat-kmr-parts-mt","8":"first","9":"instock","10":"taxable","11":"shipping-taxable","12":"purchasable","13":"product-type-simple"},"acf":[],"_links":{"self":[{"href":"https:\/\/staging.nbg.eu\/mt\/wp-json\/wp\/v2\/product\/575394","targetHints":{"allow":["GET"]}}],"collection":[{"href":"https:\/\/staging.nbg.eu\/mt\/wp-json\/wp\/v2\/product"}],"about":[{"href":"https:\/\/staging.nbg.eu\/mt\/wp-json\/wp\/v2\/types\/product"}],"wp:featuredmedia":[{"embeddable":true,"href":"https:\/\/staging.nbg.eu\/mt\/wp-json\/wp\/v2\/media\/575425"}],"wp:attachment":[{"href":"https:\/\/staging.nbg.eu\/mt\/wp-json\/wp\/v2\/media?parent=575394"}],"wp:term":[{"taxonomy":"product_brand","embeddable":true,"href":"https:\/\/staging.nbg.eu\/mt\/wp-json\/wp\/v2\/product_brand?post=575394"},{"taxonomy":"product_cat","embeddable":true,"href":"https:\/\/staging.nbg.eu\/mt\/wp-json\/wp\/v2\/product_cat?post=575394"},{"taxonomy":"product_tag","embeddable":true,"href":"https:\/\/staging.nbg.eu\/mt\/wp-json\/wp\/v2\/product_tag?post=575394"}],"curies":[{"name":"wp","href":"https:\/\/api.w.org\/{rel}","templated":true}]}}