{"id":575274,"date":"2025-10-10T12:34:57","date_gmt":"2025-10-10T09:34:57","guid":{"rendered":"https:\/\/staging.nbg.eu\/product\/grips-kmr-l-waves-titan\/"},"modified":"2025-10-15T11:34:24","modified_gmt":"2025-10-15T08:34:24","slug":"grips-kmr-l-mewgiet-titan","status":"publish","type":"product","link":"https:\/\/staging.nbg.eu\/mt\/product\/grips-kmr-l-mewgiet-titan\/","title":{"rendered":"Grips KMR L Mew\u0121iet Titan"},"content":{"rendered":"<div class=\"product-description\">\n<h2>GRIPS KMR L WAVES TITAN<\/h2>\n<p>Il-GRIPS KMR L WAVES TITAN (Ref: 0611-05001-0107) minn KMR Precision Arms huma ddisinjati g\u0127al kontroll u pre\u010bi\u017cjoni. Dawn il-grips tad-daqs s\u0127i\u0127 g\u0127andhom tessitura WAVES.<\/p>\n<h2>Karatteristi\u010bi Ewlenin:<\/h2>\n<ul>\n<li>Kompatibbli ma&#8217; mudelli KMR L-02 SPECTRA u UMBRA<\/li>\n<li>Grip tad-daqs s\u0127i\u0127 ming\u0127ajr magwell<\/li>\n<li>Tessitura WAVES<\/li>\n<li>Kulur titan<\/li>\n<\/ul>\n<p>Il-GRIPS KMR L WAVES TITAN joffru pre\u010bi\u017cjoni u kumdit\u00e0.<\/p>\n<\/div>\n","protected":false},"excerpt":{"rendered":"<p>GRIPS KMR L WAVES TITAN: \u017bid il-kontroll u l-pre\u010bi\u017cjoni fil-kulur tat-titan.<\/p>\n","protected":false},"featured_media":575301,"template":"","meta":{"_acf_changed":false},"product_brand":[],"product_cat":[918],"product_tag":[],"class_list":{"0":"post-575274","1":"product","2":"type-product","3":"status-publish","4":"has-post-thumbnail","6":"product_cat-kmr-parts-mt","8":"first","9":"instock","10":"taxable","11":"shipping-taxable","12":"purchasable","13":"product-type-simple"},"acf":[],"_links":{"self":[{"href":"https:\/\/staging.nbg.eu\/mt\/wp-json\/wp\/v2\/product\/575274","targetHints":{"allow":["GET"]}}],"collection":[{"href":"https:\/\/staging.nbg.eu\/mt\/wp-json\/wp\/v2\/product"}],"about":[{"href":"https:\/\/staging.nbg.eu\/mt\/wp-json\/wp\/v2\/types\/product"}],"wp:featuredmedia":[{"embeddable":true,"href":"https:\/\/staging.nbg.eu\/mt\/wp-json\/wp\/v2\/media\/575301"}],"wp:attachment":[{"href":"https:\/\/staging.nbg.eu\/mt\/wp-json\/wp\/v2\/media?parent=575274"}],"wp:term":[{"taxonomy":"product_brand","embeddable":true,"href":"https:\/\/staging.nbg.eu\/mt\/wp-json\/wp\/v2\/product_brand?post=575274"},{"taxonomy":"product_cat","embeddable":true,"href":"https:\/\/staging.nbg.eu\/mt\/wp-json\/wp\/v2\/product_cat?post=575274"},{"taxonomy":"product_tag","embeddable":true,"href":"https:\/\/staging.nbg.eu\/mt\/wp-json\/wp\/v2\/product_tag?post=575274"}],"curies":[{"name":"wp","href":"https:\/\/api.w.org\/{rel}","templated":true}]}}