{"id":575080,"date":"2025-10-10T12:34:49","date_gmt":"2025-10-10T09:34:49","guid":{"rendered":"https:\/\/staging.nbg.eu\/product\/grips-kmr-l-modular-brass\/"},"modified":"2025-10-15T11:28:29","modified_gmt":"2025-10-15T08:28:29","slug":"grips-kmr-l-modulari-brass","status":"publish","type":"product","link":"https:\/\/staging.nbg.eu\/mt\/product\/grips-kmr-l-modulari-brass\/","title":{"rendered":"Grips KMR L Modulari Brass"},"content":{"rendered":"<h2>GRIPS KMR L MODULAR TAL-BRASS<\/h2>\n<p><strong>Referenza:<\/strong> 0611-04101-0316<\/p>\n<p>Dan huwa grip tad-daqs s\u0127i\u0127 ma\u0127sub g\u0127all-KMR tieg\u0127ek ming\u0127ajr magwell. It-tessut modulari jipprovdi qabda sigura u jista&#8217; ji\u0121i personalizzat.<\/p>\n<h2>Armi Kompatibbli:<\/h2>\n<ul>\n<li>KMR L-02 SPECTRA (mill-2024 &#8216;il quddiem)<\/li>\n<li>KMR L-02 SPECTRA (sal-2023)<\/li>\n<li>KMR L-02 UMBRA<\/li>\n<li>KMR L-02 UMBRA (mill-2024 &#8216;il quddiem)<\/li>\n<li>KMR L-02 UMBRA (sal-2023)<\/li>\n<\/ul>\n<p>Dan il-grip jista&#8217; jintu\u017ca fuq il-KMR tieg\u0127ek.<\/p>\n","protected":false},"excerpt":{"rendered":"<p>Manku modulari tad-daqs s\u0127i\u0127 tal-brass g\u0127all-mudelli KMR L-02 SPECTRA\/UMBRA.<\/p>\n","protected":false},"featured_media":575124,"template":"","meta":{"_acf_changed":false},"product_brand":[],"product_cat":[918],"product_tag":[],"class_list":{"0":"post-575080","1":"product","2":"type-product","3":"status-publish","4":"has-post-thumbnail","6":"product_cat-kmr-parts-mt","8":"first","9":"instock","10":"taxable","11":"shipping-taxable","12":"purchasable","13":"product-type-simple"},"acf":[],"_links":{"self":[{"href":"https:\/\/staging.nbg.eu\/mt\/wp-json\/wp\/v2\/product\/575080","targetHints":{"allow":["GET"]}}],"collection":[{"href":"https:\/\/staging.nbg.eu\/mt\/wp-json\/wp\/v2\/product"}],"about":[{"href":"https:\/\/staging.nbg.eu\/mt\/wp-json\/wp\/v2\/types\/product"}],"wp:featuredmedia":[{"embeddable":true,"href":"https:\/\/staging.nbg.eu\/mt\/wp-json\/wp\/v2\/media\/575124"}],"wp:attachment":[{"href":"https:\/\/staging.nbg.eu\/mt\/wp-json\/wp\/v2\/media?parent=575080"}],"wp:term":[{"taxonomy":"product_brand","embeddable":true,"href":"https:\/\/staging.nbg.eu\/mt\/wp-json\/wp\/v2\/product_brand?post=575080"},{"taxonomy":"product_cat","embeddable":true,"href":"https:\/\/staging.nbg.eu\/mt\/wp-json\/wp\/v2\/product_cat?post=575080"},{"taxonomy":"product_tag","embeddable":true,"href":"https:\/\/staging.nbg.eu\/mt\/wp-json\/wp\/v2\/product_tag?post=575080"}],"curies":[{"name":"wp","href":"https:\/\/api.w.org\/{rel}","templated":true}]}}