{"id":574862,"date":"2025-10-10T12:34:48","date_gmt":"2025-10-10T09:34:48","guid":{"rendered":"https:\/\/staging.nbg.eu\/product\/trigger-kmr-sa-da-from-2024\/"},"modified":"2025-10-15T11:24:59","modified_gmt":"2025-10-15T08:24:59","slug":"trigger-kmr-sada-mill-2024","status":"publish","type":"product","link":"https:\/\/staging.nbg.eu\/mt\/product\/trigger-kmr-sada-mill-2024\/","title":{"rendered":"Trigger KMR SA\/DA (mill-2024)"},"content":{"rendered":"<h2>TRIGGER KMR SA\/DA (mill-2024)<\/h2>\n<h2>Referenza: 0861-01503-0900 | Marka: KMR Precision Arms<\/h2>\n<p>Ibdel it-trigger tal-pistola KMR tieg\u0127ek b&#8217;dan it-trigger ta&#8217; sostituzzjoni. Ma\u0127sub g\u0127all-pistoli KMR b&#8217;qafas tal-aluminju u tal-azzar manifatturati mill-2024 &#8216;il quddiem, dan it-trigger tal-azzar SA\/DA joffri prestazzjoni u affidabilit\u00e0.<\/p>\n<ul>\n<li>Kompatibbli ma&#8217; pin tat-trigger ta&#8217; 3 mm<\/li>\n<li>Ja\u0127dem ma&#8217; trigger bar L SA\/DA jew W SA\/DA<\/li>\n<li>Forma tat-trigger tal-fabbrika b&#8217;scanalature g\u0127al qabda<\/li>\n<li>Jaqbel mal-mudelli KMR L-02 SPECTRA u UMBRA (mill-2024)<\/li>\n<li>Kompatibbli ma&#8217; KMR S-01 LANCE (OR) u S-02 (sa 2023)<\/li>\n<li>Adattat g\u0127al KMR W-02 UMBRA<\/li>\n<\/ul>\n<p>Itejjeb l-esperjenza tal-isparar tieg\u0127ek b&#8217;dan it-trigger KMR.<\/p>\n","protected":false},"excerpt":{"rendered":"<p>Grillu tal-azzar ta&#8217; sostituzzjoni SA\/DA g\u0127al pistoli KMR, b&#8217;disinn skanalat.<\/p>\n","protected":false},"featured_media":574882,"template":"","meta":{"_acf_changed":false},"product_brand":[],"product_cat":[918],"product_tag":[],"class_list":{"0":"post-574862","1":"product","2":"type-product","3":"status-publish","4":"has-post-thumbnail","6":"product_cat-kmr-parts-mt","8":"first","9":"instock","10":"taxable","11":"shipping-taxable","12":"purchasable","13":"product-type-simple"},"acf":[],"_links":{"self":[{"href":"https:\/\/staging.nbg.eu\/mt\/wp-json\/wp\/v2\/product\/574862","targetHints":{"allow":["GET"]}}],"collection":[{"href":"https:\/\/staging.nbg.eu\/mt\/wp-json\/wp\/v2\/product"}],"about":[{"href":"https:\/\/staging.nbg.eu\/mt\/wp-json\/wp\/v2\/types\/product"}],"wp:featuredmedia":[{"embeddable":true,"href":"https:\/\/staging.nbg.eu\/mt\/wp-json\/wp\/v2\/media\/574882"}],"wp:attachment":[{"href":"https:\/\/staging.nbg.eu\/mt\/wp-json\/wp\/v2\/media?parent=574862"}],"wp:term":[{"taxonomy":"product_brand","embeddable":true,"href":"https:\/\/staging.nbg.eu\/mt\/wp-json\/wp\/v2\/product_brand?post=574862"},{"taxonomy":"product_cat","embeddable":true,"href":"https:\/\/staging.nbg.eu\/mt\/wp-json\/wp\/v2\/product_cat?post=574862"},{"taxonomy":"product_tag","embeddable":true,"href":"https:\/\/staging.nbg.eu\/mt\/wp-json\/wp\/v2\/product_tag?post=574862"}],"curies":[{"name":"wp","href":"https:\/\/api.w.org\/{rel}","templated":true}]}}