{"id":574722,"date":"2025-10-10T12:34:45","date_gmt":"2025-10-10T09:34:45","guid":{"rendered":"https:\/\/staging.nbg.eu\/product\/trigger-kmr-sa-da-straight-from-2024\/"},"modified":"2025-10-15T11:10:39","modified_gmt":"2025-10-15T08:10:39","slug":"trigger-kmr-sada-dritt-mill-2024","status":"publish","type":"product","link":"https:\/\/staging.nbg.eu\/mt\/product\/trigger-kmr-sada-dritt-mill-2024\/","title":{"rendered":"Trigger KMR SA\/DA Dritt (mill-2024)"},"content":{"rendered":"<h2>GRILLU KMR SA\/DA DRITT (mill-2024)<\/h2>\n<h2>Referenza: 0861-02301-0900<\/h2>\n<h3>Marka: KMR Precision Arms<\/h3>\n<p>Il-GRILLU KMR SA\/DA DRITT huwa ddisinjat g\u0127all-pistoli KMR manifatturati mill-2024 &#8216;il quddiem. Dan il-grillu ta&#8217; sostituzzjoni huwa kompatibbli ma&#8217; mudelli b&#8217;qafas tal-aluminju u tal-azzar.<\/p>\n<ul>\n<li>Disinn ta&#8217; grillu dritt<\/li>\n<li>Kompatibbli ma&#8217; pin tal-grillu ta&#8217; 3 mm<\/li>\n<li>Ja\u0127dem ma&#8217; virga tal-grillu L SA\/DA jew W SA\/DA<\/li>\n<li>Mag\u0127mul minn azzar<\/li>\n<li>Jaqbel ma&#8217; mudelli KMR: L-02 SPECTRA, L-02 UMBRA, S-01 LANCE (OR), S-02, u W-02 UMBRA<\/li>\n<\/ul>\n<p>Dan il-grillu dritt huwa ddisinjat g\u0127all-operazzjoni kemm f&#8217;modalit\u00e0 ta&#8217; azzjoni singola kif ukoll doppja g\u0127all-pistoli KMR.<\/p>\n","protected":false},"excerpt":{"rendered":"<p>Grillu tal-azzar dritta SA\/DA g\u0127al pistoli KMR mill-2024. Kompatibbli ma&#8217; pin ta&#8217; 3mm.<\/p>\n","protected":false},"featured_media":574748,"template":"","meta":{"_acf_changed":false},"product_brand":[],"product_cat":[918],"product_tag":[],"class_list":{"0":"post-574722","1":"product","2":"type-product","3":"status-publish","4":"has-post-thumbnail","6":"product_cat-kmr-parts-mt","8":"first","9":"instock","10":"taxable","11":"shipping-taxable","12":"purchasable","13":"product-type-simple"},"acf":[],"_links":{"self":[{"href":"https:\/\/staging.nbg.eu\/mt\/wp-json\/wp\/v2\/product\/574722","targetHints":{"allow":["GET"]}}],"collection":[{"href":"https:\/\/staging.nbg.eu\/mt\/wp-json\/wp\/v2\/product"}],"about":[{"href":"https:\/\/staging.nbg.eu\/mt\/wp-json\/wp\/v2\/types\/product"}],"wp:featuredmedia":[{"embeddable":true,"href":"https:\/\/staging.nbg.eu\/mt\/wp-json\/wp\/v2\/media\/574748"}],"wp:attachment":[{"href":"https:\/\/staging.nbg.eu\/mt\/wp-json\/wp\/v2\/media?parent=574722"}],"wp:term":[{"taxonomy":"product_brand","embeddable":true,"href":"https:\/\/staging.nbg.eu\/mt\/wp-json\/wp\/v2\/product_brand?post=574722"},{"taxonomy":"product_cat","embeddable":true,"href":"https:\/\/staging.nbg.eu\/mt\/wp-json\/wp\/v2\/product_cat?post=574722"},{"taxonomy":"product_tag","embeddable":true,"href":"https:\/\/staging.nbg.eu\/mt\/wp-json\/wp\/v2\/product_tag?post=574722"}],"curies":[{"name":"wp","href":"https:\/\/api.w.org\/{rel}","templated":true}]}}