{"id":572778,"date":"2025-10-10T23:44:24","date_gmt":"2025-10-10T20:44:24","guid":{"rendered":"https:\/\/staging.nbg.eu\/product\/e-arthur-brown-company-inc-knob-s-lever-for-harris-type-bipods\/"},"modified":"2025-10-15T00:50:04","modified_gmt":"2025-10-14T21:50:04","slug":"buttuna-s-lever-ta-e-arthur-brown-company-gal-bipods-tip-harris","status":"publish","type":"product","link":"https:\/\/staging.nbg.eu\/mt\/product\/buttuna-s-lever-ta-e-arthur-brown-company-gal-bipods-tip-harris\/","title":{"rendered":"Buttuna S-LEVER ta&#8217; E. Arthur Brown Company g\u0127al Bipods tip Harris"},"content":{"rendered":"<h2>Tensjonatur S-Lever\u00ae ta&#8217; E. Arthur Brown Company<\/h2>\n<p>A\u0121\u0121orna l-bipod tat-tip Harris jew Caldwell XLA tieg\u0127ek bit-Tensjonatur S-Lever\u00ae. Dan is-sostitut g\u0127all-knob tal-frizzjoni standard joffri:<\/p>\n<ul>\n<li>Kontroll u lieva g\u0127al a\u0121\u0121ustamenti tal-inklinazzjoni<\/li>\n<li>Kapa\u010bitajiet ta&#8217; rfinar g\u0127al po\u017cizzjonar pre\u010bi\u017c<\/li>\n<li>Kostruzzjoni ta&#8217; najlon rinforzat bil-fibra<\/li>\n<li>Disinn li jilwi jew jinkiser ta\u0127t stress estrem<\/li>\n<li>Pro\u010bess ta&#8217; installazzjoni b&#8217;istruzzjonijiet inklu\u017ci<\/li>\n<li>Mag\u0127mul fl-Istati Uniti tal-Amerika<\/li>\n<\/ul>\n<p>Iddisinjat g\u0127al bipods S-Type Harris u Caldwell XLA, din il-lieva tal-aluminju iswed tippermetti a\u0121\u0121ustamenti tal-bipod fil-qasam. It-Tensjonatur S-Lever\u00ae ta&#8217; E. Arthur Brown Company jista&#8217; jtejjeb l-esperjenza tal-isparar tieg\u0127ek.<\/p>\n","protected":false},"excerpt":{"rendered":"<p>Lieva-S ergonomika g\u0127al a\u0121\u0121ustament fa\u010bli tal-inklinazzjoni tal-bipod fuq bipods tat-tip Harris.<\/p>\n","protected":false},"featured_media":572912,"template":"","meta":{"_acf_changed":false},"product_brand":[],"product_cat":[2958],"product_tag":[],"class_list":{"0":"post-572778","1":"product","2":"type-product","3":"status-publish","4":"has-post-thumbnail","6":"product_cat-bipods-mt","8":"first","9":"instock","10":"taxable","11":"shipping-taxable","12":"purchasable","13":"product-type-simple"},"acf":[],"_links":{"self":[{"href":"https:\/\/staging.nbg.eu\/mt\/wp-json\/wp\/v2\/product\/572778","targetHints":{"allow":["GET"]}}],"collection":[{"href":"https:\/\/staging.nbg.eu\/mt\/wp-json\/wp\/v2\/product"}],"about":[{"href":"https:\/\/staging.nbg.eu\/mt\/wp-json\/wp\/v2\/types\/product"}],"wp:featuredmedia":[{"embeddable":true,"href":"https:\/\/staging.nbg.eu\/mt\/wp-json\/wp\/v2\/media\/572912"}],"wp:attachment":[{"href":"https:\/\/staging.nbg.eu\/mt\/wp-json\/wp\/v2\/media?parent=572778"}],"wp:term":[{"taxonomy":"product_brand","embeddable":true,"href":"https:\/\/staging.nbg.eu\/mt\/wp-json\/wp\/v2\/product_brand?post=572778"},{"taxonomy":"product_cat","embeddable":true,"href":"https:\/\/staging.nbg.eu\/mt\/wp-json\/wp\/v2\/product_cat?post=572778"},{"taxonomy":"product_tag","embeddable":true,"href":"https:\/\/staging.nbg.eu\/mt\/wp-json\/wp\/v2\/product_tag?post=572778"}],"curies":[{"name":"wp","href":"https:\/\/api.w.org\/{rel}","templated":true}]}}