{"id":57113,"date":"2024-02-20T20:01:55","date_gmt":"2024-09-13T14:29:29","guid":{"rendered":"https:\/\/staging.nbg.eu\/product\/geissele-ar15-super-precision-34mm-extended\/"},"modified":"2024-09-13T14:30:44","modified_gmt":"2024-09-13T14:30:44","slug":"geissele-ar15-super-precision-34mm-estiz","status":"publish","type":"product","link":"https:\/\/staging.nbg.eu\/mt\/product\/geissele-ar15-super-precision-34mm-estiz\/","title":{"rendered":"Geissele AR15 Super Precision 34mm, Esti\u017c"},"content":{"rendered":"<div class=\"product-description\">\n<h2>Geissele AR15 Super Precision\u00ae 34mm, Esti\u017c<\/h2>\n<p>Il-munta\u0121\u0121 tal-iskop Geissele Super Precision\u00ae 34mm Esti\u017c g\u0127all-AR-15\/M4. Dan il-munta\u0121\u0121 jinkludi:<\/p>\n<ul>\n<li>7 sezzjonijiet picatinny b&#8217;4 lugs tax-xear g\u0127al stabbilt\u00e0<\/li>\n<li>Sistema ta&#8217; klampjar b&#8217;nut u bolt, li tipprovdi 1,400 libra ta&#8217; forza g\u0127al kull par<\/li>\n<li>Mag\u0127mul minn billet tal-aluminju 7075-T6 b&#8217;sa\u0127\u0127tu<\/li>\n<li>Ri\u0121idit\u00e0 mi\u017cjuda permezz ta&#8217; pocketing u ribbing<\/li>\n<li>Kappijiet line-bored g\u0127al qisien pre\u010bi\u017ci tal-iskop<\/li>\n<li>Kappijiet b&#8217;numru tas-serje g\u0127al allinjament<\/li>\n<li>Disinn adattabbli g\u0127al tipi differenti ta&#8217; skopijiet<\/li>\n<\/ul>\n<p>Il-munta\u0121\u0121 Geissele jipprovdi pre\u010bi\u017cjoni u durabbilt\u00e0.<\/p>\n<\/div>\n","protected":false},"excerpt":{"rendered":"<p>Mount tal-iskop AR-15 ta&#8217; 34mm manifatturat bi pre\u010bi\u017cjoni g\u0127al stabbilt\u00e0 bla paragun.<\/p>\n","protected":false},"featured_media":57115,"template":"","meta":{"_acf_changed":false},"product_brand":[11394],"product_cat":[642],"product_tag":[],"class_list":{"0":"post-57113","1":"product","2":"type-product","3":"status-publish","4":"has-post-thumbnail","6":"product_brand-geissele","7":"product_cat-rifle-mt","9":"first","10":"instock","11":"taxable","12":"shipping-taxable","13":"product-type-variable","14":"wvs-archive-product-wrapper"},"acf":[],"_links":{"self":[{"href":"https:\/\/staging.nbg.eu\/mt\/wp-json\/wp\/v2\/product\/57113","targetHints":{"allow":["GET"]}}],"collection":[{"href":"https:\/\/staging.nbg.eu\/mt\/wp-json\/wp\/v2\/product"}],"about":[{"href":"https:\/\/staging.nbg.eu\/mt\/wp-json\/wp\/v2\/types\/product"}],"wp:featuredmedia":[{"embeddable":true,"href":"https:\/\/staging.nbg.eu\/mt\/wp-json\/wp\/v2\/media\/57115"}],"wp:attachment":[{"href":"https:\/\/staging.nbg.eu\/mt\/wp-json\/wp\/v2\/media?parent=57113"}],"wp:term":[{"taxonomy":"product_brand","embeddable":true,"href":"https:\/\/staging.nbg.eu\/mt\/wp-json\/wp\/v2\/product_brand?post=57113"},{"taxonomy":"product_cat","embeddable":true,"href":"https:\/\/staging.nbg.eu\/mt\/wp-json\/wp\/v2\/product_cat?post=57113"},{"taxonomy":"product_tag","embeddable":true,"href":"https:\/\/staging.nbg.eu\/mt\/wp-json\/wp\/v2\/product_tag?post=57113"}],"curies":[{"name":"wp","href":"https:\/\/api.w.org\/{rel}","templated":true}]}}