{"id":56728,"date":"2024-02-20T20:12:58","date_gmt":"2024-09-13T13:32:22","guid":{"rendered":"https:\/\/staging.nbg.eu\/product\/geissele-super-precision-scope-mount-30mm-for-ar-15-vortex-1-6\/"},"modified":"2024-09-13T13:33:18","modified_gmt":"2024-09-13T13:33:18","slug":"geissele-super-precision-sopport-gal-cannocchjal-30mm-gal-ar-15-vortex-1-6","status":"publish","type":"product","link":"https:\/\/staging.nbg.eu\/mt\/product\/geissele-super-precision-sopport-gal-cannocchjal-30mm-gal-ar-15-vortex-1-6\/","title":{"rendered":"Geissele Super Precision Sopport g\u0127al Cannocchjal 30mm, g\u0127al AR-15 (Vortex 1-6)"},"content":{"rendered":"<div class=\"description-text\">\n<div class=\"exerpt\">\n<p>Dan il-Muntatri\u010bi tal-Iskop AR-15 huwa parti mis-Serje \u010aertifikata SOPMOD ta&#8217; Geissele u jinkludi prodotti Geissele li b\u0127alissa qed jintu\u017caw minn unitajiet militari u kontra t-terrori\u017cmu fil-Kmand tal-Operazzjonijiet Spe\u010bjali tal-Istati Uniti (USSOCOM). SOPMOD huwa programm USSOCOM li jippermetti lill-persunal tal-Operazzjonijiet Spe\u010bjali jikkonfiguraw l-armi tag\u0127hom skont il-preferenzi individwali u r-rekwi\u017citi tal-missjoni. Il-programm huwa sistema ta&#8217; a\u010b\u010bessorji approvata g\u0127all-karabina M4A1, FN SCAR Mk 16\/17 u armi o\u0127ra u\u017cati minn USSOCOM. Kull o\u0121\u0121ett Geissele offrut fil-linja tas-serje SOPMOD g\u0127adda minn testijiet rigoru\u017ci tal-Gvern tal-Istati Uniti u \u010bertifikazzjoni minn USSOCOM. Dawn il-muntaturi otti\u010bi huma mag\u0127mulin minn blokk wie\u0127ed ta&#8217; aluminju ta&#8217; grad tal-ajruplani 7075-T6 li ji\u017cen 4.5 libbri.<\/p>\n<p>L-g\u0127otjien tal-iskop b&#8217;numru tas-serje individwali huma m\u0127affrin b&#8217;linja mal-\u0121isem u ma\u0127luqa f&#8217;operazzjoni wa\u0127da, li jo\u0127olqu l-a\u0127jar qbil possibbli mal-\u0121isem tal-ottika. Il-muntaturi Geissele huma maqfula f&#8217;posthom bl-u\u017cu tas-sistema klassika u ppruvata ta&#8217; skorfina u klamp, li tipprovdi 1,400 libra ta&#8217; forza ta&#8217; qbid g\u0127al kull skorfina. Din is-sistema tipprovdi sa 3 darbiet aktar forza ta&#8217; qbid minn kwalunkwe sistema ta&#8217; lieva, filwaqt li lugs tas-shear immakkinjati bi pre\u010bi\u017cjoni jg\u0127inu jaqflu l-ottika f&#8217;postha fuq ir-ri\u010bevitur waqt ir-rikolju. Il-wi\u010b\u010b tal-immuntar jestendi fuq 8 sezzjonijiet picatinny.<\/p>\n<h2 style=\"text-align: center\"><strong>&#8212; SPE\u010aIFIKAZZJONIJIET &#8212;<\/strong><\/h2>\n<table border=\"1\">\n<tbody>\n<tr>\n<td><strong>MATERJAL: <\/strong><\/td>\n<td> 7075-T6<\/td>\n<\/tr>\n<tr>\n<td><strong>KULUR: <\/strong><\/td>\n<td> Iswed<\/td>\n<\/tr>\n<tr>\n<td><strong>FINITURA: <\/strong><\/td>\n<td> Anodizzazzjoni Hardcoat Tip-3<\/td>\n<\/tr>\n<tr>\n<td><strong>PI\u017b: <\/strong><\/td>\n<td> 7.1 oz<\/td>\n<\/tr>\n<tr>\n<td><strong>DAQS TA\u010a-\u010aIRKU: <\/strong><\/td>\n<td> 30mm<\/td>\n<\/tr>\n<\/tbody>\n<\/table>\n<\/div>\n<\/div>\n","protected":false},"excerpt":{"rendered":"<p><strong>Parti mis-Serje \u010aertifikata SOPMOD ta&#8217; Geissele<\/strong><\/p>\n","protected":false},"featured_media":56729,"template":"","meta":{"_acf_changed":false},"product_brand":[11394],"product_cat":[642],"product_tag":[],"class_list":{"0":"post-56728","1":"product","2":"type-product","3":"status-publish","4":"has-post-thumbnail","6":"product_brand-geissele","7":"product_cat-rifle-mt","9":"first","10":"instock","11":"taxable","12":"shipping-taxable","13":"product-type-variable","14":"wvs-archive-product-wrapper"},"acf":[],"_links":{"self":[{"href":"https:\/\/staging.nbg.eu\/mt\/wp-json\/wp\/v2\/product\/56728","targetHints":{"allow":["GET"]}}],"collection":[{"href":"https:\/\/staging.nbg.eu\/mt\/wp-json\/wp\/v2\/product"}],"about":[{"href":"https:\/\/staging.nbg.eu\/mt\/wp-json\/wp\/v2\/types\/product"}],"wp:featuredmedia":[{"embeddable":true,"href":"https:\/\/staging.nbg.eu\/mt\/wp-json\/wp\/v2\/media\/56729"}],"wp:attachment":[{"href":"https:\/\/staging.nbg.eu\/mt\/wp-json\/wp\/v2\/media?parent=56728"}],"wp:term":[{"taxonomy":"product_brand","embeddable":true,"href":"https:\/\/staging.nbg.eu\/mt\/wp-json\/wp\/v2\/product_brand?post=56728"},{"taxonomy":"product_cat","embeddable":true,"href":"https:\/\/staging.nbg.eu\/mt\/wp-json\/wp\/v2\/product_cat?post=56728"},{"taxonomy":"product_tag","embeddable":true,"href":"https:\/\/staging.nbg.eu\/mt\/wp-json\/wp\/v2\/product_tag?post=56728"}],"curies":[{"name":"wp","href":"https:\/\/api.w.org\/{rel}","templated":true}]}}