{"id":56523,"date":"2024-02-20T20:21:46","date_gmt":"2024-09-13T13:26:53","guid":{"rendered":"https:\/\/staging.nbg.eu\/product\/geissele-super-precision-zero-compromise-scope-mount-36mm-black\/"},"modified":"2024-09-13T13:27:47","modified_gmt":"2024-09-13T13:27:47","slug":"geissele-super-precision-sopport-zero-compromise-gal-cannocchjal-36mm-iswed","status":"publish","type":"product","link":"https:\/\/staging.nbg.eu\/mt\/product\/geissele-super-precision-sopport-zero-compromise-gal-cannocchjal-36mm-iswed\/","title":{"rendered":"Geissele Super Precision &#8211; Sopport Zero Compromise g\u0127al Cannocchjal, 36mm &#8211; Iswed"},"content":{"rendered":"<div class=\"product-description\">\n<h2>Geissele Super Precision\u00ae &#8211; Immuntar tal-Iskop Zero Compromise, 36mm &#8211; Iswed<\/h2>\n<p>Iddisinjat g\u0127as-serje ta&#8217; Ottika ZC420 ta&#8217; Zero Compromise, dan l-immuntar huwa g\u0127a\u017cla g\u0127al sparaturi ta&#8217; distanza twila. Jinkludi:<\/p>\n<ul>\n<li>20 MOA (5.7 MIL) cant inkorporat g\u0127al firxiet ta&#8217; elevazzjoni esti\u017ci<\/li>\n<li>Disinn cantilever esti\u017c ta&#8217; 2.5&#8243; g\u0127al ser\u0127an tal-g\u0127ajn ottimali<\/li>\n<li>Shear lugs immaxinjati bi pre\u010bi\u017cjoni g\u0127al stabbilt\u00e0<\/li>\n<li>1,400 lbs ta&#8217; forza ta&#8217; klampjar bl-u\u017cu tas-sistema a\u0121\u0121ornata ta&#8217; skorfina u bolt ta&#8217; Geissele<\/li>\n<li>Installazzjoni u tne\u0127\u0127ija malajr b&#8217;g\u0127odod komuni<\/li>\n<li>Kapa\u010bit\u00e0 ta&#8217; ritorn g\u0127a\u017c-\u017cero<\/li>\n<li>Daqs kompatt g\u0127al durabbilt\u00e0 u prestazzjoni<\/li>\n<\/ul>\n<p>L-Immuntar tal-Iskop Geissele Super Precision\u00ae Zero Compromise joffri pre\u010bi\u017cjoni u affidabbilt\u00e0.<\/p>\n<\/div>\n","protected":false},"excerpt":{"rendered":"<p>Immuntar ta&#8217; 36mm b&#8217;sa\u0127\u0127tu g\u0127al sparar ta&#8217; pre\u010bi\u017cjoni fuq distanzi estremament twal.<\/p>\n","protected":false},"featured_media":56524,"template":"","meta":{"_acf_changed":false},"product_brand":[11394],"product_cat":[642],"product_tag":[],"class_list":{"0":"post-56523","1":"product","2":"type-product","3":"status-publish","4":"has-post-thumbnail","6":"product_brand-geissele","7":"product_cat-rifle-mt","9":"first","10":"instock","11":"taxable","12":"shipping-taxable","13":"product-type-simple"},"acf":[],"_links":{"self":[{"href":"https:\/\/staging.nbg.eu\/mt\/wp-json\/wp\/v2\/product\/56523","targetHints":{"allow":["GET"]}}],"collection":[{"href":"https:\/\/staging.nbg.eu\/mt\/wp-json\/wp\/v2\/product"}],"about":[{"href":"https:\/\/staging.nbg.eu\/mt\/wp-json\/wp\/v2\/types\/product"}],"wp:featuredmedia":[{"embeddable":true,"href":"https:\/\/staging.nbg.eu\/mt\/wp-json\/wp\/v2\/media\/56524"}],"wp:attachment":[{"href":"https:\/\/staging.nbg.eu\/mt\/wp-json\/wp\/v2\/media?parent=56523"}],"wp:term":[{"taxonomy":"product_brand","embeddable":true,"href":"https:\/\/staging.nbg.eu\/mt\/wp-json\/wp\/v2\/product_brand?post=56523"},{"taxonomy":"product_cat","embeddable":true,"href":"https:\/\/staging.nbg.eu\/mt\/wp-json\/wp\/v2\/product_cat?post=56523"},{"taxonomy":"product_tag","embeddable":true,"href":"https:\/\/staging.nbg.eu\/mt\/wp-json\/wp\/v2\/product_tag?post=56523"}],"curies":[{"name":"wp","href":"https:\/\/api.w.org\/{rel}","templated":true}]}}