{"id":56047,"date":"2024-01-30T18:03:59","date_gmt":"2024-09-13T13:19:19","guid":{"rendered":"https:\/\/staging.nbg.eu\/product\/fox-classic-hunter-30-multiple-gr\/"},"modified":"2024-09-13T13:20:23","modified_gmt":"2024-09-13T13:20:23","slug":"fox-classic-hunter-30-grammi-diversi","status":"publish","type":"product","link":"https:\/\/staging.nbg.eu\/mt\/product\/fox-classic-hunter-30-grammi-diversi\/","title":{"rendered":"Fox Classic Hunter .30 (Grammi Diversi)"},"content":{"rendered":"<div class=\"product-description\">\n<h2>Fox Classic Hunter <\/h2>\n<p>Il-Fox Classic Hunter huwa balla ming\u0127ajr \u010bomb ma\u0127suba g\u0127all-ka\u010b\u010baturi Ewropej li jiffa\u010b\u010bjaw xenarji differenti tal-ka\u010b\u010ba. Din il-balla mag\u0127mula minn lega tar-ram u \u017c-\u017cingu ta\u0127dem tajjeb kemm g\u0127all-ka\u010b\u010ba tal-\u0127nie\u017cer selva\u0121\u0121i kif ukoll g\u0127all-ka\u010b\u010ba tal-mog\u0127o\u017c fil-muntanji.<\/p>\n<ul>\n<li>Kompo\u017cizzjoni ming\u0127ajr \u010bomb g\u0127all-\u0127arsien tal-ambjent<\/li>\n<li>Deformazzjoni effettiva f&#8217;velo\u010bitajiet ta&#8217; impatt aktar baxxi (500 m\/s)<\/li>\n<li>Disinn im\u0127affer g\u0127al pressjoni mnaqqsa fil-kanna u velo\u010bit\u00e0 mi\u017cjuda<\/li>\n<li>Ponta tal-plastik termostabbli g\u0127al ballistika u effett terminali mtejba<\/li>\n<li>Espansjoni kkontrollata g\u0127al trasferiment ta&#8217; ener\u0121ija ottimali<\/li>\n<li>Deformazzjoni f&#8217;forma ta&#8217; faqqieg\u0127 sa darbtejn id-dijametru tal-kalibru<\/li>\n<li>Qawwa ta&#8217; waqfien b&#8217;\u0127sara minima fil-la\u0127am<\/li>\n<\/ul>\n<p>Il-Fox Classic Hunter huwa g\u0127a\u017cla g\u0127all-ka\u010b\u010ba effettiva madwar l-Ewropa.<\/p>\n<\/div>\n","protected":false},"excerpt":{"rendered":"<p>Balla tar-ram u \u017cingu \u0127ielsa mi\u010b-\u010bomb g\u0127al ka\u010b\u010ba versatili. Espansjoni rapida, pre\u010bi\u017cjoni g\u0127olja.<\/p>\n","protected":false},"featured_media":56048,"template":"","meta":{"_acf_changed":false},"product_brand":[11347],"product_cat":[1076],"product_tag":[],"class_list":{"0":"post-56047","1":"product","2":"type-product","3":"status-publish","4":"has-post-thumbnail","6":"product_brand-fox-bullets","7":"product_cat-reloading-mt","9":"first","10":"instock","11":"taxable","12":"shipping-taxable","13":"purchasable","14":"product-type-variable","15":"wvs-archive-product-wrapper"},"acf":[],"_links":{"self":[{"href":"https:\/\/staging.nbg.eu\/mt\/wp-json\/wp\/v2\/product\/56047","targetHints":{"allow":["GET"]}}],"collection":[{"href":"https:\/\/staging.nbg.eu\/mt\/wp-json\/wp\/v2\/product"}],"about":[{"href":"https:\/\/staging.nbg.eu\/mt\/wp-json\/wp\/v2\/types\/product"}],"wp:featuredmedia":[{"embeddable":true,"href":"https:\/\/staging.nbg.eu\/mt\/wp-json\/wp\/v2\/media\/56048"}],"wp:attachment":[{"href":"https:\/\/staging.nbg.eu\/mt\/wp-json\/wp\/v2\/media?parent=56047"}],"wp:term":[{"taxonomy":"product_brand","embeddable":true,"href":"https:\/\/staging.nbg.eu\/mt\/wp-json\/wp\/v2\/product_brand?post=56047"},{"taxonomy":"product_cat","embeddable":true,"href":"https:\/\/staging.nbg.eu\/mt\/wp-json\/wp\/v2\/product_cat?post=56047"},{"taxonomy":"product_tag","embeddable":true,"href":"https:\/\/staging.nbg.eu\/mt\/wp-json\/wp\/v2\/product_tag?post=56047"}],"curies":[{"name":"wp","href":"https:\/\/api.w.org\/{rel}","templated":true}]}}