{"id":55790,"date":"2024-02-28T06:01:20","date_gmt":"2024-02-28T06:01:20","guid":{"rendered":"https:\/\/staging.nbg.eu\/product\/fox-classic-hunter-9-3-mm-220-gr\/"},"modified":"2024-09-13T13:17:32","modified_gmt":"2024-09-13T13:17:32","slug":"fox-classic-hunter-93-mm-220-gr","status":"publish","type":"product","link":"https:\/\/staging.nbg.eu\/mt\/product\/fox-classic-hunter-93-mm-220-gr\/","title":{"rendered":"Fox Classic Hunter 9.3 mm (220 gr)"},"content":{"rendered":"<div class=\"product-description\">\n<h2>Fox Classic Hunter<\/h2>\n<p>Il-Fox Classic Hunter hija balla versatili, \u0127ielsa mi\u010b-\u010bomb, imfassla g\u0127all-ka\u010b\u010baturi Ewropej li jaffa\u010b\u010bjaw xenarji differenti ta&#8217; ka\u010b\u010ba. Din il-balla mag\u0127mula minn liga tar-ram u \u017cingu tag\u0127ti prestazzjoni tajba kemm g\u0127all-ka\u010b\u010ba tal-\u0127nie\u017cer salva\u0121\u0121i kif ukoll g\u0127all-ka\u010b\u010ba tal-gamm fil-muntanji.<\/p>\n<ul>\n<li>Kompo\u017cizzjoni \u0127ielsa mi\u010b-\u010bomb<\/li>\n<li>Deformazzjoni effettiva f&#8217;velo\u010bitajiet ta&#8217; impatt aktar baxxi (500 m\/s)<\/li>\n<li>Disinn bi skanaturi g\u0127al pressjoni mnaqqsa fil-kanna u velo\u010bit\u00e0 akbar<\/li>\n<li>Ponta tal-plastik termo-stabbli g\u0127al ballistika u effett terminali a\u0127jar<\/li>\n<li>Espansjoni kkontrollata g\u0127al trasferiment tal-ener\u0121ija ottimali<\/li>\n<li>Deformazzjoni f&#8217;forma ta&#8217; faqqieg\u0127 sa darbtejn id-dijametru tal-kalibru<\/li>\n<li>Qawwa ta&#8217; waqfien b&#8217;\u0127sara minima fil-la\u0127am<\/li>\n<\/ul>\n<p>Il-Fox Classic Hunter hija g\u0127a\u017cla tajba g\u0127all-ka\u010b\u010ba effettiva madwar l-Ewropa.<\/p>\n<\/div>\n","protected":false},"excerpt":{"rendered":"<p>Balla tar-ram u \u017cingu ming\u0127ajr \u010bomb g\u0127al ka\u010b\u010ba versatili. Espansjoni rapida, pre\u010bi\u017cjoni g\u0127olja.<\/p>\n","protected":false},"featured_media":55791,"template":"","meta":{"_acf_changed":false},"product_brand":[11347],"product_cat":[1076],"product_tag":[],"class_list":{"0":"post-55790","1":"product","2":"type-product","3":"status-publish","4":"has-post-thumbnail","6":"product_brand-fox-bullets","7":"product_cat-reloading-mt","9":"first","10":"instock","11":"taxable","12":"shipping-taxable","13":"purchasable","14":"product-type-simple"},"acf":[],"_links":{"self":[{"href":"https:\/\/staging.nbg.eu\/mt\/wp-json\/wp\/v2\/product\/55790","targetHints":{"allow":["GET"]}}],"collection":[{"href":"https:\/\/staging.nbg.eu\/mt\/wp-json\/wp\/v2\/product"}],"about":[{"href":"https:\/\/staging.nbg.eu\/mt\/wp-json\/wp\/v2\/types\/product"}],"wp:featuredmedia":[{"embeddable":true,"href":"https:\/\/staging.nbg.eu\/mt\/wp-json\/wp\/v2\/media\/55791"}],"wp:attachment":[{"href":"https:\/\/staging.nbg.eu\/mt\/wp-json\/wp\/v2\/media?parent=55790"}],"wp:term":[{"taxonomy":"product_brand","embeddable":true,"href":"https:\/\/staging.nbg.eu\/mt\/wp-json\/wp\/v2\/product_brand?post=55790"},{"taxonomy":"product_cat","embeddable":true,"href":"https:\/\/staging.nbg.eu\/mt\/wp-json\/wp\/v2\/product_cat?post=55790"},{"taxonomy":"product_tag","embeddable":true,"href":"https:\/\/staging.nbg.eu\/mt\/wp-json\/wp\/v2\/product_tag?post=55790"}],"curies":[{"name":"wp","href":"https:\/\/api.w.org\/{rel}","templated":true}]}}