{"id":555070,"date":"2025-09-06T16:22:33","date_gmt":"2025-09-06T13:22:33","guid":{"rendered":"https:\/\/staging.nbg.eu\/product\/magnetospeed-llc-barrel-cooler\/"},"modified":"2025-10-01T16:52:59","modified_gmt":"2025-10-01T13:52:59","slug":"mkessa-tal-kanna-magnetospeed-llc","status":"publish","type":"product","link":"https:\/\/staging.nbg.eu\/mt\/product\/mkessa-tal-kanna-magnetospeed-llc\/","title":{"rendered":"Mkessa\u0127 tal-Kanna MAGNETOSPEED LLC"},"content":{"rendered":"<div class=\"product-description\">\n<h2>MAGNETOSPEED LLC Kessie\u0127 tal-Kanna<\/h2>\n<p>\u017bomm il-kanna tal-arma tieg\u0127ek kies\u0127a u tawwal is-sessjonijiet tal-isparar bl-u\u017cu tal-Kessie\u0127 tal-Kanna MAGNETOSPEED LLC. Dan l-apparat je\u0127el mal-kanna tieg\u0127ek, u jipprovdi tixrid tas-s\u0127ana g\u0127al pre\u010bi\u017cjoni u lon\u0121evit\u00e0 a\u0127jar.<\/p>\n<ul>\n<li>Kompatibbli mal-bi\u010b\u010ba l-kbira tal-kanen tar-rifles u pistoli<\/li>\n<li>Mag\u0127mul minn aluminju re\u017cistenti<\/li>\n<li>Sistema ta&#8217; rbit manjetika fa\u010bli biex tintu\u017ca<\/li>\n<li>Inaqqas it-temperatura tal-kanna sa 50%<\/li>\n<li>Disinn kompatt u \u0127afif g\u0127all-portabilit\u00e0<\/li>\n<\/ul>\n<p>Kemm jekk tkun fil-poligon tal-isparar jew f&#8217;kompetizzjoni, il-Kessie\u0127 tal-Kanna MAGNETOSPEED LLC ji\u017cgura li l-arma tieg\u0127ek i\u017c\u017comm il-prestazzjoni tag\u0127ha. Is-s\u0127ana \u017cejda ma tillimitax l-esperjenza tal-isparar tieg\u0127ek b&#8217;dan l-a\u010b\u010bessorju.<\/p>\n<\/div>\n","protected":false},"excerpt":{"rendered":"<p>Apparat ta&#8217; tkessi\u0127 rapidu tal-kanna g\u0127all-armi tan-nar. Itejjeb il-pre\u010bi\u017cjoni u jtawwal il-\u0127ajja tal-arma.<\/p>\n","protected":false},"featured_media":499609,"template":"","meta":{"_acf_changed":false},"product_brand":[],"product_cat":[642,643],"product_tag":[],"class_list":{"0":"post-555070","1":"product","2":"type-product","3":"status-publish","4":"has-post-thumbnail","6":"product_cat-rifle-mt","7":"product_cat-rifle-parts-mt","9":"first","10":"instock","11":"taxable","12":"shipping-taxable","13":"purchasable","14":"product-type-simple"},"acf":[],"_links":{"self":[{"href":"https:\/\/staging.nbg.eu\/mt\/wp-json\/wp\/v2\/product\/555070","targetHints":{"allow":["GET"]}}],"collection":[{"href":"https:\/\/staging.nbg.eu\/mt\/wp-json\/wp\/v2\/product"}],"about":[{"href":"https:\/\/staging.nbg.eu\/mt\/wp-json\/wp\/v2\/types\/product"}],"wp:featuredmedia":[{"embeddable":true,"href":"https:\/\/staging.nbg.eu\/mt\/wp-json\/wp\/v2\/media\/499609"}],"wp:attachment":[{"href":"https:\/\/staging.nbg.eu\/mt\/wp-json\/wp\/v2\/media?parent=555070"}],"wp:term":[{"taxonomy":"product_brand","embeddable":true,"href":"https:\/\/staging.nbg.eu\/mt\/wp-json\/wp\/v2\/product_brand?post=555070"},{"taxonomy":"product_cat","embeddable":true,"href":"https:\/\/staging.nbg.eu\/mt\/wp-json\/wp\/v2\/product_cat?post=555070"},{"taxonomy":"product_tag","embeddable":true,"href":"https:\/\/staging.nbg.eu\/mt\/wp-json\/wp\/v2\/product_tag?post=555070"}],"curies":[{"name":"wp","href":"https:\/\/api.w.org\/{rel}","templated":true}]}}