{"id":554283,"date":"2025-09-06T16:21:27","date_gmt":"2025-09-06T13:21:27","guid":{"rendered":"https:\/\/staging.nbg.eu\/product\/armazone-q-r-viper-30mm\/"},"modified":"2025-10-01T16:26:27","modified_gmt":"2025-10-01T13:26:27","slug":"qafas-q-r-viper-30mm","status":"publish","type":"product","link":"https:\/\/staging.nbg.eu\/mt\/product\/qafas-q-r-viper-30mm\/","title":{"rendered":"# Qafas Q-R Viper 30mm"},"content":{"rendered":"<h2>Armazone Q-R Viper 30mm<\/h2>\n<p>L-Armazone Q-R Viper 30mm huwa adapter QR iddisinjat g\u0127al apparat b&#8217;kamin M33.5\u00d70.75. Dan l-adapter ta&#8217; klampjar f&#8217;bi\u010b\u010ba wa\u0127da jippermetti l-integrazzjoni ta&#8217; clip-ons ta&#8217; vi\u017cjoni ta&#8217; billejl jew imma\u0121ni termali ma&#8217; firxa wiesg\u0127a ta&#8217; sights ta&#8217; matul il-jum.<\/p>\n<h2>Karatteristi\u010bi Ewlenin:<\/h2>\n<ul>\n<li>Lever ta&#8217; lock rapidu g\u0127al immuntar u tne\u0127\u0127ija fa\u010bli<\/li>\n<li>A\u0121\u0121ustament u installazzjoni ming\u0127ajr g\u0127odda<\/li>\n<li>Tejp spe\u010bjali ArmaZone biex inaqqas il-\u0127sejjes waqt l-immuntar u l-isparar<\/li>\n<li>Kompatibbli ma&#8217; utensili termali Nitehog<\/li>\n<li>Jikkumpensa sa 1mm deflezzjoni &#8216;l isfel<\/li>\n<\/ul>\n<p>L-Armazone Q-R Viper 30mm huwa soluzzjoni g\u0127al sparaturi u ka\u010b\u010baturi professjonali li jfittxu kapa\u010bitajiet imtejba ta&#8217; billejl.<\/p>\n","protected":false},"excerpt":{"rendered":"<p>Adapter ta&#8217; qfil rapidu g\u0127al apparat termali fuq skops Nitehog. Ming\u0127ajr b\u017conn ta&#8217; g\u0127odda.<\/p>\n","protected":false},"featured_media":499539,"template":"","meta":{"_acf_changed":false},"product_brand":[],"product_cat":[796,2916,2377],"product_tag":[],"class_list":{"0":"post-554283","1":"product","2":"type-product","3":"status-publish","4":"has-post-thumbnail","6":"product_cat-aiming-mt","7":"product_cat-aiming-accessories-mt","8":"product_cat-thermal-mt","10":"first","11":"instock","12":"taxable","13":"shipping-taxable","14":"purchasable","15":"product-type-simple"},"acf":[],"_links":{"self":[{"href":"https:\/\/staging.nbg.eu\/mt\/wp-json\/wp\/v2\/product\/554283","targetHints":{"allow":["GET"]}}],"collection":[{"href":"https:\/\/staging.nbg.eu\/mt\/wp-json\/wp\/v2\/product"}],"about":[{"href":"https:\/\/staging.nbg.eu\/mt\/wp-json\/wp\/v2\/types\/product"}],"wp:featuredmedia":[{"embeddable":true,"href":"https:\/\/staging.nbg.eu\/mt\/wp-json\/wp\/v2\/media\/499539"}],"wp:attachment":[{"href":"https:\/\/staging.nbg.eu\/mt\/wp-json\/wp\/v2\/media?parent=554283"}],"wp:term":[{"taxonomy":"product_brand","embeddable":true,"href":"https:\/\/staging.nbg.eu\/mt\/wp-json\/wp\/v2\/product_brand?post=554283"},{"taxonomy":"product_cat","embeddable":true,"href":"https:\/\/staging.nbg.eu\/mt\/wp-json\/wp\/v2\/product_cat?post=554283"},{"taxonomy":"product_tag","embeddable":true,"href":"https:\/\/staging.nbg.eu\/mt\/wp-json\/wp\/v2\/product_tag?post=554283"}],"curies":[{"name":"wp","href":"https:\/\/api.w.org\/{rel}","templated":true}]}}