{"id":55172,"date":"2024-01-30T18:04:43","date_gmt":"2024-09-13T13:11:10","guid":{"rendered":"https:\/\/staging.nbg.eu\/product\/fox-ammunition-308win\/"},"modified":"2024-09-13T13:12:14","modified_gmt":"2024-09-13T13:12:14","slug":"munizzjon-fox-308win","status":"publish","type":"product","link":"https:\/\/staging.nbg.eu\/mt\/product\/munizzjon-fox-308win\/","title":{"rendered":"Munizzjon Fox 308win"},"content":{"rendered":"<div class=\"product-description\">\n<h2>Munizzjon Fox Classic Hunter<\/h2>\n<p>Il-balal Fox Classic Hunter huma \u0127ielsa mi\u010b-\u010bomb, ma\u0127suba g\u0127al xenarji kollha ta&#8217; ka\u010b\u010ba Ewropea. Mag\u0127mula minn liga tar-ram u \u017c-\u017cingu, joffru:<\/p>\n<ul>\n<li>Prestazzjoni f&#8217;ka\u010b\u010ba tal-\u0127nie\u017cer selva\u0121\u0121i f&#8217;distanza qasira sa sparaturi tal-muntanji f&#8217;distanza twila<\/li>\n<li>Deformazzjoni affidabbli f&#8217;velo\u010bitajiet tal-impatt aktar baxxi (500 m\/s)<\/li>\n<li>Disinn bi skanaturi g\u0127al pressjoni mnaqqsa tal-kanna u velo\u010bit\u00e0 mi\u017cjuda<\/li>\n<li>Ponta tal-plastik termostabbli g\u0127al ballistika u effett terminali mtejjeb<\/li>\n<li>Espansjoni kkontrollata g\u0127al trasferiment tal-ener\u0121ija u qawwa ta&#8217; waqfien effi\u010bjenti<\/li>\n<li>Deformazzjoni ta&#8217; faqqieg\u0127a sa darbtejn id-dijametru tal-kalibru<\/li>\n<li>\u017bamma tal-massa ta&#8217; 95%+ ta\u0127t kundizzjonijiet normali ta&#8217; penetrazzjoni<\/li>\n<li>Preservazzjoni tajba tal-la\u0127am<\/li>\n<\/ul>\n<p>Munizzjon Fox Classic Hunter g\u0127al ka\u010b\u010ba effi\u010bjenti.<\/p>\n<\/div>\n","protected":false},"excerpt":{"rendered":"<p>Munizzjon \u0127ieles mi\u010b-\u010bomb g\u0127al ka\u010b\u010ba Ewropea versatili. Pre\u010bi\u017c u effettiv.<\/p>\n","protected":false},"featured_media":55173,"template":"","meta":{"_acf_changed":false},"product_brand":[11347],"product_cat":[1475,1476],"product_tag":[],"class_list":{"0":"post-55172","1":"product","2":"type-product","3":"status-publish","4":"has-post-thumbnail","6":"product_brand-fox-bullets","7":"product_cat-ammunition-mt","8":"product_cat-rifle-ammunition-mt","10":"first","11":"instock","12":"taxable","13":"shipping-taxable","14":"purchasable","15":"product-type-variable","16":"wvs-archive-product-wrapper"},"acf":[],"_links":{"self":[{"href":"https:\/\/staging.nbg.eu\/mt\/wp-json\/wp\/v2\/product\/55172","targetHints":{"allow":["GET"]}}],"collection":[{"href":"https:\/\/staging.nbg.eu\/mt\/wp-json\/wp\/v2\/product"}],"about":[{"href":"https:\/\/staging.nbg.eu\/mt\/wp-json\/wp\/v2\/types\/product"}],"wp:featuredmedia":[{"embeddable":true,"href":"https:\/\/staging.nbg.eu\/mt\/wp-json\/wp\/v2\/media\/55173"}],"wp:attachment":[{"href":"https:\/\/staging.nbg.eu\/mt\/wp-json\/wp\/v2\/media?parent=55172"}],"wp:term":[{"taxonomy":"product_brand","embeddable":true,"href":"https:\/\/staging.nbg.eu\/mt\/wp-json\/wp\/v2\/product_brand?post=55172"},{"taxonomy":"product_cat","embeddable":true,"href":"https:\/\/staging.nbg.eu\/mt\/wp-json\/wp\/v2\/product_cat?post=55172"},{"taxonomy":"product_tag","embeddable":true,"href":"https:\/\/staging.nbg.eu\/mt\/wp-json\/wp\/v2\/product_tag?post=55172"}],"curies":[{"name":"wp","href":"https:\/\/api.w.org\/{rel}","templated":true}]}}