{"id":55027,"date":"2024-03-01T10:28:01","date_gmt":"2024-09-13T13:08:28","guid":{"rendered":"https:\/\/staging.nbg.eu\/product\/fox-ammunition-300winmag\/"},"modified":"2024-09-13T13:09:29","modified_gmt":"2024-09-13T13:09:29","slug":"munizzjon-fox-300winmag","status":"publish","type":"product","link":"https:\/\/staging.nbg.eu\/mt\/product\/munizzjon-fox-300winmag\/","title":{"rendered":"Munizzjon Fox .300winmag"},"content":{"rendered":"<div class=\"product-description\">\n<h2>Munizzjon Fox Classic Hunter<\/h2>\n<p>Il-balal Fox Classic Hunter huma \u0127ielsa mi\u010b-\u010bomb, ma\u0127suba g\u0127al xenarji kollha tal-ka\u010b\u010ba Ewropea. Mag\u0127mula minn lega tar-ram u \u017cingu, joffru:<\/p>\n<ul>\n<li>Prestazzjoni effettiva mill-ka\u010b\u010ba tal-\u0127nie\u017cer selva\u0121\u0121i f&#8217;distanzi qosra sa tiri f&#8217;distanzi twal fil-muntanji<\/li>\n<li>Deformazzjoni affidabbli f&#8217;velo\u010bitajiet ta&#8217; impatt aktar baxxi (500 m\/s)<\/li>\n<li>Disinn bi xquq g\u0127al pressjoni mnaqqsa fil-kanna u velo\u010bit\u00e0 mi\u017cjuda<\/li>\n<li>Ponta tal-plastik termo-stabbli g\u0127al ballistika u effett terminali mtejjeb<\/li>\n<li>Espansjoni kkontrollata g\u0127al trasferiment effi\u010bjenti tal-ener\u0121ija u sa\u0127\u0127a ta&#8217; waqfien<\/li>\n<li>Deformazzjoni f&#8217;forma ta&#8217; faqqieg\u0127 sa darbtejn id-dijametru tal-kalibru<\/li>\n<li>\u017bamma ta&#8217; massa ta&#8217; 95%+ ta\u0127t kundizzjonijiet normali ta&#8217; penetrazzjoni<\/li>\n<li>Preservazzjoni e\u010b\u010bellenti tal-la\u0127am<\/li>\n<\/ul>\n<p>Munizzjon Fox Classic Hunter g\u0127al ka\u010b\u010ba etika.<\/p>\n<\/div>\n","protected":false},"excerpt":{"rendered":"<p>Munizzjoni \u0127ielsa mi\u010b-\u010bomb g\u0127al ka\u010b\u010ba Ewropea versatili. Pre\u010bi\u017ca u effettiva.<\/p>\n","protected":false},"featured_media":55028,"template":"","meta":{"_acf_changed":false},"product_brand":[11347],"product_cat":[1475,1476],"product_tag":[],"class_list":{"0":"post-55027","1":"product","2":"type-product","3":"status-publish","4":"has-post-thumbnail","6":"product_brand-fox-bullets","7":"product_cat-ammunition-mt","8":"product_cat-rifle-ammunition-mt","10":"first","11":"instock","12":"taxable","13":"shipping-taxable","14":"purchasable","15":"product-type-simple"},"acf":[],"_links":{"self":[{"href":"https:\/\/staging.nbg.eu\/mt\/wp-json\/wp\/v2\/product\/55027","targetHints":{"allow":["GET"]}}],"collection":[{"href":"https:\/\/staging.nbg.eu\/mt\/wp-json\/wp\/v2\/product"}],"about":[{"href":"https:\/\/staging.nbg.eu\/mt\/wp-json\/wp\/v2\/types\/product"}],"wp:featuredmedia":[{"embeddable":true,"href":"https:\/\/staging.nbg.eu\/mt\/wp-json\/wp\/v2\/media\/55028"}],"wp:attachment":[{"href":"https:\/\/staging.nbg.eu\/mt\/wp-json\/wp\/v2\/media?parent=55027"}],"wp:term":[{"taxonomy":"product_brand","embeddable":true,"href":"https:\/\/staging.nbg.eu\/mt\/wp-json\/wp\/v2\/product_brand?post=55027"},{"taxonomy":"product_cat","embeddable":true,"href":"https:\/\/staging.nbg.eu\/mt\/wp-json\/wp\/v2\/product_cat?post=55027"},{"taxonomy":"product_tag","embeddable":true,"href":"https:\/\/staging.nbg.eu\/mt\/wp-json\/wp\/v2\/product_tag?post=55027"}],"curies":[{"name":"wp","href":"https:\/\/api.w.org\/{rel}","templated":true}]}}