{"id":547293,"date":"2025-09-05T18:17:28","date_gmt":"2025-09-05T15:17:28","guid":{"rendered":"https:\/\/staging.nbg.eu\/product\/armazone-viper-fts\/"},"modified":"2025-10-01T11:23:56","modified_gmt":"2025-10-01T08:23:56","slug":"mount-arta435-34-34mm","status":"publish","type":"product","link":"https:\/\/staging.nbg.eu\/mt\/product\/mount-arta435-34-34mm\/","title":{"rendered":"Mount ARTA435-34, 34mm"},"content":{"rendered":"<div class=\"product-description\">\n<h2>Adapter Armazone Viper FTS<\/h2>\n<p>L-Adapter Armazone Viper FTS huwa soluzzjoni g\u0127all-immuntar ta&#8217; clip-ons ta&#8217; night vision jew thermal imaging fuq il-ba\u017ci Picatinny jew Weaver tieg\u0127ek. Dan l-adapter joffri:<\/p>\n<ul>\n<li>Tqeg\u0127id ta&#8217; attachments ta&#8217; thermal imaging<\/li>\n<li>Integrazzjoni mal-field of view tal-iskop ta&#8217; matul il-jum<\/li>\n<li>Reazzjonijiet f&#8217;kull sitwazzjoni ta&#8217; sparar<\/li>\n<li>Kompatibbilt\u00e0 ma&#8217; ba\u017cijiet Picatinny u Weaver<\/li>\n<li>Kostruzzjoni b&#8217;sa\u0127\u0127itha g\u0127all-u\u017cu fil-qasam<\/li>\n<\/ul>\n<p>L-Adapter Armazone Viper FTS huwa ma\u0127sub g\u0127al operazzjonijiet tatti\u010bi, ka\u010b\u010ba, jew sparar sportiv. Dan l-adapter jista&#8217; jg\u0127in f&#8217;kundizzjonijiet ta&#8217; dawl baxx.<\/p>\n<\/div>\n","protected":false},"excerpt":{"rendered":"<p>Armazone Viper FTS: Adapter ta&#8217; mmuntar rapidu g\u0127al a\u010b\u010bessorji termali\/vi\u017cjoni ta&#8217; billejl.<\/p>\n","protected":false},"featured_media":499312,"template":"","meta":{"_acf_changed":false},"product_brand":[],"product_cat":[796,2916,2377],"product_tag":[],"class_list":{"0":"post-547293","1":"product","2":"type-product","3":"status-publish","4":"has-post-thumbnail","6":"product_cat-aiming-mt","7":"product_cat-aiming-accessories-mt","8":"product_cat-thermal-mt","10":"first","11":"instock","12":"taxable","13":"shipping-taxable","14":"purchasable","15":"product-type-simple"},"acf":[],"_links":{"self":[{"href":"https:\/\/staging.nbg.eu\/mt\/wp-json\/wp\/v2\/product\/547293","targetHints":{"allow":["GET"]}}],"collection":[{"href":"https:\/\/staging.nbg.eu\/mt\/wp-json\/wp\/v2\/product"}],"about":[{"href":"https:\/\/staging.nbg.eu\/mt\/wp-json\/wp\/v2\/types\/product"}],"wp:featuredmedia":[{"embeddable":true,"href":"https:\/\/staging.nbg.eu\/mt\/wp-json\/wp\/v2\/media\/499312"}],"wp:attachment":[{"href":"https:\/\/staging.nbg.eu\/mt\/wp-json\/wp\/v2\/media?parent=547293"}],"wp:term":[{"taxonomy":"product_brand","embeddable":true,"href":"https:\/\/staging.nbg.eu\/mt\/wp-json\/wp\/v2\/product_brand?post=547293"},{"taxonomy":"product_cat","embeddable":true,"href":"https:\/\/staging.nbg.eu\/mt\/wp-json\/wp\/v2\/product_cat?post=547293"},{"taxonomy":"product_tag","embeddable":true,"href":"https:\/\/staging.nbg.eu\/mt\/wp-json\/wp\/v2\/product_tag?post=547293"}],"curies":[{"name":"wp","href":"https:\/\/api.w.org\/{rel}","templated":true}]}}