{"id":547154,"date":"2025-09-05T18:15:58","date_gmt":"2025-09-05T15:15:58","guid":{"rendered":"https:\/\/staging.nbg.eu\/product\/mount-arta435-34-34mm\/"},"modified":"2025-10-01T11:12:54","modified_gmt":"2025-10-01T08:12:54","slug":"rrs-sc-arc-harris-bipod-adapter-iswed","status":"publish","type":"product","link":"https:\/\/staging.nbg.eu\/mt\/product\/rrs-sc-arc-harris-bipod-adapter-iswed\/","title":{"rendered":"RRS SC-ARC Harris Bipod Adapter Iswed"},"content":{"rendered":"<div class=\"product-description\">\n<h2>XSKEL34TW \u0120enerazzjoni 2 Muntaturi MSR Skeletonizzat Esti\u017c ta&#8217; 34mm<\/h2>\n<p>L-XSKEL34TW \u0120enerazzjoni 2 huwa Muntaturi MSR Skeletonizzat Esti\u017c ta&#8217; 34mm mag\u0127mul g\u0127al xkubetti AR15, AR10 u xkubetti tal-isport b&#8217;rota Picatinny ta&#8217; 2.75&#8243; jew itwal.<\/p>\n<h2>Karatteristi\u010bi Ewlenin:<\/h2>\n<ul>\n<li>G\u0127oli Ideali MSR g\u0127al allinjament<\/li>\n<li>Aktar minn 2 pulzieri ta&#8217; Cantilever &#8216;il quddiem<\/li>\n<li>Inserzjonijiet tal-Azzar g\u0127all-Viti tal-Kappell<\/li>\n<li>Disinn skeletonizzat \u0127afif i\u017cda b&#8217;sa\u0127\u0127tu<\/li>\n<li>Mag\u0127mul minn aluminium 6061 permezz ta&#8217; in\u0121inerija CNC<\/li>\n<li>Disinn ta&#8217; klamp tal-\u0121enb ta&#8217; bi\u010b\u010ba wa\u0127da<\/li>\n<\/ul>\n<p>L-XSKEL34TW huwa mag\u0127mul g\u0127al skopijiet akbar u itqal b&#8217;tubu ta&#8217; 34mm, inklu\u017ci Otti\u010bi Varjabbli ta&#8217; Ener\u0121ija Baxxa u otti\u010bi ta&#8217; Firxa Twila b&#8217;o\u0121\u0121ettivi sa 56mm. Id-disinn tieg\u0127u jqieg\u0127ed l-ottika tieg\u0127ek fl-g\u0127oli u l-po\u017cizzjoni ideali fuq il-pjattaforma AR tieg\u0127ek.<\/p>\n<p>Kompatibbli ma&#8217; AR-15, M-4, SR-25, LR308, PTR-91, u kwalunkwe MSR ie\u0127or b&#8217;rota Picatinny ta&#8217; mill-inqas 3 pulzieri. Huwa wkoll popolari fuq Xkubetti Lever Action Tatti\u010bi.<\/p>\n<p>L-XSKEL34TW MSR\/AR Muntaturi huwa g\u0127a\u017cla g\u0127al sparaturi kompetittivi, u g\u0127al xenarji ta&#8217; kompetizzjonijiet, missjonijiet tatti\u010bi, u ka\u010b\u010ba b&#8217;AR.<\/p>\n<p>L-XSKEL34TW \u0120enerazzjoni 2 Muntaturi MSR Skeletonizzat Esti\u017c ta&#8217; 34mm huwa soluzzjoni g\u0127all-immuntar ta&#8217; otti\u010bi.<\/p>\n<\/div>\n","protected":false},"excerpt":{"rendered":"<p>Muntat \u0127afif u durabbli ta&#8217; 34mm g\u0127all-iskop AR. G\u0127oli ideali, kantilever ta&#8217; 2&#8243;.<\/p>\n","protected":false},"featured_media":499255,"template":"","meta":{"_acf_changed":false},"product_brand":[],"product_cat":[796,2916,2377],"product_tag":[],"class_list":{"0":"post-547154","1":"product","2":"type-product","3":"status-publish","4":"has-post-thumbnail","6":"product_cat-aiming-mt","7":"product_cat-aiming-accessories-mt","8":"product_cat-thermal-mt","10":"first","11":"instock","12":"taxable","13":"shipping-taxable","14":"purchasable","15":"product-type-simple"},"acf":[],"_links":{"self":[{"href":"https:\/\/staging.nbg.eu\/mt\/wp-json\/wp\/v2\/product\/547154","targetHints":{"allow":["GET"]}}],"collection":[{"href":"https:\/\/staging.nbg.eu\/mt\/wp-json\/wp\/v2\/product"}],"about":[{"href":"https:\/\/staging.nbg.eu\/mt\/wp-json\/wp\/v2\/types\/product"}],"wp:featuredmedia":[{"embeddable":true,"href":"https:\/\/staging.nbg.eu\/mt\/wp-json\/wp\/v2\/media\/499255"}],"wp:attachment":[{"href":"https:\/\/staging.nbg.eu\/mt\/wp-json\/wp\/v2\/media?parent=547154"}],"wp:term":[{"taxonomy":"product_brand","embeddable":true,"href":"https:\/\/staging.nbg.eu\/mt\/wp-json\/wp\/v2\/product_brand?post=547154"},{"taxonomy":"product_cat","embeddable":true,"href":"https:\/\/staging.nbg.eu\/mt\/wp-json\/wp\/v2\/product_cat?post=547154"},{"taxonomy":"product_tag","embeddable":true,"href":"https:\/\/staging.nbg.eu\/mt\/wp-json\/wp\/v2\/product_tag?post=547154"}],"curies":[{"name":"wp","href":"https:\/\/api.w.org\/{rel}","templated":true}]}}