{"id":546116,"date":"2025-09-05T18:15:45","date_gmt":"2025-09-05T15:15:45","guid":{"rendered":"https:\/\/staging.nbg.eu\/product\/rrs-sc-arc-harris-bipod-adapter-black\/"},"modified":"2025-10-01T10:58:27","modified_gmt":"2025-10-01T07:58:27","slug":"area-419-diving-board-gal-tactical-one-piece-scope-mount","status":"publish","type":"product","link":"https:\/\/staging.nbg.eu\/mt\/product\/area-419-diving-board-gal-tactical-one-piece-scope-mount\/","title":{"rendered":"AREA 419 DIVING BOARD G\u0126AL TACTICAL ONE PIECE SCOPE MOUNT"},"content":{"rendered":"<div class=\"product-description\">\n<h2>RRS SC-ARC Adapter tal-Bipod Harris Iswed<\/h2>\n<h2>Adapter tal-Bipod Harris<\/h2>\n<p>L-Adapter RRS SC-ARC Harris Bipod jintegra mal-Bipods Harris &#8216;S&#8217; e\u017cistenti tieg\u0127ek, u jipprovdi funzjonalit\u00e0 mtejba u vanta\u0121\u0121i.<\/p>\n<h3>Benefi\u010b\u010bji:<\/h3>\n<ul>\n<li><strong>Bidliet fl-Apparat:<\/strong> Bidla rapida bejn konfigurazzjonijiet.<\/li>\n<li><strong>Appo\u0121\u0121 Aktar Stabbli:<\/strong> Stabbilt\u00e0 u affidabbilt\u00e0 mi\u017cjuda.<\/li>\n<li><strong>Kompatibbilt\u00e0:<\/strong> Ja\u0127dem ma&#8217; klamps RRS b\u0127all-BTC-Pro u SC-ARC.<\/li>\n<\/ul>\n<p>L-Adapter tal-Bipod Harris jg\u0127aqqad is-setup attwali tieg\u0127ek mal-apparat RRS.<\/p>\n<h3>Spe\u010bifikazzjonijiet:<\/h3>\n<table>\n<tr>\n<td><strong>Tul:<\/strong><\/td>\n<td>1.4 pulzieri (35.6 mm)<\/td>\n<\/tr>\n<tr>\n<td><strong>Wisa&#8217;:<\/strong><\/td>\n<td>1.3 pulzieri (33.8 mm)<\/td>\n<\/tr>\n<tr>\n<td><strong>G\u0127oli:<\/strong><\/td>\n<td>1.35 pulzieri (34.3 mm)<\/td>\n<\/tr>\n<tr>\n<td><strong>Pi\u017c:<\/strong><\/td>\n<td>1.2 uqijiet (34.7 g)<\/td>\n<\/tr>\n<\/table>\n<p>L-Adapter RRS SC-ARC Harris Bipod huwa a\u010b\u010bessorju ma\u0127sub biex itejjeb il-funzjonalit\u00e0 tal-Bipods Harris &#8216;S&#8217; tieg\u0127ek, u jipprovdi integrazzjoni ma&#8217; klamps RRS. Dan l-adapter joffri versatilit\u00e0 u stabbilt\u00e0 g\u0127al sparar pre\u010bi\u017c u a\u0121\u0121ustamenti rapidi fil-kamp.<\/p>\n<\/div>\n","protected":false},"excerpt":{"rendered":"<p>\u017bid l-istabbilt\u00e0 u l-versatilit\u00e0 b&#8217;dan l-Adapter tal-Bipod Harris \u0127afif.<\/p>\n","protected":false},"featured_media":499232,"template":"","meta":{"_acf_changed":false},"product_brand":[],"product_cat":[2958,642],"product_tag":[],"class_list":{"0":"post-546116","1":"product","2":"type-product","3":"status-publish","4":"has-post-thumbnail","6":"product_cat-bipods-mt","7":"product_cat-rifle-mt","9":"first","10":"instock","11":"taxable","12":"shipping-taxable","13":"purchasable","14":"product-type-simple"},"acf":[],"_links":{"self":[{"href":"https:\/\/staging.nbg.eu\/mt\/wp-json\/wp\/v2\/product\/546116","targetHints":{"allow":["GET"]}}],"collection":[{"href":"https:\/\/staging.nbg.eu\/mt\/wp-json\/wp\/v2\/product"}],"about":[{"href":"https:\/\/staging.nbg.eu\/mt\/wp-json\/wp\/v2\/types\/product"}],"wp:featuredmedia":[{"embeddable":true,"href":"https:\/\/staging.nbg.eu\/mt\/wp-json\/wp\/v2\/media\/499232"}],"wp:attachment":[{"href":"https:\/\/staging.nbg.eu\/mt\/wp-json\/wp\/v2\/media?parent=546116"}],"wp:term":[{"taxonomy":"product_brand","embeddable":true,"href":"https:\/\/staging.nbg.eu\/mt\/wp-json\/wp\/v2\/product_brand?post=546116"},{"taxonomy":"product_cat","embeddable":true,"href":"https:\/\/staging.nbg.eu\/mt\/wp-json\/wp\/v2\/product_cat?post=546116"},{"taxonomy":"product_tag","embeddable":true,"href":"https:\/\/staging.nbg.eu\/mt\/wp-json\/wp\/v2\/product_tag?post=546116"}],"curies":[{"name":"wp","href":"https:\/\/api.w.org\/{rel}","templated":true}]}}