{"id":545561,"date":"2025-09-05T18:15:43","date_gmt":"2025-09-05T15:15:43","guid":{"rendered":"https:\/\/staging.nbg.eu\/product\/kmr-baseball-cap\/"},"modified":"2025-10-01T10:41:05","modified_gmt":"2025-10-01T07:41:05","slug":"surefire-csp-09-weaponlight-switch","status":"publish","type":"product","link":"https:\/\/staging.nbg.eu\/mt\/product\/surefire-csp-09-weaponlight-switch\/","title":{"rendered":"Surefire CSP-09 WeaponLight Switch"},"content":{"rendered":"<h2>Beritta tal-Bejsbol KMR<\/h2>\n<h2>Referenza: 0380-00501-0000<\/h2>\n<p>Il-Beritta tal-Kompetizzjoni minn KMR Precision Arms. Din il-beritta tal-bejsbol hija ma\u0127suba g\u0127all-kumdit\u00e0 waqt l-isparar. G\u0127andha l-logo ta&#8217; KMR, u hija adattata g\u0127al dawk li jisparaw f&#8217;kompetizzjonijiet u g\u0127all-entu\u017cjasti tal-armi tan-nar. Fiha \u010binga a\u0121\u0121ustabbli biex toqg\u0127od tajjeb, u materjal li j\u0127alli l-arja tg\u0127addi. Din hija a\u010b\u010bessorju ta&#8217; KMR.<\/p>\n","protected":false},"excerpt":{"rendered":"<p>Beritta tal-Bej\u017cbol KMR: Ilbies tar-ras eleganti g\u0127all-kompetizzjoni g\u0127al sparaturi ta&#8217; pre\u010bi\u017cjoni.<\/p>\n","protected":false},"featured_media":499071,"template":"","meta":{"_acf_changed":false},"product_brand":[],"product_cat":[496],"product_tag":[],"class_list":{"0":"post-545561","1":"product","2":"type-product","3":"status-publish","4":"has-post-thumbnail","6":"product_cat-uncategorized-mt","8":"first","9":"instock","10":"taxable","11":"shipping-taxable","12":"purchasable","13":"product-type-simple"},"acf":[],"_links":{"self":[{"href":"https:\/\/staging.nbg.eu\/mt\/wp-json\/wp\/v2\/product\/545561","targetHints":{"allow":["GET"]}}],"collection":[{"href":"https:\/\/staging.nbg.eu\/mt\/wp-json\/wp\/v2\/product"}],"about":[{"href":"https:\/\/staging.nbg.eu\/mt\/wp-json\/wp\/v2\/types\/product"}],"wp:featuredmedia":[{"embeddable":true,"href":"https:\/\/staging.nbg.eu\/mt\/wp-json\/wp\/v2\/media\/499071"}],"wp:attachment":[{"href":"https:\/\/staging.nbg.eu\/mt\/wp-json\/wp\/v2\/media?parent=545561"}],"wp:term":[{"taxonomy":"product_brand","embeddable":true,"href":"https:\/\/staging.nbg.eu\/mt\/wp-json\/wp\/v2\/product_brand?post=545561"},{"taxonomy":"product_cat","embeddable":true,"href":"https:\/\/staging.nbg.eu\/mt\/wp-json\/wp\/v2\/product_cat?post=545561"},{"taxonomy":"product_tag","embeddable":true,"href":"https:\/\/staging.nbg.eu\/mt\/wp-json\/wp\/v2\/product_tag?post=545561"}],"curies":[{"name":"wp","href":"https:\/\/api.w.org\/{rel}","templated":true}]}}