{"id":545377,"date":"2025-09-05T18:15:06","date_gmt":"2025-09-05T15:15:06","guid":{"rendered":"https:\/\/staging.nbg.eu\/product\/surefire-csp-09-weaponlight-switch\/"},"modified":"2025-10-01T10:33:10","modified_gmt":"2025-10-01T07:33:10","slug":"muzzle-break-vanward-pro-break-gal-qd55","status":"publish","type":"product","link":"https:\/\/staging.nbg.eu\/mt\/product\/muzzle-break-vanward-pro-break-gal-qd55\/","title":{"rendered":"Muzzle Break Vanward Pro-Break g\u0127al QD55"},"content":{"rendered":"<div class=\"product-description\">\n<h2>Surefire CSP-09 Switch g\u0127ad-Dawl tal-Arma<\/h2>\n<h2>Switch Remot b&#8217;Immuntar Picatinny g\u0127ad-Dwal tal-Armi<\/h2>\n<p>Is-Surefire CSP-09 Switch g\u0127ad-Dawl tal-Arma huwa switch remot iddisinjat biex jattiva kwalunkwe Dawl tal-Arma SureFire b&#8217;sokit g\u0127as-switch.<\/p>\n<h3>Karatteristi\u010bi Ewlenin:<\/h3>\n<ul>\n<li>Switch b&#8217;funzjoni doppja g\u0127al operazzjoni momentanja u kostanti<\/li>\n<li>Immuntar fa\u010bli mal-linja Picatinny<\/li>\n<li>Disinn li jiffranka l-ispazju<\/li>\n<li>Mag\u0127mul minn polymer re\u017cistenti<\/li>\n<li>Kejbil ta&#8217; 9 pulzieri adattat g\u0127all-bi\u010b\u010ba l-kbira tal-applikazzjonijiet tar-rifle\/karbina<\/li>\n<\/ul>\n<p>Is-CSP-09 jopera billi tag\u0127fas ftit g\u0127al attivazzjoni momentanja jew tikklikkja g\u0127al mod kostanti. Jistallah ming\u0127ajr g\u0127odda u je\u0127el b&#8217;mod sigur mal-linja Picatinny tieg\u0127ek.<\/p>\n<p>Is-Surefire CSP-09 Switch g\u0127ad-Dawl tal-Arma huwa kompatibbli ma&#8217; kull Dawl tal-Arma SureFire b&#8217;sokit g\u0127as-switch.<\/p>\n<\/div>\n","protected":false},"excerpt":{"rendered":"<p>Swi\u010b\u010b remot kompatt g\u0127al SureFire WeaponLights. Munta\u0121\u0121 fa\u010bli ta&#8217; Picatinny.<\/p>\n","protected":false},"featured_media":499048,"template":"","meta":{"_acf_changed":false},"product_brand":[],"product_cat":[1558,1559],"product_tag":[],"class_list":{"0":"post-545377","1":"product","2":"type-product","3":"status-publish","4":"has-post-thumbnail","6":"product_cat-light-accessories-mt","7":"product_cat-lights-mt","9":"first","10":"instock","11":"taxable","12":"shipping-taxable","13":"purchasable","14":"product-type-simple"},"acf":[],"_links":{"self":[{"href":"https:\/\/staging.nbg.eu\/mt\/wp-json\/wp\/v2\/product\/545377","targetHints":{"allow":["GET"]}}],"collection":[{"href":"https:\/\/staging.nbg.eu\/mt\/wp-json\/wp\/v2\/product"}],"about":[{"href":"https:\/\/staging.nbg.eu\/mt\/wp-json\/wp\/v2\/types\/product"}],"wp:featuredmedia":[{"embeddable":true,"href":"https:\/\/staging.nbg.eu\/mt\/wp-json\/wp\/v2\/media\/499048"}],"wp:attachment":[{"href":"https:\/\/staging.nbg.eu\/mt\/wp-json\/wp\/v2\/media?parent=545377"}],"wp:term":[{"taxonomy":"product_brand","embeddable":true,"href":"https:\/\/staging.nbg.eu\/mt\/wp-json\/wp\/v2\/product_brand?post=545377"},{"taxonomy":"product_cat","embeddable":true,"href":"https:\/\/staging.nbg.eu\/mt\/wp-json\/wp\/v2\/product_cat?post=545377"},{"taxonomy":"product_tag","embeddable":true,"href":"https:\/\/staging.nbg.eu\/mt\/wp-json\/wp\/v2\/product_tag?post=545377"}],"curies":[{"name":"wp","href":"https:\/\/api.w.org\/{rel}","templated":true}]}}